{"id":537,"date":"2016-01-05T15:21:43","date_gmt":"2016-01-05T15:21:43","guid":{"rendered":"http:\/\/www.goforgo.hu\/?page_id=537"},"modified":"2019-02-03T15:59:35","modified_gmt":"2019-02-03T15:59:35","slug":"hadak-utjan-sorozat","status":"publish","type":"page","link":"https:\/\/www.goforgo.hu\/index.php\/hadak-utjan-sorozat\/","title":{"rendered":"Hadak \u00datj\u00e1n sorozat"},"content":{"rendered":"<p><img loading=\"lazy\" decoding=\"async\" id=\"irc_mi\" class=\"aligncenter\" src=\"http:\/\/www.ww2incolor.com\/d\/867833-2\/971950_612236842149374_20234444_n\" alt=\"\" width=\"327\" height=\"393\" \/><\/p>\n<h1 style=\"text-align: center;\"><strong>Ezzel a sorozattal els\u0151sorban a m\u00falt sz\u00e1zad hadt\u00f6rt\u00e9nete nyom\u00e1ba ered\u00fcnk, tisztelegve az elesett magyar \u00e9s m\u00e1s nemzetbeli katon\u00e1k, h\u0151s\u00f6k el\u0151tt!<\/strong><\/h1>\n<h2><a href=\"https:\/\/www.goforgo.hu\/wp-content\/uploads\/2016\/01\/don-kanyar.jpg\"><img loading=\"lazy\" decoding=\"async\" class=\"size-full wp-image-975 aligncenter\" src=\"https:\/\/www.goforgo.hu\/wp-content\/uploads\/2016\/01\/don-kanyar.jpg\" alt=\"don kanyar\" width=\"548\" height=\"345\" srcset=\"https:\/\/www.goforgo.hu\/wp-content\/uploads\/2016\/01\/don-kanyar.jpg 548w, https:\/\/www.goforgo.hu\/wp-content\/uploads\/2016\/01\/don-kanyar-300x189.jpg 300w\" sizes=\"auto, (max-width: 548px) 100vw, 548px\" \/><\/a><\/h2>\n<h2 style=\"text-align: center;\">\u201cHadak \u00datj\u00e1n\u201d T\u00f6rt\u00e9nelmi eml\u00e9kt\u00fara:<\/h2>\n<h2 style=\"text-align: center;\">Salzburg \u00e9s k\u00f6rny\u00e9ke<\/h2>\n<p><img loading=\"lazy\" decoding=\"async\" class=\"alignnone wp-image-3240 aligncenter\" src=\"https:\/\/www.goforgo.hu\/wp-content\/uploads\/2017\/03\/informationen-wandermoeglichkeiten-05-kehlsteinhaus-1024x680.jpg\" alt=\"informationen-wandermoeglichkeiten-05-kehlsteinhaus\" width=\"602\" height=\"400\" \/><\/p>\n<h2 style=\"text-align: center;\">\u201cHadak \u00datj\u00e1n\u201d T\u00f6rt\u00e9nelmi eml\u00e9kt\u00fara:<\/h2>\n<h2 style=\"text-align: center;\">Eml\u00e9k\u00fat az Isonz\u00f3ment\u00e9n<\/h2>\n<p><a href=\"https:\/\/www.goforgo.hu\/index.php\/hadak-utjan-tortenelmi-emlektura-emlekut-az-isonzo-menten\/\" rel=\"attachment wp-att-3137\"><img loading=\"lazy\" decoding=\"async\" class=\" wp-image-3137 aligncenter\" src=\"https:\/\/www.goforgo.hu\/wp-content\/uploads\/2016\/01\/isonzo1.jpg\" alt=\"isonzo1\" width=\"608\" height=\"352\" srcset=\"https:\/\/www.goforgo.hu\/wp-content\/uploads\/2016\/01\/isonzo1.jpg 536w, https:\/\/www.goforgo.hu\/wp-content\/uploads\/2016\/01\/isonzo1-300x174.jpg 300w\" sizes=\"auto, (max-width: 608px) 100vw, 608px\" \/><\/a><\/p>\n<p>&nbsp;<\/p>\n<h2 style=\"text-align: center;\">\u201cHadak \u00datj\u00e1n\u201d T\u00f6rt\u00e9nelmi eml\u00e9kt\u00fara:<\/h2>\n<h2 style=\"text-align: center;\"><a href=\"https:\/\/www.goforgo.hu\/index.php\/hadak-utjan-tortenelmi-emlektura-berlin-peenemunde-sassnitz-prora\/\">Berlin \u2013 Peenem\u00fcnde \u2013 Sassnitz \u2013 Prora<\/a><\/h2>\n<p>&nbsp;<\/p>\n<h2><img loading=\"lazy\" decoding=\"async\" class=\"wp-image-3138 aligncenter\" src=\"https:\/\/www.goforgo.hu\/wp-content\/uploads\/2016\/01\/Peenemunden1-1024x768.jpg\" alt=\"Peenemunden1\" width=\"603\" height=\"452\" \/><\/h2>\n<h2 style=\"text-align: center;\">\u201cHadak \u00datj\u00e1n\u201d<\/h2>\n<h2 style=\"text-align: center;\">Valk\u00f3v\u00e1r &#8211; Szentl\u00e1szl\u00f3 &#8211; Esz\u00e9k<\/h2>\n<p><a href=\"https:\/\/www.goforgo.hu\/index.php\/hadak-utjan-sorozat\/vukovar_2_974907_57708\/\" rel=\"attachment wp-att-3139\"><img loading=\"lazy\" decoding=\"async\" class=\"wp-image-3139 aligncenter\" src=\"https:\/\/www.goforgo.hu\/wp-content\/uploads\/2016\/01\/vukovar_2_974907_57708-1024x686.jpg\" alt=\"vukovar_2_974907_57708\" width=\"600\" height=\"402\" \/><\/a><\/p>\n","protected":false},"excerpt":{"rendered":"<p>Ezzel a sorozattal els\u0151sorban a m\u00falt sz\u00e1zad hadt\u00f6rt\u00e9nete nyom\u00e1ba ered\u00fcnk, tisztelegve az elesett magyar \u00e9s m\u00e1s nemzetbeli katon\u00e1k, h\u0151s\u00f6k el\u0151tt! \u201cHadak \u00datj\u00e1n\u201d T\u00f6rt\u00e9nelmi eml\u00e9kt\u00fara: Salzburg \u00e9s k\u00f6rny\u00e9ke \u201cHadak \u00datj\u00e1n\u201d T\u00f6rt\u00e9nelmi eml\u00e9kt\u00fara: Eml\u00e9k\u00fat az Isonz\u00f3ment\u00e9n &nbsp; \u201cHadak \u00datj\u00e1n\u201d T\u00f6rt\u00e9nelmi eml\u00e9kt\u00fara: Berlin \u2013 Peenem\u00fcnde \u2013 Sassnitz \u2013 Prora &nbsp; \u201cHadak \u00datj\u00e1n\u201d Valk\u00f3v\u00e1r &#8211; Szentl\u00e1szl\u00f3 &#8211; Esz\u00e9k<\/p>\n","protected":false},"author":1,"featured_media":0,"parent":0,"menu_order":0,"comment_status":"closed","ping_status":"closed","template":"","meta":{"footnotes":""},"class_list":["post-537","page","type-page","status-publish","hentry"],"_links":{"self":[{"href":"https:\/\/www.goforgo.hu\/index.php\/wp-json\/wp\/v2\/pages\/537","targetHints":{"allow":["GET"]}}],"collection":[{"href":"https:\/\/www.goforgo.hu\/index.php\/wp-json\/wp\/v2\/pages"}],"about":[{"href":"https:\/\/www.goforgo.hu\/index.php\/wp-json\/wp\/v2\/types\/page"}],"author":[{"embeddable":true,"href":"https:\/\/www.goforgo.hu\/index.php\/wp-json\/wp\/v2\/users\/1"}],"replies":[{"embeddable":true,"href":"https:\/\/www.goforgo.hu\/index.php\/wp-json\/wp\/v2\/comments?post=537"}],"version-history":[{"count":22,"href":"https:\/\/www.goforgo.hu\/index.php\/wp-json\/wp\/v2\/pages\/537\/revisions"}],"predecessor-version":[{"id":4699,"href":"https:\/\/www.goforgo.hu\/index.php\/wp-json\/wp\/v2\/pages\/537\/revisions\/4699"}],"wp:attachment":[{"href":"https:\/\/www.goforgo.hu\/index.php\/wp-json\/wp\/v2\/media?parent=537"}],"curies":[{"name":"wp","href":"https:\/\/api.w.org\/{rel}","templated":true}]}}