{"id":5587,"date":"2020-07-25T16:54:32","date_gmt":"2020-07-25T16:54:32","guid":{"rendered":"http:\/\/www.goforgo.hu\/?page_id=5587"},"modified":"2020-07-25T17:10:07","modified_gmt":"2020-07-25T17:10:07","slug":"delvideki-szilveszter","status":"publish","type":"page","link":"https:\/\/www.goforgo.hu\/index.php\/delvideki-szilveszter\/","title":{"rendered":"D\u00e9lvid\u00e9ki szilveszter"},"content":{"rendered":"\n<div class=\"wp-block-image\"><figure class=\"aligncenter size-large\"><img loading=\"lazy\" decoding=\"async\" width=\"280\" height=\"217\" src=\"https:\/\/www.goforgo.hu\/wp-content\/uploads\/2020\/07\/szilveszter-csomag4.png\" alt=\"\" class=\"wp-image-5589\"\/><\/figure><\/div>\n\n\n<p>Id\u0151pont:  2020.12.29\u2013 2021.01.01.<br>\nPoz.sz\u00e1m:  20\/SZD\/0<br>\n\u00datvonal: Budapest \u2013 Szabadka \u2013 Palics \u2013 Cs\u00farog \u2013 Nagybecskerek \u2013 Tiszai haj\u00f3z\u00e1s \u2013 \u00dajvid\u00e9k \u2013 P\u00e9terv\u00e1rad \u2013 Zenta \u2013&nbsp; Budapest<br>\nUtaz\u00e1s:a csoportl\u00e9tsz\u00e1mnak megfelel\u0151 aut\u00f3busszal<br>\nEll\u00e1t\u00e1s:  f\u00e9lpanzi\u00f3 + szilveszteri vacsora<br>\nSz\u00e1ll\u00e1s, elhelyez\u00e9s : 3 \u00e9jszaka T\u00f3thfaluban vend\u00e9gszeret\u0151, magyar csal\u00e1dokn\u00e1l, 2-3 \u00e1gyas szob\u00e1kban, f\u00fcrd\u0151szobahaszn\u00e1lattal<br>\nId\u0151tartam:  4 nap \/ 3 \u00e9jszaka<br>\nIdegenvezet\u00e9s v\u00e9gig az az aut\u00f3buszon<\/p>\n\n\n<p><strong>1 nap.<\/strong> Reggeli \u00f3r\u00e1kban indul\u00e1s Budapestr\u0151l. Els\u0151 meg\u00e1ll\u00f3nk D\u00e9lvid\u00e9k szecesszi\u00f3s f\u0151v\u00e1rosa: Szabadka. Megtekintj\u00fck a v\u00e1rosk\u00f6zpontot, v\u00e1rosh\u00e1z\u00e1t, Kosztol\u00e1nyi eml\u00e9keket. L\u00e1togat\u00e1s a legend\u00e1s h\u00edr\u0171 szabadkai piacon. R\u00f6vid s\u00e9ta az egykori f\u00e9nyes f\u00fcrd\u0151v\u00e1ros, Palics t\u00f3parti szecesszi\u00f3s s\u00e9t\u00e1ny\u00e1n. Este sz\u00e1ll\u00e1s T\u00f3thfaluban. Vacsora, majd bork\u00f3stol\u00f3, Mauer Oszk\u00e1r boraib\u00f3l, aki elnyerte a K\u00e1rp\u00e1t-medence Bor\u00e1szok-\u00c1sza c\u00edmet kiv\u00e1l\u00f3 szer\u00e9ms\u00e9gi boraival.<\/p>\n\n\n\n<p><strong>2. nap.<\/strong> Kir\u00e1ndul\u00e1s a Tisza ment\u00e9n. El\u0151sz\u00f6r a cs\u00farogi \u201944-es eml\u00e9km\u0171n\u00e9l tessz\u00fck tisztelet\u00fcnket, amit 2012-ben k\u00f6z\u00f6sen avatott fel a magyar \u00e9s a szerb eln\u00f6k. Majd indul\u00e1s tov\u00e1bb Nagybecskerekre, az egykori Toront\u00e1l v\u00e1rmegye sz\u00e9khely\u00e9re, ahol az egykori v\u00e1rmegyeh\u00e1z\u00e1t tekintj\u00fck meg, \u00e9s a b\u00e1ns\u00e1gi katolikus p\u00fcsp\u00f6ki palot\u00e1t, valamint a katedr\u00e1list. \u00d3becs\u00e9n megn\u00e9zz\u00fck a Ferenc-csatorna torkolat\u00e1t a Tisz\u00e1ba, a T\u00fcrr zsilipeket. Kultur\u00e1lis m\u0171sor T\u00f3thfaluban. Vacsora, sz\u00e1ll\u00e1s T\u00f3thfaluban..<\/p>\n\n\n\n<p> <strong>3. nap.<\/strong>  Szer\u00e9ms\u00e9gi kir\u00e1ndul\u00e1s a Duna Tisza\u00a0 \u00f6sszefoly\u00e1s\u00e1hoz, Szal\u00e1nkem\u00e9nhez. Fakultat\u00edv forralt boroz\u00e1s, majd j\u00f3 id\u0151 eset\u00e9n haj\u00f3k\u00e1z\u00e1s a torkolatban, majd ism\u00e9t forralt boroz\u00e1s egy Duna parti vend\u00e9gl\u0151ben. P\u00e9terv\u00e1radon tesz\u00fcnk l\u00e1togat\u00e1st, ahol Eur\u00f3pa legnagyobb er\u0151d\u00edtm\u00e9ny\u00e9t tekintj\u00fck meg, a ford\u00edtott \u00f3r\u00e1val. R\u00f6vid \u00fajvid\u00e9ki s\u00e9ta, majd \u00e9rkez\u00e9s T\u00f3thfaluba, ahol k\u00e9sz\u00fcl\u0151d\u00fcnk az esti b\u00e1lra, ahol korl\u00e1tlan \u00e9tel- \u00e9s italfogyaszt\u00e1s mellett az Aranykal\u00e1sz Egy\u00fcttes sz\u00f3rakoztatja a vend\u00e9geket. <strong>Szilveszteri men\u00fc:<\/strong>s\u00f3s s\u00fctem\u00e9ny, leg\u00e9nyfog\u00f3 raguleves, vegyes s\u00fcltek: Tisza szelet, r\u00e1ntott szelet, malac s\u00fclt, Marco Polo, tarka vagdalt K\u00f6retek: mil\u00e1n\u00f3i krumpli sal\u00e1ta, gombam\u00e1rt\u00e1s B\u00f6zsi m\u00f3dra S\u00fcti: geszteny\u00e9s szelet Hajnali ter\u00edt\u00e9s: t\u00f6lt\u00f6tt k\u00e1poszta bunyev\u00e1c m\u00f3dra 4 f\u0151re 1 pezsg\u0151. Italok: szilva p\u00e1linka, pelinkov\u00e1c (unicum szer\u0171 helyi italk\u00fcl\u00f6nlegess\u00e9g), \u00fcd\u00edt\u0151k, s\u00f6r\u00f6k, borok. A vend\u00e9geket gazdag tombola v\u00e1rja! \u00c9jf\u00e9lkor magyar himnusz.<\/p>\n\n\n\n<p><strong>4. nap. <\/strong>K\u00e9sei reggeli ut\u00e1n T\u00f3thfalu nevezetess\u00e9geit tekintj\u00fck meg (templom, t\u00e1jh\u00e1z, szoborpark), majd ir\u00e1ny Zenta, ahol a zentai csata eml\u00e9km\u0171v\u00e9t \u00e9s a v\u00e1ros egy\u00e9b l\u00e1tnival\u00f3it n\u00e9zz\u00fck meg. Lehet\u0151s\u00e9g ad\u00f3dik fakultat\u00edv eb\u00e9dre k\u00f6rny\u00e9k \u00a0legjobb \u00e9tterm\u00e9ben, majd ir\u00e1ny a r\u00f6szkei hat\u00e1r\u00e1tl\u00e9p\u0151.\u00a0\u00a0<\/p>\n\n\n\n<p class=\"has-text-align-center has-large-font-size\"><strong>R\u00e9szv\u00e9teli d\u00edj: 62 500 Ft\/f\u0151<\/strong><strong><\/strong><\/p>\n\n\n\n<p><strong>A r\u00e9szv\u00e9teli d\u00edj tartalmazza:<\/strong> a buszos utaz\u00e1s \u00f6sszes k\u00f6lts\u00e9geit, a 3 \u00e9jszakai\nsz\u00e1ll\u00e1st, f\u00e9lpanzi\u00f3s ell\u00e1t\u00e1ssal, a szilveszteri vacsor\u00e1t korl\u00e1tlan\nfogyaszt\u00e1ssal \u00e9s hajnali ter\u00edt\u00e9ssel, a kultur\u00e1lis m\u0171sort \u00e9s a csoportk\u00eds\u00e9r\u00e9st<\/p>\n\n\n\n<p><strong>A\nr\u00e9szv\u00e9teli d\u00edj nem tartalmazza:<\/strong> a\nbel\u00e9p\u0151jegyeket (kb 3 \u20ac) \u00e9s a baleset-, betegs\u00e9g-, poggy\u00e1szbiztos\u00edt\u00e1st (500\nFt\/f\u0151\/nap, csoportosan)<\/p>\n\n\n\n<p>a bork\u00f3stol\u00e1st: 6 \u20ac, a haj\u00f3k\u00e1z\u00e1st: 6 \u20ac<\/p>\n\n\n\n<p><strong>\u00c1rainkat\n355 Ft = 1 \u20ac \u00e1rfolyamig tudjuk garant\u00e1lni! Az utaz\u00e1s minimum 30 f\u0151 fizet\u0151 utas\nr\u00e9szv\u00e9tele eset\u00e9n indul.<\/strong><strong><\/strong><\/p>\n","protected":false},"excerpt":{"rendered":"<p>Id\u0151pont: 2020.12.29\u2013 2021.01.01. Poz.sz\u00e1m: 20\/SZD\/0 \u00datvonal: Budapest \u2013 Szabadka \u2013 Palics \u2013 Cs\u00farog \u2013 Nagybecskerek \u2013 Tiszai haj\u00f3z\u00e1s \u2013 \u00dajvid\u00e9k \u2013 P\u00e9terv\u00e1rad \u2013 Zenta \u2013&nbsp; Budapest Utaz\u00e1s:a csoportl\u00e9tsz\u00e1mnak megfelel\u0151 aut\u00f3busszal Ell\u00e1t\u00e1s: f\u00e9lpanzi\u00f3 + szilveszteri vacsora Sz\u00e1ll\u00e1s, elhelyez\u00e9s : 3 \u00e9jszaka T\u00f3thfaluban vend\u00e9gszeret\u0151, magyar csal\u00e1dokn\u00e1l, 2-3 \u00e1gyas szob\u00e1kban, f\u00fcrd\u0151szobahaszn\u00e1lattal Id\u0151tartam: 4 nap \/ 3 \u00e9jszaka Idegenvezet\u00e9s v\u00e9gig az az aut\u00f3buszon 1 nap. Reggeli \u00f3r\u00e1kban indul\u00e1s Budapestr\u0151l. Els\u0151 meg\u00e1ll\u00f3nk D\u00e9lvid\u00e9k szecesszi\u00f3s f\u0151v\u00e1rosa: Szabadka. Megtekintj\u00fck a v\u00e1rosk\u00f6zpontot, v\u00e1rosh\u00e1z\u00e1t, Kosztol\u00e1nyi eml\u00e9keket. L\u00e1togat\u00e1s a legend\u00e1s h\u00edr\u0171 szabadkai piacon. R\u00f6vid s\u00e9ta az egykori f\u00e9nyes f\u00fcrd\u0151v\u00e1ros, Palics t\u00f3parti szecesszi\u00f3s s\u00e9t\u00e1ny\u00e1n. Este sz\u00e1ll\u00e1s T\u00f3thfaluban. Vacsora, majd bork\u00f3stol\u00f3, Mauer Oszk\u00e1r boraib\u00f3l, aki elnyerte a K\u00e1rp\u00e1t-medence Bor\u00e1szok-\u00c1sza c\u00edmet kiv\u00e1l\u00f3 szer\u00e9ms\u00e9gi boraival. 2. nap. Kir\u00e1ndul\u00e1s a Tisza ment\u00e9n. El\u0151sz\u00f6r a cs\u00farogi \u201944-es eml\u00e9km\u0171n\u00e9l tessz\u00fck tisztelet\u00fcnket, amit 2012-ben k\u00f6z\u00f6sen avatott fel a magyar \u00e9s a szerb eln\u00f6k. Majd indul\u00e1s tov\u00e1bb Nagybecskerekre, az egykori Toront\u00e1l v\u00e1rmegye sz\u00e9khely\u00e9re, ahol az egykori v\u00e1rmegyeh\u00e1z\u00e1t tekintj\u00fck meg, \u00e9s a b\u00e1ns\u00e1gi katolikus p\u00fcsp\u00f6ki palot\u00e1t, valamint a katedr\u00e1list. \u00d3becs\u00e9n megn\u00e9zz\u00fck a Ferenc-csatorna torkolat\u00e1t a Tisz\u00e1ba, a T\u00fcrr zsilipeket. Kultur\u00e1lis m\u0171sor T\u00f3thfaluban. Vacsora, sz\u00e1ll\u00e1s T\u00f3thfaluban.. 3. nap. Szer\u00e9ms\u00e9gi kir\u00e1ndul\u00e1s a Duna Tisza\u00a0 \u00f6sszefoly\u00e1s\u00e1hoz, Szal\u00e1nkem\u00e9nhez. Fakultat\u00edv forralt boroz\u00e1s, majd j\u00f3 id\u0151 eset\u00e9n haj\u00f3k\u00e1z\u00e1s a torkolatban, majd ism\u00e9t forralt boroz\u00e1s egy Duna parti vend\u00e9gl\u0151ben. P\u00e9terv\u00e1radon tesz\u00fcnk l\u00e1togat\u00e1st, ahol Eur\u00f3pa legnagyobb er\u0151d\u00edtm\u00e9ny\u00e9t tekintj\u00fck meg, a ford\u00edtott \u00f3r\u00e1val. R\u00f6vid \u00fajvid\u00e9ki s\u00e9ta, majd \u00e9rkez\u00e9s T\u00f3thfaluba, ahol k\u00e9sz\u00fcl\u0151d\u00fcnk az esti b\u00e1lra, ahol korl\u00e1tlan \u00e9tel- \u00e9s italfogyaszt\u00e1s mellett az Aranykal\u00e1sz Egy\u00fcttes sz\u00f3rakoztatja a vend\u00e9geket. Szilveszteri men\u00fc:s\u00f3s s\u00fctem\u00e9ny, leg\u00e9nyfog\u00f3 raguleves, vegyes s\u00fcltek: Tisza szelet, r\u00e1ntott szelet, malac s\u00fclt, Marco Polo, tarka vagdalt K\u00f6retek: mil\u00e1n\u00f3i krumpli sal\u00e1ta, gombam\u00e1rt\u00e1s B\u00f6zsi m\u00f3dra S\u00fcti: geszteny\u00e9s szelet Hajnali ter\u00edt\u00e9s: t\u00f6lt\u00f6tt k\u00e1poszta bunyev\u00e1c m\u00f3dra 4 f\u0151re 1 pezsg\u0151. Italok: szilva p\u00e1linka, pelinkov\u00e1c (unicum szer\u0171 helyi italk\u00fcl\u00f6nlegess\u00e9g), \u00fcd\u00edt\u0151k, s\u00f6r\u00f6k, borok. A vend\u00e9geket gazdag tombola v\u00e1rja! \u00c9jf\u00e9lkor magyar himnusz. 4. nap. K\u00e9sei reggeli ut\u00e1n T\u00f3thfalu nevezetess\u00e9geit tekintj\u00fck meg (templom, t\u00e1jh\u00e1z, szoborpark), majd ir\u00e1ny Zenta, ahol a zentai csata eml\u00e9km\u0171v\u00e9t \u00e9s a v\u00e1ros egy\u00e9b l\u00e1tnival\u00f3it n\u00e9zz\u00fck meg. Lehet\u0151s\u00e9g ad\u00f3dik fakultat\u00edv eb\u00e9dre k\u00f6rny\u00e9k \u00a0legjobb \u00e9tterm\u00e9ben, majd ir\u00e1ny a r\u00f6szkei hat\u00e1r\u00e1tl\u00e9p\u0151.\u00a0\u00a0 R\u00e9szv\u00e9teli d\u00edj: 62 500 Ft\/f\u0151 A r\u00e9szv\u00e9teli d\u00edj tartalmazza: a buszos utaz\u00e1s \u00f6sszes k\u00f6lts\u00e9geit, a 3 \u00e9jszakai sz\u00e1ll\u00e1st, f\u00e9lpanzi\u00f3s ell\u00e1t\u00e1ssal, a szilveszteri vacsor\u00e1t korl\u00e1tlan fogyaszt\u00e1ssal \u00e9s hajnali ter\u00edt\u00e9ssel, a kultur\u00e1lis m\u0171sort \u00e9s a csoportk\u00eds\u00e9r\u00e9st A r\u00e9szv\u00e9teli d\u00edj nem tartalmazza: a bel\u00e9p\u0151jegyeket (kb 3 \u20ac) \u00e9s a baleset-, betegs\u00e9g-, poggy\u00e1szbiztos\u00edt\u00e1st (500 Ft\/f\u0151\/nap, csoportosan) a bork\u00f3stol\u00e1st: 6 \u20ac, a haj\u00f3k\u00e1z\u00e1st: 6 \u20ac \u00c1rainkat 355 Ft = 1 \u20ac \u00e1rfolyamig tudjuk garant\u00e1lni! Az utaz\u00e1s minimum 30 f\u0151 fizet\u0151 utas r\u00e9szv\u00e9tele eset\u00e9n indul.<\/p>\n","protected":false},"author":1,"featured_media":0,"parent":0,"menu_order":0,"comment_status":"closed","ping_status":"closed","template":"","meta":{"footnotes":""},"class_list":["post-5587","page","type-page","status-publish","hentry"],"_links":{"self":[{"href":"https:\/\/www.goforgo.hu\/index.php\/wp-json\/wp\/v2\/pages\/5587","targetHints":{"allow":["GET"]}}],"collection":[{"href":"https:\/\/www.goforgo.hu\/index.php\/wp-json\/wp\/v2\/pages"}],"about":[{"href":"https:\/\/www.goforgo.hu\/index.php\/wp-json\/wp\/v2\/types\/page"}],"author":[{"embeddable":true,"href":"https:\/\/www.goforgo.hu\/index.php\/wp-json\/wp\/v2\/users\/1"}],"replies":[{"embeddable":true,"href":"https:\/\/www.goforgo.hu\/index.php\/wp-json\/wp\/v2\/comments?post=5587"}],"version-history":[{"count":2,"href":"https:\/\/www.goforgo.hu\/index.php\/wp-json\/wp\/v2\/pages\/5587\/revisions"}],"predecessor-version":[{"id":5590,"href":"https:\/\/www.goforgo.hu\/index.php\/wp-json\/wp\/v2\/pages\/5587\/revisions\/5590"}],"wp:attachment":[{"href":"https:\/\/www.goforgo.hu\/index.php\/wp-json\/wp\/v2\/media?parent=5587"}],"curies":[{"name":"wp","href":"https:\/\/api.w.org\/{rel}","templated":true}]}}