{"id":5625,"date":"2020-08-13T13:03:46","date_gmt":"2020-08-13T13:03:46","guid":{"rendered":"http:\/\/www.goforgo.hu\/?page_id=5625"},"modified":"2020-08-13T13:06:38","modified_gmt":"2020-08-13T13:06:38","slug":"kirandulas-a-meses-bajmoci-varkastelyhoz","status":"publish","type":"page","link":"https:\/\/www.goforgo.hu\/index.php\/kirandulas-a-meses-bajmoci-varkastelyhoz\/","title":{"rendered":"Kir\u00e1ndul\u00e1s a mes\u00e9s bajm\u00f3ci v\u00e1rkast\u00e9lyhoz"},"content":{"rendered":"\n<p>Francia,  Loire-v\u00f6lgyi hangulat b\u00fajik meg abban a p\u00e1r ezres v\u00e1rosban, ami hozz\u00e1nk  igen k\u00f6zel, eg\u00e9sz pontosan Felvid\u00e9ken van. Szeptemberi kir\u00e1ndul\u00e1sunkon a  c\u00e9l\u00e1llom\u00e1s Bajm\u00f3c mes\u00e9s v\u00e1rkast\u00e9lya, egy 30 m\u00e9ter magas spir\u00e1l kil\u00e1t\u00f3  \u00e9s t\u00fcnem\u00e9nyes \u00e1llatok v\u00e1rj\u00e1k a vel\u00fcnk kir\u00e1ndul\u00f3kat.   <\/p>\n\n\n\n<figure class=\"wp-block-image size-large is-style-default\"><img loading=\"lazy\" decoding=\"async\" width=\"600\" height=\"450\" src=\"https:\/\/www.goforgo.hu\/wp-content\/uploads\/2020\/08\/bajm\u00f3c-3.jpg\" alt=\"\" class=\"wp-image-5628\" srcset=\"https:\/\/www.goforgo.hu\/wp-content\/uploads\/2020\/08\/bajm\u00f3c-3.jpg 600w, https:\/\/www.goforgo.hu\/wp-content\/uploads\/2020\/08\/bajm\u00f3c-3-300x225.jpg 300w\" sizes=\"auto, (max-width: 600px) 100vw, 600px\" \/><\/figure>\n\n\n\n<p>A  Nyitra foly\u00f3 partj\u00e1n fekv\u0151 Bajm\u00f3c v\u00e1ros vezet\u00e9se csod\u00e1latos m\u00f3don  meg\u0151rizte a P\u00e1lffy  csal\u00e1d \u00f6r\u00f6ks\u00e9g\u00e9t, a v\u00e1rkast\u00e9lyt. A v\u00e1rkast\u00e9ly  mellett azonban m\u00e1s k\u00fcl\u00f6nleges l\u00e1tnival\u00f3t is tartogat nek\u00fcnk a v\u00e1ros,  alig kell ezek felkeres\u00e9s\u00e9hez p\u00e1r kilom\u00e9tern\u00e9l messzebb menn\u00fcnk.  Bajm\u00f3con annyira kellemesen el lehet t\u00f6lteni egy napot, hogy az ember  egy percig nem \u00e9rzi azt, hogy unatkozna! <\/p>\n\n\n\n<figure class=\"wp-block-image size-large is-style-default\"><img loading=\"lazy\" decoding=\"async\" width=\"640\" height=\"434\" src=\"https:\/\/www.goforgo.hu\/wp-content\/uploads\/2020\/08\/bajm\u00f3c-9.jpg\" alt=\"\" class=\"wp-image-5629\" srcset=\"https:\/\/www.goforgo.hu\/wp-content\/uploads\/2020\/08\/bajm\u00f3c-9.jpg 640w, https:\/\/www.goforgo.hu\/wp-content\/uploads\/2020\/08\/bajm\u00f3c-9-300x203.jpg 300w\" sizes=\"auto, (max-width: 640px) 100vw, 640px\" \/><\/figure>\n\n\n\n<p>J\u00f3 h\u00edr az utazni szeret\u0151 csal\u00e1doknak,hogy gyerekek sz\u00e1m\u00e1ra is tartogat  Bajm\u00f3c olyan l\u00e1tnival\u00f3kat, ami a figyelm\u00fcket lek\u00f6ti. Egysz\u00f3val kiv\u00e1l\u00f3  kir\u00e1ndul\u00f3helysz\u00edn ak\u00e1r csal\u00e1doknak is! <\/p>\n\n\n\n<p>UTAZ\u00c1S R\u00c9SZLETEI<br> <br> Id\u0151pont : 2020.09.19. szombat <br> Indul\u00e1s: 05:30-kor Budapest, N\u00e9pliget, Planet\u00e1rium<br> \u00c9rkez\u00e9s Bajm\u00f3cra reggeli \u00f3r\u00e1kban<br> <br><\/p>\n\n\n\n<p>1 NAPOS KIR\u00c1NDUL\u00c1S PROGRAMJA<br> <br> Meg\u00e9rkez\u00e9st k\u00f6vet\u0151en a V\u00e1rkast\u00e9ly l\u00e1togat\u00e1s\u00e1val ind\u00edtjuk napunkat. A  v\u00e1rkast\u00e9lyban m\u00fazeum m\u0171k\u00f6dik, illetve a v\u00e1rkast\u00e9ly alatt l\u00e9v\u0151 barlangba  is le lehet l\u00e1togatni. A barlangot nem mondan\u00e1nk \u00f3ri\u00e1sinak.  K\u00fcl\u00f6nlegess\u00e9ge ink\u00e1bb abban rejlik, hogy a v\u00e1r szob\u00e1ja alatt kell  elk\u00e9pzeln\u00fcnk azt a 22 m\u00e9ter \u00e1tm\u00e9r\u0151j\u0171 \u00e9s 6 m\u00e9ter magas &#8222;\u00fcreget&#8221;, ami  bajm\u00f3ci v\u00e1r-barlangk\u00e9nt emlegetnek. <\/p>\n\n\n\n<p>A v\u00e1rkast\u00e9lyban \u00e9s a kertben tett s\u00e9ta ut\u00e1n Bajm\u00f3c m\u00e1sik nevezetess\u00e9g\u00e9t  l\u00e1togatjuk meg. A v\u00e1ros nagyon j\u00f3l felismerte, hogy a bajm\u00f3ci v\u00e1rkast\u00e9ly  mell\u00e9 sz\u00fcks\u00e9ges, hogy m\u00e9g valami k\u00fcl\u00f6nlegess\u00e9ggel tarts\u00e1k fogva az ide  l\u00e1togat\u00f3 turist\u00e1kat, \u00edgy \u00e9p\u00fclt meg az a KIL\u00c1T\u00d3TORONY, ami a kast\u00e9lyt\u00f3l  10-15 perc k\u00f6nny\u0171 s\u00e9t\u00e1ra tal\u00e1lhat\u00f3. A kil\u00e1t\u00f3torony 30 m\u00e9ter magass\u00e1gig  vezet fel minket a f\u00e1k f\u00f6l\u00e9, ahonnan a messzi t\u00e1volt k\u00e9mlelhetj\u00fck \u00e9s  ben\u00e9zhet\u00fcnk a f\u00e1k f\u00f6l\u00e9. <\/p>\n\n\n\n<p>A kil\u00e1t\u00f3toronyb\u00f3l les\u00e9t\u00e1lva a nap h\u00e1tral\u00e9v\u0151 r\u00e9sz\u00e9ben 2 program k\u00f6z\u00fcl  v\u00e1logathatunk. A helyi \u00e9tteremben a csoport r\u00e9sz\u00e9re helyet foglaltunk \u00e9s  itt elfogyaszthatjuk k\u00e9sei eb\u00e9d\u00fcnket vagy korai vacsor\u00e1nkat illetve,  aki nem szeretne \u00e9tkezni, annak a d\u00e9lut\u00e1n h\u00e1tral\u00e9v\u0151 r\u00e9sz\u00e9re figyelm\u00e9be  aj\u00e1nljuk m\u00e9g Bajm\u00f3c \u00e1llatkertj\u00e9t, ami Szlov\u00e1kia egyik legr\u00e9gebbi  \u00e1llatkertje. Azon t\u00fal, hogy m\u00e1r t\u00f6bb mint 65 \u00e9ve m\u0171k\u00f6dik az\u00e9rt is  k\u00fcl\u00f6nleges, mert majd 400 \u00e1llatfaj \u00e9l az \u00e1llatkert 41 hekt\u00e1ros  ter\u00fclet\u00e9n. <\/p>\n\n\n\n<figure class=\"wp-block-table\"><table class=\"\"><tbody><tr><td>INDUL\u00c1S \/ PROGRAM KEZDETE<\/td><td>2020.09.19. &#8211; reggeli \u00f3r\u00e1kban<\/td><\/tr><tr><td>\u00c9RKEZ\u00c9S \/ PROGRAM V\u00c9GE<\/td><td>2020.09.19. &#8211; k\u00e9s\u0151 esti \u00f3r\u00e1kban<\/td><\/tr><tr><td>UTAZ\u00c1S \/ S\u00c9TA ID\u0150TARTAMA<\/td><td>1 nap<\/td><\/tr><tr><td>CSATLAKOZ\u00c1SI PONTOK<\/td><td>M5, M3 \u00e9s M1 vonal\u00e1n transzfer lehet\u0151s\u00e9ggel (egyeztetve!!!)<\/td><\/tr><tr><td>ELL\u00c1T\u00c1S<\/td><td>\u00f6nell\u00e1t\u00e1s<\/td><\/tr><tr><td>R\u00c9SZV\u00c9TELI D\u00cdJ TARTALMAZZA<\/td><td>buszos utaz\u00e1s ktg, csoportk\u00eds\u00e9r\u00e9s, szervez\u00e9s<\/td><\/tr><tr><td>R\u00c9SZV\u00c9TELI D\u00cdJ NEM TARTALMAZZA<\/td><td>bel\u00e9p\u0151k \u00e9s utasbiztos\u00edt\u00e1s<\/td><\/tr><tr><td>UTASBIZTOS\u00cdT\u00c1S<\/td><td>EUB k\u00f6thet\u0151 irod\u00e1nkban<\/td><\/tr><tr><td>\u00daTIOKM\u00c1NYOK<\/td><td>\u00e9rv\u00e9nyes szem.ig. vagy \u00e9rv\u00e9nyes \u00fatlev\u00e9l<\/td><\/tr><tr><td>MINIM\u00c1LIS L\u00c9TSZ\u00c1M<\/td><td>15 f\u0151<\/td><\/tr><\/tbody><\/table><\/figure>\n\n\n\n<figure class=\"wp-block-image size-large is-style-default\"><img loading=\"lazy\" decoding=\"async\" width=\"810\" height=\"506\" src=\"https:\/\/www.goforgo.hu\/wp-content\/uploads\/2020\/08\/bajm\u00f3c-8.JPG.jpg\" alt=\"\" class=\"wp-image-5630\" srcset=\"https:\/\/www.goforgo.hu\/wp-content\/uploads\/2020\/08\/bajm\u00f3c-8.JPG.jpg 810w, https:\/\/www.goforgo.hu\/wp-content\/uploads\/2020\/08\/bajm\u00f3c-8.JPG-300x187.jpg 300w, https:\/\/www.goforgo.hu\/wp-content\/uploads\/2020\/08\/bajm\u00f3c-8.JPG-768x480.jpg 768w\" sizes=\"auto, (max-width: 810px) 100vw, 810px\" \/><\/figure>\n","protected":false},"excerpt":{"rendered":"<p>Francia, Loire-v\u00f6lgyi hangulat b\u00fajik meg abban a p\u00e1r ezres v\u00e1rosban, ami hozz\u00e1nk igen k\u00f6zel, eg\u00e9sz pontosan Felvid\u00e9ken van. Szeptemberi kir\u00e1ndul\u00e1sunkon a c\u00e9l\u00e1llom\u00e1s Bajm\u00f3c mes\u00e9s v\u00e1rkast\u00e9lya, egy 30 m\u00e9ter magas spir\u00e1l kil\u00e1t\u00f3 \u00e9s t\u00fcnem\u00e9nyes \u00e1llatok v\u00e1rj\u00e1k a vel\u00fcnk kir\u00e1ndul\u00f3kat. A Nyitra foly\u00f3 partj\u00e1n fekv\u0151 Bajm\u00f3c v\u00e1ros vezet\u00e9se csod\u00e1latos m\u00f3don meg\u0151rizte a P\u00e1lffy csal\u00e1d \u00f6r\u00f6ks\u00e9g\u00e9t, a v\u00e1rkast\u00e9lyt. A v\u00e1rkast\u00e9ly mellett azonban m\u00e1s k\u00fcl\u00f6nleges l\u00e1tnival\u00f3t is tartogat nek\u00fcnk a v\u00e1ros, alig kell ezek felkeres\u00e9s\u00e9hez p\u00e1r kilom\u00e9tern\u00e9l messzebb menn\u00fcnk. Bajm\u00f3con annyira kellemesen el lehet t\u00f6lteni egy napot, hogy az ember egy percig nem \u00e9rzi azt, hogy unatkozna! J\u00f3 h\u00edr az utazni szeret\u0151 csal\u00e1doknak,hogy gyerekek sz\u00e1m\u00e1ra is tartogat Bajm\u00f3c olyan l\u00e1tnival\u00f3kat, ami a figyelm\u00fcket lek\u00f6ti. Egysz\u00f3val kiv\u00e1l\u00f3 kir\u00e1ndul\u00f3helysz\u00edn ak\u00e1r csal\u00e1doknak is! UTAZ\u00c1S R\u00c9SZLETEI Id\u0151pont : 2020.09.19. szombat Indul\u00e1s: 05:30-kor Budapest, N\u00e9pliget, Planet\u00e1rium \u00c9rkez\u00e9s Bajm\u00f3cra reggeli \u00f3r\u00e1kban 1 NAPOS KIR\u00c1NDUL\u00c1S PROGRAMJA Meg\u00e9rkez\u00e9st k\u00f6vet\u0151en a V\u00e1rkast\u00e9ly l\u00e1togat\u00e1s\u00e1val ind\u00edtjuk napunkat. A v\u00e1rkast\u00e9lyban m\u00fazeum m\u0171k\u00f6dik, illetve a v\u00e1rkast\u00e9ly alatt l\u00e9v\u0151 barlangba is le lehet l\u00e1togatni. A barlangot nem mondan\u00e1nk \u00f3ri\u00e1sinak. K\u00fcl\u00f6nlegess\u00e9ge ink\u00e1bb abban rejlik, hogy a v\u00e1r szob\u00e1ja alatt kell elk\u00e9pzeln\u00fcnk azt a 22 m\u00e9ter \u00e1tm\u00e9r\u0151j\u0171 \u00e9s 6 m\u00e9ter magas &#8222;\u00fcreget&#8221;, ami bajm\u00f3ci v\u00e1r-barlangk\u00e9nt emlegetnek. A v\u00e1rkast\u00e9lyban \u00e9s a kertben tett s\u00e9ta ut\u00e1n Bajm\u00f3c m\u00e1sik nevezetess\u00e9g\u00e9t l\u00e1togatjuk meg. A v\u00e1ros nagyon j\u00f3l felismerte, hogy a bajm\u00f3ci v\u00e1rkast\u00e9ly mell\u00e9 sz\u00fcks\u00e9ges, hogy m\u00e9g valami k\u00fcl\u00f6nlegess\u00e9ggel tarts\u00e1k fogva az ide l\u00e1togat\u00f3 turist\u00e1kat, \u00edgy \u00e9p\u00fclt meg az a KIL\u00c1T\u00d3TORONY, ami a kast\u00e9lyt\u00f3l 10-15 perc k\u00f6nny\u0171 s\u00e9t\u00e1ra tal\u00e1lhat\u00f3. A kil\u00e1t\u00f3torony 30 m\u00e9ter magass\u00e1gig vezet fel minket a f\u00e1k f\u00f6l\u00e9, ahonnan a messzi t\u00e1volt k\u00e9mlelhetj\u00fck \u00e9s ben\u00e9zhet\u00fcnk a f\u00e1k f\u00f6l\u00e9. A kil\u00e1t\u00f3toronyb\u00f3l les\u00e9t\u00e1lva a nap h\u00e1tral\u00e9v\u0151 r\u00e9sz\u00e9ben 2 program k\u00f6z\u00fcl v\u00e1logathatunk. A helyi \u00e9tteremben a csoport r\u00e9sz\u00e9re helyet foglaltunk \u00e9s itt elfogyaszthatjuk k\u00e9sei eb\u00e9d\u00fcnket vagy korai vacsor\u00e1nkat illetve, aki nem szeretne \u00e9tkezni, annak a d\u00e9lut\u00e1n h\u00e1tral\u00e9v\u0151 r\u00e9sz\u00e9re figyelm\u00e9be aj\u00e1nljuk m\u00e9g Bajm\u00f3c \u00e1llatkertj\u00e9t, ami Szlov\u00e1kia egyik legr\u00e9gebbi \u00e1llatkertje. Azon t\u00fal, hogy m\u00e1r t\u00f6bb mint 65 \u00e9ve m\u0171k\u00f6dik az\u00e9rt is k\u00fcl\u00f6nleges, mert majd 400 \u00e1llatfaj \u00e9l az \u00e1llatkert 41 hekt\u00e1ros ter\u00fclet\u00e9n. INDUL\u00c1S \/ PROGRAM KEZDETE 2020.09.19. &#8211; reggeli \u00f3r\u00e1kban \u00c9RKEZ\u00c9S \/ PROGRAM V\u00c9GE 2020.09.19. &#8211; k\u00e9s\u0151 esti \u00f3r\u00e1kban UTAZ\u00c1S \/ S\u00c9TA ID\u0150TARTAMA 1 nap CSATLAKOZ\u00c1SI PONTOK M5, M3 \u00e9s M1 vonal\u00e1n transzfer lehet\u0151s\u00e9ggel (egyeztetve!!!) ELL\u00c1T\u00c1S \u00f6nell\u00e1t\u00e1s R\u00c9SZV\u00c9TELI D\u00cdJ TARTALMAZZA buszos utaz\u00e1s ktg, csoportk\u00eds\u00e9r\u00e9s, szervez\u00e9s R\u00c9SZV\u00c9TELI D\u00cdJ NEM TARTALMAZZA bel\u00e9p\u0151k \u00e9s utasbiztos\u00edt\u00e1s UTASBIZTOS\u00cdT\u00c1S EUB k\u00f6thet\u0151 irod\u00e1nkban \u00daTIOKM\u00c1NYOK \u00e9rv\u00e9nyes szem.ig. vagy \u00e9rv\u00e9nyes \u00fatlev\u00e9l MINIM\u00c1LIS L\u00c9TSZ\u00c1M 15 f\u0151<\/p>\n","protected":false},"author":1,"featured_media":0,"parent":0,"menu_order":0,"comment_status":"closed","ping_status":"closed","template":"","meta":{"footnotes":""},"class_list":["post-5625","page","type-page","status-publish","hentry"],"_links":{"self":[{"href":"https:\/\/www.goforgo.hu\/index.php\/wp-json\/wp\/v2\/pages\/5625","targetHints":{"allow":["GET"]}}],"collection":[{"href":"https:\/\/www.goforgo.hu\/index.php\/wp-json\/wp\/v2\/pages"}],"about":[{"href":"https:\/\/www.goforgo.hu\/index.php\/wp-json\/wp\/v2\/types\/page"}],"author":[{"embeddable":true,"href":"https:\/\/www.goforgo.hu\/index.php\/wp-json\/wp\/v2\/users\/1"}],"replies":[{"embeddable":true,"href":"https:\/\/www.goforgo.hu\/index.php\/wp-json\/wp\/v2\/comments?post=5625"}],"version-history":[{"count":2,"href":"https:\/\/www.goforgo.hu\/index.php\/wp-json\/wp\/v2\/pages\/5625\/revisions"}],"predecessor-version":[{"id":5631,"href":"https:\/\/www.goforgo.hu\/index.php\/wp-json\/wp\/v2\/pages\/5625\/revisions\/5631"}],"wp:attachment":[{"href":"https:\/\/www.goforgo.hu\/index.php\/wp-json\/wp\/v2\/media?parent=5625"}],"curies":[{"name":"wp","href":"https:\/\/api.w.org\/{rel}","templated":true}]}}