{"id":5713,"date":"2021-08-16T18:56:27","date_gmt":"2021-08-16T18:56:27","guid":{"rendered":"http:\/\/www.goforgo.hu\/?page_id=5713"},"modified":"2021-08-16T19:46:00","modified_gmt":"2021-08-16T19:46:00","slug":"voucher-tajekoztatas","status":"publish","type":"page","link":"https:\/\/www.goforgo.hu\/index.php\/voucher-tajekoztatas\/","title":{"rendered":"Voucher &#8211; t\u00e1j\u00e9koztat\u00e1s"},"content":{"rendered":"\n<p>Kedves Utasaink!<\/p>\n\n\n\n<p>A 2019-ben befizetett \u00e9s ki\u00e1ll\u00edtott utaz\u00e1si (busz jegy) voucherek lej\u00e1rati hat\u00e1rideje:  2021.12.31.<\/p>\n\n\n\n<p>Mindenkinek igyekez\u00fcnk megfelel\u0151, \u00faj id\u0151pontot biztos\u00edtani az utaz\u00e1sra, \u00edgy az elmaradt utaz\u00e1ssal megegyez\u0151 programot k\u00edn\u00e1lunk \u00d6n\u00f6knek t\u00f6bb id\u0151pontban. <\/p>\n\n\n\n<p><strong>Felh\u00edvjuk figyelm\u00fcket<\/strong> \u00c1SZF-ek 9-es pontj\u00e1ra, miszerint : Ha a rendelkez\u00e9sek (k\u00f6zeg\u00e9szs\u00e9g\u00fcgyi is!!) be nem tart\u00e1sa miatt az utas az utaz\u00e1son nem tud r\u00e9szt venni, \u00fagy kell tekinteni, mintha a 6.2.1.-6.2.2. pontban \u00edrottak szerint az utaz\u00e1st nem kezdte volna meg. <\/p>\n\n\n\n<p>Az utaz\u00e1si utalv\u00e1nyt a rajta felt\u00fcntetett  hat\u00e1rid\u0151ig lehet felhaszn\u00e1lni. Ezen id\u0151 eltelte ut\u00e1n a n\u00e9v\u00e9rt\u00e9k nem j\u00e1r  vissza. Az  utalv\u00e1ny \u00e9rt\u00e9k\u00e9b\u0151l k\u00e9szp\u00e9nz vissza nem adhat\u00f3, az utalv\u00e1ny teljes  \u00e9rt\u00e9k\u00e9t le kell v\u00e1s\u00e1rolni. Amennyiben egy olyan utaz\u00e1st rendel meg a voucher tulajdonosa, amikor el\u0151leg \u00e9s h\u00e1tral\u00e9k is fizetend\u0151, akkor az utalv\u00e1nyt  csak az utols\u00f3 h\u00e1tral\u00e9k fizet\u00e9sekor v\u00e1lthat\u00f3 be. A h\u00e1tral\u00e9k ekkor  maximum az utalv\u00e1ny n\u00e9v\u00e9rt\u00e9ke lehet. Amennyiben a h\u00e1tral\u00e9k \u00f6sszege  kevesebb, mint az utalv\u00e1ny n\u00e9v\u00e9rt\u00e9ke, akkor csak a h\u00e1tral\u00e9k \u00e9rt\u00e9ke  sz\u00e1m\u00edtand\u00f3 be \u00e9s a k\u00fcl\u00f6nbs\u00e9get a lej\u00e1rati id\u0151ig  felhaszn\u00e1lhatja k\u00e9s\u0151bb. Egy utaz\u00e1s megrendel\u00e9s\u00e9n\u00e9l csak a h\u00e1tral\u00e9kn\u00e1l  v\u00e1lhatja be az utalv\u00e1ny, el\u0151legn\u00e9l nem.<\/p>\n","protected":false},"excerpt":{"rendered":"<p>Kedves Utasaink! A 2019-ben befizetett \u00e9s ki\u00e1ll\u00edtott utaz\u00e1si (busz jegy) voucherek lej\u00e1rati hat\u00e1rideje: 2021.12.31. Mindenkinek igyekez\u00fcnk megfelel\u0151, \u00faj id\u0151pontot biztos\u00edtani az utaz\u00e1sra, \u00edgy az elmaradt utaz\u00e1ssal megegyez\u0151 programot k\u00edn\u00e1lunk \u00d6n\u00f6knek t\u00f6bb id\u0151pontban. Felh\u00edvjuk figyelm\u00fcket \u00c1SZF-ek 9-es pontj\u00e1ra, miszerint : Ha a rendelkez\u00e9sek (k\u00f6zeg\u00e9szs\u00e9g\u00fcgyi is!!) be nem tart\u00e1sa miatt az utas az utaz\u00e1son nem tud r\u00e9szt venni, \u00fagy kell tekinteni, mintha a 6.2.1.-6.2.2. pontban \u00edrottak szerint az utaz\u00e1st nem kezdte volna meg. Az utaz\u00e1si utalv\u00e1nyt a rajta felt\u00fcntetett hat\u00e1rid\u0151ig lehet felhaszn\u00e1lni. Ezen id\u0151 eltelte ut\u00e1n a n\u00e9v\u00e9rt\u00e9k nem j\u00e1r vissza. Az utalv\u00e1ny \u00e9rt\u00e9k\u00e9b\u0151l k\u00e9szp\u00e9nz vissza nem adhat\u00f3, az utalv\u00e1ny teljes \u00e9rt\u00e9k\u00e9t le kell v\u00e1s\u00e1rolni. Amennyiben egy olyan utaz\u00e1st rendel meg a voucher tulajdonosa, amikor el\u0151leg \u00e9s h\u00e1tral\u00e9k is fizetend\u0151, akkor az utalv\u00e1nyt csak az utols\u00f3 h\u00e1tral\u00e9k fizet\u00e9sekor v\u00e1lthat\u00f3 be. A h\u00e1tral\u00e9k ekkor maximum az utalv\u00e1ny n\u00e9v\u00e9rt\u00e9ke lehet. Amennyiben a h\u00e1tral\u00e9k \u00f6sszege kevesebb, mint az utalv\u00e1ny n\u00e9v\u00e9rt\u00e9ke, akkor csak a h\u00e1tral\u00e9k \u00e9rt\u00e9ke sz\u00e1m\u00edtand\u00f3 be \u00e9s a k\u00fcl\u00f6nbs\u00e9get a lej\u00e1rati id\u0151ig felhaszn\u00e1lhatja k\u00e9s\u0151bb. Egy utaz\u00e1s megrendel\u00e9s\u00e9n\u00e9l csak a h\u00e1tral\u00e9kn\u00e1l v\u00e1lhatja be az utalv\u00e1ny, el\u0151legn\u00e9l nem.<\/p>\n","protected":false},"author":1,"featured_media":0,"parent":0,"menu_order":0,"comment_status":"closed","ping_status":"closed","template":"","meta":{"footnotes":""},"class_list":["post-5713","page","type-page","status-publish","hentry"],"_links":{"self":[{"href":"https:\/\/www.goforgo.hu\/index.php\/wp-json\/wp\/v2\/pages\/5713","targetHints":{"allow":["GET"]}}],"collection":[{"href":"https:\/\/www.goforgo.hu\/index.php\/wp-json\/wp\/v2\/pages"}],"about":[{"href":"https:\/\/www.goforgo.hu\/index.php\/wp-json\/wp\/v2\/types\/page"}],"author":[{"embeddable":true,"href":"https:\/\/www.goforgo.hu\/index.php\/wp-json\/wp\/v2\/users\/1"}],"replies":[{"embeddable":true,"href":"https:\/\/www.goforgo.hu\/index.php\/wp-json\/wp\/v2\/comments?post=5713"}],"version-history":[{"count":5,"href":"https:\/\/www.goforgo.hu\/index.php\/wp-json\/wp\/v2\/pages\/5713\/revisions"}],"predecessor-version":[{"id":5724,"href":"https:\/\/www.goforgo.hu\/index.php\/wp-json\/wp\/v2\/pages\/5713\/revisions\/5724"}],"wp:attachment":[{"href":"https:\/\/www.goforgo.hu\/index.php\/wp-json\/wp\/v2\/media?parent=5713"}],"curies":[{"name":"wp","href":"https:\/\/api.w.org\/{rel}","templated":true}]}}