{"id":6,"date":"2015-10-21T13:55:54","date_gmt":"2015-10-21T13:55:54","guid":{"rendered":"http:\/\/www.goforgo.hu\/?page_id=6"},"modified":"2026-03-27T17:45:27","modified_gmt":"2026-03-27T17:45:27","slug":"proba-oldal","status":"publish","type":"page","link":"https:\/\/www.goforgo.hu\/","title":{"rendered":"F\u0151oldal"},"content":{"rendered":"<div class=\"x11i5rnm xat24cr x1mh8g0r x1vvkbs xtlvy1s x126k92a\">\n<div style=\"text-align: center;\">\n<div class=\"x11i5rnm xat24cr x1mh8g0r x1vvkbs xtlvy1s x126k92a\">\n<div style=\"text-align: center;\">\u00a0<\/div>\n<\/div>\n<h2><a href=\"http:\/\/www.repulonapok.hu\">REP\u00dcL\u0150NAPOK, HADITECHNIKAI M\u00daZEUMOK<\/a><\/h2>\n<p><a href=\"http:\/\/www.repulonapok.hu\" rel=\"attachment wp-att-7143\"><img loading=\"lazy\" decoding=\"async\" class=\"alignnone size-large wp-image-7143\" src=\"https:\/\/www.goforgo.hu\/wp-content\/uploads\/2025\/02\/collage-repulonapok-1024x390.jpg\" alt=\"\" width=\"960\" height=\"366\" srcset=\"https:\/\/www.goforgo.hu\/wp-content\/uploads\/2025\/02\/collage-repulonapok-1024x390.jpg 1024w, https:\/\/www.goforgo.hu\/wp-content\/uploads\/2025\/02\/collage-repulonapok-768x292.jpg 768w, https:\/\/www.goforgo.hu\/wp-content\/uploads\/2025\/02\/collage-repulonapok-1536x584.jpg 1536w, https:\/\/www.goforgo.hu\/wp-content\/uploads\/2025\/02\/collage-repulonapok-2048x779.jpg 2048w, https:\/\/www.goforgo.hu\/wp-content\/uploads\/2025\/02\/collage-repulonapok-1140x434.jpg 1140w\" sizes=\"auto, (max-width: 960px) 100vw, 960px\" \/><\/a><\/p>\n<h3 style=\"text-align: center;\">A Forg\u00f3 Aut\u00f3siskola zavartalanul m\u0171k\u00f6dik.<\/h3>\n<h3 style=\"text-align: center;\"><a href=\"https:\/\/www.goforgo.hu\/index.php\/autosiskola\/\"><strong>Az aut\u00f3siskola t\u00e1j\u00e9koztat\u00f3ja<\/strong><\/a><\/h3>\n<p><a href=\"https:\/\/www.goforgo.hu\/index.php\/autosiskola\/\"><img loading=\"lazy\" decoding=\"async\" class=\"alignnone size-large wp-image-7192\" src=\"https:\/\/www.goforgo.hu\/wp-content\/uploads\/2025\/03\/collage-autosiskola-1024x389.jpg\" alt=\"\" width=\"960\" height=\"365\" srcset=\"https:\/\/www.goforgo.hu\/wp-content\/uploads\/2025\/03\/collage-autosiskola-1024x389.jpg 1024w, https:\/\/www.goforgo.hu\/wp-content\/uploads\/2025\/03\/collage-autosiskola-768x292.jpg 768w, https:\/\/www.goforgo.hu\/wp-content\/uploads\/2025\/03\/collage-autosiskola-1536x584.jpg 1536w, https:\/\/www.goforgo.hu\/wp-content\/uploads\/2025\/03\/collage-autosiskola-2048x779.jpg 2048w, https:\/\/www.goforgo.hu\/wp-content\/uploads\/2025\/03\/collage-autosiskola-1140x433.jpg 1140w\" sizes=\"auto, (max-width: 960px) 100vw, 960px\" \/><\/a><\/p>\n<h2 style=\"text-align: center;\">&#8212;&#8212;&#8212;&#8212;&#8212;&#8212;&#8212;&#8212;&#8212;&#8212;&#8212;&#8212;&#8212;&#8212;&#8212;&#8212;&#8212;&#8212;&#8212;&#8211;<\/h2>\n<\/div>\n<\/div>\n<h2 class=\"western\" lang=\"hu-HU\" style=\"text-align: center;\"><a href=\"https:\/\/www.goforgo.hu\/index.php\/ezoterikus-utazasaink\/\"><strong>Ezoterikus utaz\u00e1saink:<\/strong><\/a><\/h2>\n<h2 lang=\"hu-HU\"><a href=\"https:\/\/www.goforgo.hu\/index.php\/ezoterikus-utazasaink\/\"><img loading=\"lazy\" decoding=\"async\" class=\"alignnone size-large wp-image-6513\" src=\"https:\/\/www.goforgo.hu\/wp-content\/uploads\/2024\/03\/collage-ezo-utak-1024x390.jpg\" alt=\"\" width=\"1024\" height=\"390\" srcset=\"https:\/\/www.goforgo.hu\/wp-content\/uploads\/2024\/03\/collage-ezo-utak-1024x390.jpg 1024w, https:\/\/www.goforgo.hu\/wp-content\/uploads\/2024\/03\/collage-ezo-utak-768x292.jpg 768w, https:\/\/www.goforgo.hu\/wp-content\/uploads\/2024\/03\/collage-ezo-utak-1536x584.jpg 1536w, https:\/\/www.goforgo.hu\/wp-content\/uploads\/2024\/03\/collage-ezo-utak-2048x779.jpg 2048w\" sizes=\"auto, (max-width: 1024px) 100vw, 1024px\" \/><\/a><\/h2>\n<h2 style=\"text-align: center;\"><a style=\"font-size: revert; font-weight: revert;\" href=\"https:\/\/www.goforgo.hu\/index.php\/boszniai-piramisok-2\/\"><strong>Boszniai piramisok<\/strong><\/a><\/h2>\n<p><a href=\"https:\/\/www.goforgo.hu\/index.php\/boszniai-piramisok-2\/\"><img loading=\"lazy\" decoding=\"async\" class=\"alignnone size-large wp-image-3462\" src=\"https:\/\/www.goforgo.hu\/wp-content\/uploads\/2015\/10\/collage-B\u0151vitett-bosznia-1024x338.jpg\" alt=\"\" width=\"1024\" height=\"338\" srcset=\"https:\/\/www.goforgo.hu\/wp-content\/uploads\/2015\/10\/collage-B\u0151vitett-bosznia-1024x338.jpg 1024w, https:\/\/www.goforgo.hu\/wp-content\/uploads\/2015\/10\/collage-B\u0151vitett-bosznia-300x99.jpg 300w, https:\/\/www.goforgo.hu\/wp-content\/uploads\/2015\/10\/collage-B\u0151vitett-bosznia-768x253.jpg 768w, https:\/\/www.goforgo.hu\/wp-content\/uploads\/2015\/10\/collage-B\u0151vitett-bosznia.jpg 1200w\" sizes=\"auto, (max-width: 1024px) 100vw, 1024px\" \/><\/a><\/p>\n<h2 style=\"text-align: center;\"><a href=\"https:\/\/www.goforgo.hu\/index.php\/del-csehorszagi-kastelyok-es-sorok\/\"><strong>D\u00e9l-Csehorsz\u00e1g kast\u00e9lyai \u00e9s h\u00edres s\u00f6rf\u0151z\u0151i<\/strong><\/a><\/h2>\n<p><a href=\"https:\/\/www.goforgo.hu\/index.php\/del-csehorszagi-kastelyok-es-sorok\/\" rel=\"attachment wp-att-6566\"><img loading=\"lazy\" decoding=\"async\" class=\"wp-image-6566 aligncenter\" src=\"https:\/\/www.goforgo.hu\/wp-content\/uploads\/2024\/03\/collage-Del-cseh-kocka-1024x768.jpg\" alt=\"\" width=\"701\" height=\"526\" srcset=\"https:\/\/www.goforgo.hu\/wp-content\/uploads\/2024\/03\/collage-Del-cseh-kocka-1024x768.jpg 1024w, https:\/\/www.goforgo.hu\/wp-content\/uploads\/2024\/03\/collage-Del-cseh-kocka-768x576.jpg 768w, https:\/\/www.goforgo.hu\/wp-content\/uploads\/2024\/03\/collage-Del-cseh-kocka-1536x1152.jpg 1536w, https:\/\/www.goforgo.hu\/wp-content\/uploads\/2024\/03\/collage-Del-cseh-kocka-2048x1536.jpg 2048w\" sizes=\"auto, (max-width: 701px) 100vw, 701px\" \/><\/a><\/p>\n<h2 dir=\"auto\" style=\"text-align: center;\"><a href=\"https:\/\/www.goforgo.hu\/index.php\/szekelyfold-legszebb-tajain\/\">Sz\u00e9kelyf\u00f6ld:<\/a><\/h2>\n<div dir=\"auto\"><a href=\"https:\/\/www.goforgo.hu\/index.php\/szekelyfold-legszebb-tajain\/\"><img loading=\"lazy\" decoding=\"async\" class=\"alignnone wp-image-3542 size-large\" src=\"https:\/\/www.goforgo.hu\/wp-content\/uploads\/2015\/10\/collage-Sz\u00e9kelyf\u00f6ld-1024x338.jpg\" alt=\"\" width=\"960\" height=\"317\" srcset=\"https:\/\/www.goforgo.hu\/wp-content\/uploads\/2015\/10\/collage-Sz\u00e9kelyf\u00f6ld-1024x338.jpg 1024w, https:\/\/www.goforgo.hu\/wp-content\/uploads\/2015\/10\/collage-Sz\u00e9kelyf\u00f6ld-300x99.jpg 300w, https:\/\/www.goforgo.hu\/wp-content\/uploads\/2015\/10\/collage-Sz\u00e9kelyf\u00f6ld-768x253.jpg 768w, https:\/\/www.goforgo.hu\/wp-content\/uploads\/2015\/10\/collage-Sz\u00e9kelyf\u00f6ld.jpg 1200w\" sizes=\"auto, (max-width: 960px) 100vw, 960px\" \/><\/a><\/div>\n<div class=\"o9v6fnle cxmmr5t8 oygrvhab hcukyx3x c1et5uql ii04i59q\">\n<div dir=\"auto\">\u00a0<\/div>\n<div dir=\"auto\"><a href=\"https:\/\/www.goforgo.hu\/index.php\/csiksomlyoi-bucsu-busszal\/\"><img loading=\"lazy\" decoding=\"async\" class=\"alignnone size-large wp-image-7915\" src=\"https:\/\/www.goforgo.hu\/wp-content\/uploads\/2026\/03\/collage-Csiksomlyo-1024x389.jpg\" alt=\"\" width=\"960\" height=\"365\" srcset=\"https:\/\/www.goforgo.hu\/wp-content\/uploads\/2026\/03\/collage-Csiksomlyo-1024x389.jpg 1024w, https:\/\/www.goforgo.hu\/wp-content\/uploads\/2026\/03\/collage-Csiksomlyo-768x292.jpg 768w, https:\/\/www.goforgo.hu\/wp-content\/uploads\/2026\/03\/collage-Csiksomlyo-1536x584.jpg 1536w, https:\/\/www.goforgo.hu\/wp-content\/uploads\/2026\/03\/collage-Csiksomlyo-2048x779.jpg 2048w, https:\/\/www.goforgo.hu\/wp-content\/uploads\/2026\/03\/collage-Csiksomlyo-1140x433.jpg 1140w\" sizes=\"auto, (max-width: 960px) 100vw, 960px\" \/><\/a><\/div>\n<div dir=\"auto\">\u00a0<\/div>\n<div dir=\"auto\"><span style=\"font-size: revert; color: initial;\">&#8212;&#8212;&#8212;&#8212;&#8212;&#8212;&#8212;&#8212;&#8212;&#8212;&#8212;&#8212;&#8212;&#8212;&#8212;&#8212;&#8212;&#8212;&#8212;&#8212;&#8212;&#8212;&#8212;&#8212;&#8212;&#8212;&#8212;&#8212;&#8212;&#8212;&#8212;&#8212;&#8212;&#8212;&#8212;&#8212;&#8212;&#8212;&#8211;<\/span><\/div>\n<\/div>\n<h2 style=\"text-align: center;\">Haj\u00f3s utaz\u00e1sok<\/h2>\n<h2 lang=\"hu-HU\"><a href=\"https:\/\/www.goforgo.hu\/index.php\/hajos-utak\/\"><img loading=\"lazy\" decoding=\"async\" class=\"alignnone size-large wp-image-2878\" src=\"https:\/\/www.goforgo.hu\/wp-content\/uploads\/2015\/10\/collage-haj\u00f3-1024x338.jpg\" alt=\"collage haj\u00f3\" width=\"1024\" height=\"338\" srcset=\"https:\/\/www.goforgo.hu\/wp-content\/uploads\/2015\/10\/collage-haj\u00f3-1024x338.jpg 1024w, https:\/\/www.goforgo.hu\/wp-content\/uploads\/2015\/10\/collage-haj\u00f3-300x99.jpg 300w, https:\/\/www.goforgo.hu\/wp-content\/uploads\/2015\/10\/collage-haj\u00f3-768x253.jpg 768w, https:\/\/www.goforgo.hu\/wp-content\/uploads\/2015\/10\/collage-haj\u00f3.jpg 1200w\" sizes=\"auto, (max-width: 1024px) 100vw, 1024px\" \/><\/a><\/h2>\n<h2 dir=\"auto\" style=\"text-align: center;\">\u00a0<\/h2>\n<p>&#8212;&#8212;&#8212;&#8212;&#8212;&#8212;&#8212;&#8212;&#8212;&#8212;&#8212;&#8212;&#8212;&#8212;&#8212;&#8212;&#8212;&#8212;&#8212;&#8212;&#8212;&#8212;&#8212;&#8212;&#8212;&#8212;&#8212;&#8212;&#8212;&#8212;&#8212;&#8212;&#8212;&#8212;&#8212;&#8212;&#8212;&#8212;&#8211;<\/p>\n<h2 style=\"text-align: center;\">M\u00e1rton-napi Makett ki\u00e1ll\u00edt\u00e1s 2026.11.14-15.<\/h2>\n<p><a href=\"https:\/\/www.repulonapok.hu\/?page_id=2825\" rel=\"attachment wp-att-6803\"><img loading=\"lazy\" decoding=\"async\" class=\"alignnone size-large wp-image-6803\" src=\"https:\/\/www.goforgo.hu\/wp-content\/uploads\/2024\/10\/collage-Marton-nap-2022-1-1024x768.jpg\" alt=\"\" width=\"960\" height=\"720\" srcset=\"https:\/\/www.goforgo.hu\/wp-content\/uploads\/2024\/10\/collage-Marton-nap-2022-1-1024x768.jpg 1024w, https:\/\/www.goforgo.hu\/wp-content\/uploads\/2024\/10\/collage-Marton-nap-2022-1-768x576.jpg 768w, https:\/\/www.goforgo.hu\/wp-content\/uploads\/2024\/10\/collage-Marton-nap-2022-1-1536x1152.jpg 1536w, https:\/\/www.goforgo.hu\/wp-content\/uploads\/2024\/10\/collage-Marton-nap-2022-1-2048x1536.jpg 2048w\" sizes=\"auto, (max-width: 960px) 100vw, 960px\" \/><\/a><\/p>\n<h2>\u00a0<\/h2>\n<p>\u00a0<\/p>\n<h2 class=\"western\" lang=\"hu-HU\" style=\"text-align: center;\"><strong><span style=\"color: #ab0e0e;\"><span style=\"font-size: x-large;\">Tematikus utaz\u00e1saink:<\/span><\/span><\/strong><\/h2>\n<div dir=\"auto\">\u00a0<\/div>\n<p><a href=\"https:\/\/www.goforgo.hu\/index.php\/belfoldi-kirandulasok\/\"><img loading=\"lazy\" decoding=\"async\" class=\"alignnone size-large wp-image-2731\" src=\"https:\/\/www.goforgo.hu\/wp-content\/uploads\/2015\/10\/collage-belf\u00f6ld-1024x338.jpg\" alt=\"collage belf\u00f6ld\" width=\"1024\" height=\"338\" srcset=\"https:\/\/www.goforgo.hu\/wp-content\/uploads\/2015\/10\/collage-belf\u00f6ld-1024x338.jpg 1024w, https:\/\/www.goforgo.hu\/wp-content\/uploads\/2015\/10\/collage-belf\u00f6ld-300x99.jpg 300w, https:\/\/www.goforgo.hu\/wp-content\/uploads\/2015\/10\/collage-belf\u00f6ld-768x253.jpg 768w, https:\/\/www.goforgo.hu\/wp-content\/uploads\/2015\/10\/collage-belf\u00f6ld.jpg 1200w\" sizes=\"auto, (max-width: 1024px) 100vw, 1024px\" \/><\/a><a href=\"https:\/\/www.goforgo.hu\/index.php\/karpatmedencei-utazasok\/\"><img loading=\"lazy\" decoding=\"async\" class=\"alignnone size-large wp-image-2973\" src=\"https:\/\/www.goforgo.hu\/wp-content\/uploads\/2015\/10\/collage-K\u00e1rp\u00e1r-medence-1024x358.jpg\" alt=\"collage K\u00e1rp\u00e1r medence\" width=\"1024\" height=\"358\" srcset=\"https:\/\/www.goforgo.hu\/wp-content\/uploads\/2015\/10\/collage-K\u00e1rp\u00e1r-medence-1024x358.jpg 1024w, https:\/\/www.goforgo.hu\/wp-content\/uploads\/2015\/10\/collage-K\u00e1rp\u00e1r-medence-300x105.jpg 300w, https:\/\/www.goforgo.hu\/wp-content\/uploads\/2015\/10\/collage-K\u00e1rp\u00e1r-medence-768x269.jpg 768w, https:\/\/www.goforgo.hu\/wp-content\/uploads\/2015\/10\/collage-K\u00e1rp\u00e1r-medence.jpg 1200w\" sizes=\"auto, (max-width: 1024px) 100vw, 1024px\" \/><\/a><\/p>\n<p><a href=\"https:\/\/www.goforgo.hu\/index.php\/hajos-utak\/\"><img loading=\"lazy\" decoding=\"async\" class=\"alignnone size-large wp-image-2878\" src=\"https:\/\/www.goforgo.hu\/wp-content\/uploads\/2015\/10\/collage-haj\u00f3-1024x338.jpg\" alt=\"collage haj\u00f3\" width=\"1024\" height=\"338\" srcset=\"https:\/\/www.goforgo.hu\/wp-content\/uploads\/2015\/10\/collage-haj\u00f3-1024x338.jpg 1024w, https:\/\/www.goforgo.hu\/wp-content\/uploads\/2015\/10\/collage-haj\u00f3-300x99.jpg 300w, https:\/\/www.goforgo.hu\/wp-content\/uploads\/2015\/10\/collage-haj\u00f3-768x253.jpg 768w, https:\/\/www.goforgo.hu\/wp-content\/uploads\/2015\/10\/collage-haj\u00f3.jpg 1200w\" sizes=\"auto, (max-width: 1024px) 100vw, 1024px\" \/><\/a><\/p>\n<p><a href=\"https:\/\/www.goforgo.hu\/index.php\/hadak-utjan-sorozat\/\" rel=\"attachment wp-att-3145\"><img loading=\"lazy\" decoding=\"async\" class=\"alignnone size-large wp-image-3145\" src=\"https:\/\/www.goforgo.hu\/wp-content\/uploads\/2015\/10\/collage-Hadak-\u00datj\u00e1n-1024x338.jpg\" alt=\"collage Hadak \u00datj\u00e1n\" width=\"1024\" height=\"338\" srcset=\"https:\/\/www.goforgo.hu\/wp-content\/uploads\/2015\/10\/collage-Hadak-\u00datj\u00e1n-1024x338.jpg 1024w, https:\/\/www.goforgo.hu\/wp-content\/uploads\/2015\/10\/collage-Hadak-\u00datj\u00e1n-300x99.jpg 300w, https:\/\/www.goforgo.hu\/wp-content\/uploads\/2015\/10\/collage-Hadak-\u00datj\u00e1n-768x253.jpg 768w, https:\/\/www.goforgo.hu\/wp-content\/uploads\/2015\/10\/collage-Hadak-\u00datj\u00e1n.jpg 1200w\" sizes=\"auto, (max-width: 1024px) 100vw, 1024px\" \/><\/a><\/p>\n<h2 class=\"western\" lang=\"hu-HU\" style=\"text-align: center;\"><a href=\"https:\/\/www.goforgo.hu\/index.php\/72-varmegye-sorozat\/\" rel=\"attachment wp-att-3154\"><img loading=\"lazy\" decoding=\"async\" class=\"alignnone size-large wp-image-3154\" src=\"https:\/\/www.goforgo.hu\/wp-content\/uploads\/2015\/10\/collage-72-v\u00e1rmegye-1024x389.jpg\" alt=\"collage 72 v\u00e1rmegye\" width=\"1024\" height=\"389\" srcset=\"https:\/\/www.goforgo.hu\/wp-content\/uploads\/2015\/10\/collage-72-v\u00e1rmegye-1024x389.jpg 1024w, https:\/\/www.goforgo.hu\/wp-content\/uploads\/2015\/10\/collage-72-v\u00e1rmegye-300x114.jpg 300w, https:\/\/www.goforgo.hu\/wp-content\/uploads\/2015\/10\/collage-72-v\u00e1rmegye-768x292.jpg 768w, https:\/\/www.goforgo.hu\/wp-content\/uploads\/2015\/10\/collage-72-v\u00e1rmegye.jpg 1200w\" sizes=\"auto, (max-width: 1024px) 100vw, 1024px\" \/><\/a><\/h2>\n<h3 class=\"western\" lang=\"hu-HU\" style=\"text-align: center;\"><a href=\"https:\/\/www.goforgo.hu\/index.php\/utazasok\/\"><span style=\"color: #ff0000;\">Utaz\u00e1si napt\u00e1runk<\/span><\/a>ban\u00a0k\u00f6nnyebben b\u00f6ng\u00e9szhet \u00fatjaink k\u00f6z\u00f6tt:<\/h3>\n<p><a href=\"https:\/\/www.goforgo.hu\/index.php\/utazasok\/\"><img loading=\"lazy\" decoding=\"async\" class=\" wp-image-1070 aligncenter\" src=\"https:\/\/www.goforgo.hu\/wp-content\/uploads\/2015\/10\/napt\u00e1r-utazunk.jpg\" alt=\"napt\u00e1r-utazunk\" width=\"333\" height=\"221\" srcset=\"https:\/\/www.goforgo.hu\/wp-content\/uploads\/2015\/10\/napt\u00e1r-utazunk.jpg 350w, https:\/\/www.goforgo.hu\/wp-content\/uploads\/2015\/10\/napt\u00e1r-utazunk-300x200.jpg 300w\" sizes=\"auto, (max-width: 333px) 100vw, 333px\" \/><\/a><\/p>\n<hr \/>\n<h2 class=\"western\" lang=\"hu-HU\" style=\"text-align: center;\">\u00a0K\u00f6vesse folyamatosan honlapunkat vagy iratkozzon fel <a href=\"https:\/\/www.goforgo.hu\/index.php\/feliratkozas-hirlevelunkre\/\">hirlevel\u00fcnkre<\/a>!<\/h2>\n<h2 class=\"western\" lang=\"hu-HU\" style=\"text-align: center;\"><span style=\"font-size: large;\">\u00cdgy \u00e9rtes\u00fclhet az aktu\u00e1lis \u00fatjainkr\u00f3l, kedvezm\u00e9nyeinkr\u0151l \u00e9s akci\u00f3inkr\u00f3l.<\/span><\/h2>\n<h3 style=\"text-align: center;\">\u00a0<\/h3>\n<hr \/>\n<h2 class=\"western\" lang=\"hu-HU\" style=\"text-align: center;\"><span style=\"font-size: large;\">r\u00e9szletekr\u0151l \u00e9rdekl\u0151dhet facebook oldalunkon<\/span><\/h2>\n<h2 class=\"western\" lang=\"hu-HU\" style=\"text-align: center;\"><span style=\"font-size: large;\">vagy az info@goforgo.hu c\u00edmen<\/span><\/h2>\n<h2 class=\"western\" lang=\"hu-HU\" style=\"text-align: center;\"><a href=\"https:\/\/www.goforgo.hu\/wp-content\/uploads\/2015\/10\/Logo1.jpg\"><img loading=\"lazy\" decoding=\"async\" class=\"size-medium wp-image-5 aligncenter\" src=\"https:\/\/www.goforgo.hu\/wp-content\/uploads\/2015\/10\/Logo1-300x232.jpg\" alt=\"Logo1\" width=\"300\" height=\"232\" srcset=\"https:\/\/www.goforgo.hu\/wp-content\/uploads\/2015\/10\/Logo1-300x232.jpg 300w, https:\/\/www.goforgo.hu\/wp-content\/uploads\/2015\/10\/Logo1.jpg 500w\" sizes=\"auto, (max-width: 300px) 100vw, 300px\" \/><\/a><\/h2>\n\n\n<p><\/p>\n","protected":false},"excerpt":{"rendered":"<p>\u00a0 REP\u00dcL\u0150NAPOK, HADITECHNIKAI M\u00daZEUMOK A Forg\u00f3 Aut\u00f3siskola zavartalanul m\u0171k\u00f6dik. Az aut\u00f3siskola t\u00e1j\u00e9koztat\u00f3ja &#8212;&#8212;&#8212;&#8212;&#8212;&#8212;&#8212;&#8212;&#8212;&#8212;&#8212;&#8212;&#8212;&#8212;&#8212;&#8212;&#8212;&#8212;&#8212;&#8211; Ezoterikus utaz\u00e1saink: Boszniai piramisok D\u00e9l-Csehorsz\u00e1g kast\u00e9lyai \u00e9s h\u00edres s\u00f6rf\u0151z\u0151i Sz\u00e9kelyf\u00f6ld: \u00a0 \u00a0 &#8212;&#8212;&#8212;&#8212;&#8212;&#8212;&#8212;&#8212;&#8212;&#8212;&#8212;&#8212;&#8212;&#8212;&#8212;&#8212;&#8212;&#8212;&#8212;&#8212;&#8212;&#8212;&#8212;&#8212;&#8212;&#8212;&#8212;&#8212;&#8212;&#8212;&#8212;&#8212;&#8212;&#8212;&#8212;&#8212;&#8212;&#8212;&#8211; Haj\u00f3s utaz\u00e1sok \u00a0 &#8212;&#8212;&#8212;&#8212;&#8212;&#8212;&#8212;&#8212;&#8212;&#8212;&#8212;&#8212;&#8212;&#8212;&#8212;&#8212;&#8212;&#8212;&#8212;&#8212;&#8212;&#8212;&#8212;&#8212;&#8212;&#8212;&#8212;&#8212;&#8212;&#8212;&#8212;&#8212;&#8212;&#8212;&#8212;&#8212;&#8212;&#8212;&#8211; M\u00e1rton-napi Makett ki\u00e1ll\u00edt\u00e1s 2026.11.14-15. \u00a0 \u00a0 Tematikus utaz\u00e1saink: \u00a0 Utaz\u00e1si napt\u00e1runkban\u00a0k\u00f6nnyebben b\u00f6ng\u00e9szhet \u00fatjaink k\u00f6z\u00f6tt: \u00a0K\u00f6vesse folyamatosan honlapunkat vagy iratkozzon fel hirlevel\u00fcnkre! \u00cdgy \u00e9rtes\u00fclhet az aktu\u00e1lis \u00fatjainkr\u00f3l, kedvezm\u00e9nyeinkr\u0151l \u00e9s akci\u00f3inkr\u00f3l. \u00a0 r\u00e9szletekr\u0151l \u00e9rdekl\u0151dhet facebook oldalunkon vagy az info@goforgo.hu c\u00edmen<\/p>\n","protected":false},"author":1,"featured_media":0,"parent":0,"menu_order":0,"comment_status":"closed","ping_status":"closed","template":"","meta":{"footnotes":""},"class_list":["post-6","page","type-page","status-publish","hentry"],"_links":{"self":[{"href":"https:\/\/www.goforgo.hu\/index.php\/wp-json\/wp\/v2\/pages\/6","targetHints":{"allow":["GET"]}}],"collection":[{"href":"https:\/\/www.goforgo.hu\/index.php\/wp-json\/wp\/v2\/pages"}],"about":[{"href":"https:\/\/www.goforgo.hu\/index.php\/wp-json\/wp\/v2\/types\/page"}],"author":[{"embeddable":true,"href":"https:\/\/www.goforgo.hu\/index.php\/wp-json\/wp\/v2\/users\/1"}],"replies":[{"embeddable":true,"href":"https:\/\/www.goforgo.hu\/index.php\/wp-json\/wp\/v2\/comments?post=6"}],"version-history":[{"count":538,"href":"https:\/\/www.goforgo.hu\/index.php\/wp-json\/wp\/v2\/pages\/6\/revisions"}],"predecessor-version":[{"id":7917,"href":"https:\/\/www.goforgo.hu\/index.php\/wp-json\/wp\/v2\/pages\/6\/revisions\/7917"}],"wp:attachment":[{"href":"https:\/\/www.goforgo.hu\/index.php\/wp-json\/wp\/v2\/media?parent=6"}],"curies":[{"name":"wp","href":"https:\/\/api.w.org\/{rel}","templated":true}]}}