{"id":605,"date":"2016-01-08T08:42:18","date_gmt":"2016-01-08T08:42:18","guid":{"rendered":"http:\/\/www.goforgo.hu\/?page_id=605"},"modified":"2026-03-26T17:40:55","modified_gmt":"2026-03-26T17:40:55","slug":"szekelyfold-legszebb-tajain","status":"publish","type":"page","link":"https:\/\/www.goforgo.hu\/index.php\/szekelyfold-legszebb-tajain\/","title":{"rendered":"Sz\u00e9kelyf\u00f6ld legszebb t\u00e1jain"},"content":{"rendered":"<p class=\"western\"><span style=\"font-family: Times New Roman,serif;\"><span style=\"font-size: medium;\"><b>Id\u0151pontok<\/b>: <\/span><\/span><\/p>\n<p>2026. \u00e1prilis 29.- m\u00e1jus 3.,<\/p>\n<p>2026. j\u00falius 22-26.,<\/p>\n<p>2026. szeptember 9-13.,<\/p>\n<p class=\"western\"><b style=\"font-size: medium; font-family: 'Times New Roman', serif;\">Utaz\u00e1s:<\/b><span style=\"font-size: medium; font-family: 'Times New Roman', serif;\">\u00a0k\u00e9nyelmes, l\u00e9gkond\u00edcion\u00e1lt aut\u00f3busszal\u00a0 \u00a0 \u00a0 \u00a0 \u00a0 \u00a0 \u00a0 \u00a0 \u00a0 \u00a0 \u00a0<\/span><\/p>\n<p class=\"western\"><span style=\"font-family: Times New Roman,serif;\"><span style=\"font-size: medium;\"><strong>Id\u0151tartam:<\/strong> 5 nap\/4 \u00e9jszaka<br \/>\n<\/span><\/span><\/p>\n<p class=\"western\"><span style=\"font-family: Times New Roman,serif;\"><span style=\"font-size: medium;\"><b>\u00datvonal:<\/b> Erd\u00e9ly, Sz\u00e9kelyf\u00f6ld, Partium, Nagyv\u00e1rad, B\u00e1nffyhunyad, Kolozsv\u00e1r, Torda, Szov\u00e1ta, Parajd, Farkaslaka, Sz\u00e9kelyudvarhely, Gyergy\u00f3szentmikl\u00f3s, Cs\u00edkszereda, Cs\u00edksomly\u00f3, Szent Anna-t\u00f3, Gyilkos-t\u00f3, Torock\u00f3, Gyergy\u00f3sz\u00e1rhegy, B\u00e9k\u00e1s-szoros, Mad\u00e9falva, Sz\u00e9kelyszentl\u00e9lek, Korond, Karcfalva, Karcfalva<\/span><\/span><\/p>\n<p class=\"western\"><span style=\"font-family: Times New Roman,serif;\"><span style=\"font-size: medium;\"><strong>Elhelyez\u00e9s:<\/strong> faluturizmusban, 2 \u00e1gyas szob\u00e1kban f\u00fcrd\u0151szoba-haszn\u00e1lattal<\/span><\/span><\/p>\n<p class=\"western\"><span style=\"font-family: Times New Roman,serif;\"><span style=\"font-size: medium;\"><strong>Ell\u00e1t\u00e1s:<\/strong> f\u00e9lpanzi\u00f3 (reggeli \u00e9s vacsora)<\/span><\/span><\/p>\n<p class=\"western\"><span style=\"font-family: Times New Roman,serif;\"><span style=\"font-size: medium;\">\u00a0<\/span><\/span><\/p>\n<div class=\"sw_s1_offer_program\">\n<h2 class=\"sw_s1_offer_program_title\" style=\"text-align: center;\">Program<\/h2>\n<div id=\"tab-itinerary_tab\" class=\"tab-pane woocommerce-Tabs-panel woocommerce-Tabs-panel--itinerary_tab panel entry-content wc-tab\">\n<p><em>Sok \u00e9ve t\u00f6retlen\u00fcl n\u00e9pszer\u0171 utunk f\u0151 c\u00e9lja Erd\u00e9ly legmegkap\u00f3bb r\u00e9sze, a Sz\u00e9kelyf\u00f6ld. A ter\u00fclet legn\u00e9pszer\u0171bb l\u00e1tnival\u00f3i mellett lehet\u0151s\u00e9g van egy, a Madarasi-Hargit\u00e1ra felviv\u0151 kir\u00e1ndul\u00e1sra \u00e9s esti medvelesen val\u00f3 r\u00e9szv\u00e9telre is.<\/em><\/p>\n<p><strong>1. nap: Nagyv\u00e1rad \u2013 B\u00e1nffyhunyad \u2013 Kalotaszentkir\u00e1ly<br \/>\n<\/strong>Tal\u00e1lkoz\u00e1s a kora reggeli \u00f3r\u00e1kban Budapesten. Utaz\u00e1s, r\u00f6vid pihen\u0151kkel az \u00e1rt\u00e1ndi hat\u00e1r\u00e1tkel\u0151h\u00f6z. A hat\u00e1r\u00e1tkel\u00e9s ut\u00e1n \u00e9rkez\u00e9s Nagyv\u00e1radra, v\u00e1rosn\u00e9z\u00e9s: P\u00fcsp\u00f6ki sz\u00e9kesegyh\u00e1z, Kanonok sor, Szent L\u00e1szl\u00f3-szobor. B\u00e1nffyhunyadon l\u00e1togat\u00e1s a jellegzetes kalotaszegi reform\u00e1tus templomban, majd utaz\u00e1s tov\u00e1bb Kalotaszentkir\u00e1lyra, a sz\u00e1ll\u00e1sad\u00f3 faluba. Ismerked\u00e9s Kalotaszeg n\u00e9pm\u0171v\u00e9szet\u00e9vel. Az \u00edzletes vacsora elfogyaszt\u00e1sa ut\u00e1n a sz\u00e1ll\u00e1shelyek elfoglal\u00e1sa.<\/p>\n<p><a href=\"https:\/\/www.goforgo.hu\/index.php\/szekelyfold-legszebb-tajain\/kolozsvari-matyas-szobor\/\" rel=\"attachment wp-att-5440\"><img loading=\"lazy\" decoding=\"async\" class=\"alignnone size-full wp-image-5440\" src=\"https:\/\/www.goforgo.hu\/wp-content\/uploads\/2020\/02\/kolozsvari-matyas-szobor.jpg\" alt=\"\" width=\"900\" height=\"464\" srcset=\"https:\/\/www.goforgo.hu\/wp-content\/uploads\/2020\/02\/kolozsvari-matyas-szobor.jpg 900w, https:\/\/www.goforgo.hu\/wp-content\/uploads\/2020\/02\/kolozsvari-matyas-szobor-300x155.jpg 300w, https:\/\/www.goforgo.hu\/wp-content\/uploads\/2020\/02\/kolozsvari-matyas-szobor-768x396.jpg 768w\" sizes=\"auto, (max-width: 900px) 100vw, 900px\" \/><\/a><\/p>\n<p><strong>2. nap: Kolozsv\u00e1r \u2013 Torock\u00f3 \u2013 Marosv\u00e1s\u00e1rhely \u2013 Szov\u00e1ta \u2013 Korond \u2013 Sz\u00e9kelyszentl\u00e9lek<br \/>\n<\/strong>Reggeli ut\u00e1n utaz\u00e1s Kolozsv\u00e1rra, ahol a v\u00e1ros f\u0151bb nevezetess\u00e9geivel ismerkedik meg a csoport: Szent Mih\u00e1ly-templom, M\u00e1ty\u00e1s kir\u00e1ly lovas szobra, M\u00e1ty\u00e1s kir\u00e1ly sz\u00fcl\u0151h\u00e1za, reform\u00e1tus templom, Szent Gy\u00f6rgy-szobor. Torock\u00f3n, az Europa Nostra d\u00edjas aranyossz\u00e9ki faluban s\u00e9ta a h\u00edres h\u00e1zsoron \u00e9s l\u00e1togat\u00e1s a m\u00fazeumban, ahol utasaink megismerhetik az egykori b\u00e1ny\u00e1szv\u00e1ros, Erd\u00e9ly legnyugatibb sz\u00e9kely telep\u00fcl\u00e9s\u00e9nek t\u00f6rt\u00e9net\u00e9t. Utaz\u00e1s tov\u00e1bb Marosv\u00e1s\u00e1rhelyre, v\u00e1rosn\u00e9z\u00e9s: Kult\u00farpalota, Toldalaghy-palota, Teleki-t\u00e9ka. Szov\u00e1t\u00e1n kereszt\u00fcl \u00e9rkez\u00e9s Korondra. V\u00e1s\u00e1rl\u00e1si lehet\u0151s\u00e9g a sz\u00e9kely k\u00e9zm\u0171vesek port\u00e9k\u00e1ib\u00f3l. Vacsora \u00e9s sz\u00e1ll\u00e1s Sz\u00e9kelyszentl\u00e9leken. (3 \u00e9j)<\/p>\n<p><img loading=\"lazy\" decoding=\"async\" class=\"size-large wp-image-4659 aligncenter\" src=\"https:\/\/www.goforgo.hu\/wp-content\/uploads\/2016\/01\/IMG_20140310_124153-1024x768.jpg\" alt=\"IMG_20140310_124153\" width=\"1024\" height=\"768\" srcset=\"https:\/\/www.goforgo.hu\/wp-content\/uploads\/2016\/01\/IMG_20140310_124153-1024x768.jpg 1024w, https:\/\/www.goforgo.hu\/wp-content\/uploads\/2016\/01\/IMG_20140310_124153-300x225.jpg 300w, https:\/\/www.goforgo.hu\/wp-content\/uploads\/2016\/01\/IMG_20140310_124153-768x576.jpg 768w\" sizes=\"auto, (max-width: 1024px) 100vw, 1024px\" \/><\/p>\n<p><strong>3. Nap:\u00a0<span class=\"fontstyle0\">Cs\u00edkszereda \u2013\u00a0Cs\u00edksomly\u00f3\u00a0\u2013 Gyilkos-t\u00f3 \u2013 B\u00e9k\u00e1s-szoros<br \/>\n<\/span><\/strong><span class=\"fontstyle2\">Utaz\u00e1s Cs\u00edksomly\u00f3ra, l\u00e1togat\u00e1s a kegytemplomban. Cs\u00edksz\u00e9ken utazva meg\u00e1ll\u00f3 a mad\u00e9falvi Siculicidium-eml\u00e9km\u0171n\u00e9l \u00e9s a karcfalvi XV. sz\u00e1zadi er\u0151d\u00edtett templomn\u00e1l. A Maros foly\u00f3 forr\u00e1s\u00e1n\u00e1l el\u00e9rj\u00fck a Gyergy\u00f3i-medenc\u00e9t, innen felmegy\u00fcnk a K\u00e1rp\u00e1tokba a Gyilkos-t\u00f3hoz. S\u00e9ta a t\u00f3n\u00e1l, lehet\u0151s\u00e9g k\u00fcrt\u00f6skal\u00e1csoz\u00e1sra. Majd tov\u00e1bb a B\u00e9k\u00e1s-szorosba. S\u00e9ta a l\u00e9legzetel\u00e1ll\u00edt\u00f3 szikl\u00e1k t\u00f6v\u00e9ben eg\u00e9szen a \u201cpokol torn\u00e1c\u00e1ig\u201d. Utaz\u00e1s Borzontra, a G\u00f6rg\u00e9nyi-havasok l\u00e1b\u00e1hoz, egy erdei fogad\u00f3ba, ahol egy hangulatos sz\u00e9kely vacsoraestben \u00e9s feledhetetlen erdei kocsik\u00e1z\u00e1sban lesz a csoportnak r\u00e9sze. (Az \u00e1prilisi \u00e9s j\u00faniusi id\u0151pontban a zen\u00e9s vacsora Sz\u00e9kelyszentl\u00e9leken lesz, a kocsik\u00e1z\u00e1s pedig fel a Gordon-hegyre, a Krisztus Kil\u00e1t\u00f3hoz.)<\/span><\/p>\n<p><a href=\"https:\/\/www.goforgo.hu\/index.php\/2246-2\/bekas-szoros\/\" rel=\"attachment wp-att-2290\"><img loading=\"lazy\" decoding=\"async\" class=\"alignnone size-large wp-image-2290\" src=\"https:\/\/www.goforgo.hu\/wp-content\/uploads\/2017\/01\/b\u00e9k\u00e1s-szoros-1024x768.jpg\" alt=\"bekas-szoros\" width=\"1024\" height=\"768\" srcset=\"https:\/\/www.goforgo.hu\/wp-content\/uploads\/2017\/01\/b\u00e9k\u00e1s-szoros-1024x768.jpg 1024w, https:\/\/www.goforgo.hu\/wp-content\/uploads\/2017\/01\/b\u00e9k\u00e1s-szoros-300x225.jpg 300w, https:\/\/www.goforgo.hu\/wp-content\/uploads\/2017\/01\/b\u00e9k\u00e1s-szoros-768x576.jpg 768w, https:\/\/www.goforgo.hu\/wp-content\/uploads\/2017\/01\/b\u00e9k\u00e1s-szoros.jpg 1424w\" sizes=\"auto, (max-width: 1024px) 100vw, 1024px\" \/><\/a><\/p>\n<p><strong>4. Nap:<\/strong>\u00a0<b>Farkaslaka \u2013 Madarasi Hargita \u2013 Sz\u00e9kelyudvarhely \u2013 Medveles<br \/>\n<\/b>Farkaslak\u00e1n tisztelg\u00e9s Tam\u00e1si \u00c1ron eml\u00e9k\u00e9nek. Utaz\u00e1s Iv\u00f3ba, ahol \u00e1tsz\u00e1llnak a traktor vontatta szekerekre, terepj\u00e1r\u00f3ra, amelyeken egy vid\u00e1m kir\u00e1ndul\u00e1s veszi kezdet\u00e9t a Madarasi Hargit\u00e1ra, azaz a sz\u00e9kelyek szent hegy\u00e9re, amely 1801 m\u00e9teres tengerszint feletti magass\u00e1gon fekszik. A traktor a mened\u00e9kh\u00e1zig viszi utasainkat, innen m\u00e1r csak m\u00e1sf\u00e9l kilom\u00e9teres gyalogt\u00fara a kopjaf\u00e1kkal t\u0171zdelt cs\u00facs (de lehets\u00e9ges a mened\u00e9kh\u00e1zn\u00e1l is meg\u00e1llni, \u00e9s ital, \u00e9tel mellett gy\u00f6ny\u00f6rk\u00f6dni a t\u00e1jban). A Madarasi Hargita megh\u00f3d\u00edt\u00e1s\u00e1nak elengedhetetlen r\u00e9sze a Sz\u00f6k\u0151-v\u00edzes\u00e9s \u00e9s l\u00e1p felkeres\u00e9se. A kir\u00e1ndul\u00e1s ut\u00e1n utasaink vissza\u00e9rkeznek a sz\u00e1ll\u00e1sad\u00f3 faluba. \u00dat k\u00f6zben meg\u00e1ll\u00f3 Sz\u00e9kelyudvarhelyen, r\u00f6vid ismerked\u00e9s a v\u00e1rossal. Az izgalmakban teli nap megkoron\u00e1z\u00e1sak\u00e9nt egy esti programot aj\u00e1nlunk. Terepj\u00e1r\u00f3kkal vissz\u00fck el az \u00e9rdekl\u0151d\u0151ket az erd\u0151 m\u00e9ly\u00e9re, ahol ki\u00e9p\u00edtett medvelesb\u0151l figyelhet\u0151 meg a K\u00e1rp\u00e1tok cs\u00facsragad\u00f3z\u00f3ja, a barnamedve. M\u00e1sik fakultat\u00edv lehet\u0151s\u00e9g, hogy terepj\u00e1r\u00f3 j\u00e1rm\u0171vekkel felvisznek minket a Gordon-hegyre, a m\u00e9lt\u00e1n h\u00edres Krisztus kil\u00e1t\u00f3hoz, ahonn\u00e9t tiszta id\u0151ben a D\u00e9li-K\u00e1rp\u00e1tokig is ell\u00e1thatunk.<\/p>\n<p><span class=\"fontstyle2\"><a href=\"https:\/\/www.goforgo.hu\/index.php\/szekelyfold-legszebb-tajain\/sam_6935\/\" rel=\"attachment wp-att-4661\"><img loading=\"lazy\" decoding=\"async\" class=\"alignnone size-large wp-image-4661\" src=\"https:\/\/www.goforgo.hu\/wp-content\/uploads\/2016\/01\/SAM_6935-1024x768.jpg\" alt=\"SAM_6935\" width=\"1024\" height=\"768\" srcset=\"https:\/\/www.goforgo.hu\/wp-content\/uploads\/2016\/01\/SAM_6935-1024x768.jpg 1024w, https:\/\/www.goforgo.hu\/wp-content\/uploads\/2016\/01\/SAM_6935-300x225.jpg 300w, https:\/\/www.goforgo.hu\/wp-content\/uploads\/2016\/01\/SAM_6935-768x576.jpg 768w\" sizes=\"auto, (max-width: 1024px) 100vw, 1024px\" \/><\/a><\/span><\/p>\n<p><a href=\"https:\/\/www.goforgo.hu\/index.php\/szekelyfold-legszebb-tajain\/sam_0768\/\" rel=\"attachment wp-att-4663\"><img loading=\"lazy\" decoding=\"async\" class=\"alignnone size-large wp-image-4663\" src=\"https:\/\/www.goforgo.hu\/wp-content\/uploads\/2016\/01\/SAM_0768-1024x683.jpg\" alt=\"SAM_0768\" width=\"1024\" height=\"683\" srcset=\"https:\/\/www.goforgo.hu\/wp-content\/uploads\/2016\/01\/SAM_0768-1024x683.jpg 1024w, https:\/\/www.goforgo.hu\/wp-content\/uploads\/2016\/01\/SAM_0768-300x200.jpg 300w, https:\/\/www.goforgo.hu\/wp-content\/uploads\/2016\/01\/SAM_0768-768x512.jpg 768w\" sizes=\"auto, (max-width: 1024px) 100vw, 1024px\" \/><\/a><\/p>\n<p><strong>5. Nap:\u00a0<span class=\"fontstyle0\">Segesv\u00e1r \u2013 Torda \u2013 K\u00f6r\u00f6sf\u0151<br \/>\n<\/span><\/strong><span class=\"fontstyle2\">A korai reggeli ut\u00e1n utaz\u00e1s Segesv\u00e1rra, v\u00e1rosn\u00e9z\u00e9s: \u00d3v\u00e1ros, \u00d3ratorony, Schuller-h\u00e1z. Tord\u00e1n izgalmas l\u00e1togat\u00e1s a sok \u00e9vsz\u00e1zada \u00fczemel\u0151, l\u00e1tv\u00e1nyos s\u00f3b\u00e1ny\u00e1ban. A Kir\u00e1lyh\u00e1g\u00f3n vagy K\u00f6r\u00f6sf\u0151n pihen\u0151, majd \u00e9rkez\u00e9s az \u00e1rt\u00e1ndi hat\u00e1r\u00e1tkel\u0151h\u00f6z. \u00c9rkez\u00e9s Budapestre az esti \u00f3r\u00e1kban.<\/span><\/p>\n<\/div>\n<h2 style=\"text-align: center;\"><strong>R\u00e9szv\u00e9teli d\u00edj:<\/strong> 172 600 Ft\/f\u0151<\/h2>\n<p><strong>Egy\u00e1gyas fel\u00e1r:<\/strong> 28.000 Ft\/f\u0151<\/p>\n<p><strong>\u00fatlemond\u00e1si biztos\u00edt\u00e1s:<\/strong> a r\u00e9szv\u00e9teli d\u00edj 2,5 %<\/p>\n<p><strong>K\u00f6telez\u0151\u00a0 baleset-, betegs\u00e9g-, poggy\u00e1szbiztos\u00edt\u00e1s:<\/strong> 3300 Ft\/f\u0151<\/p>\n<p><strong>Bel\u00e9p\u0151k:<\/strong> kb. 125 RON\/f\u0151<\/p>\n<p><strong>Fakultat\u00edv programok:<\/strong><\/p>\n<\/div>\n<div class=\"sw_s1_offer_program\">&#8211; Medveles: 11 800 Ft\/f\u0151<\/div>\n<div><\/div>\n<div class=\"sw_s1_offer_program\"><strong>A r\u00e9szv\u00e9teli d\u00edj tartalmazza:<\/strong> a 4 \u00e9jszakai sz\u00e1ll\u00e1st faluturizmusban, f\u00e9lpanzi\u00f3s ell\u00e1t\u00e1ssal, az aut\u00f3buszos utaz\u00e1st \u00e9s az idegenvezet\u00e9st<\/div>\n<div class=\"sw_s1_offer_program\"><strong>A r\u00e9szv\u00e9teli d\u00edj nem tartalmazza:<\/strong> az \u00fatlemond\u00e1si biztos\u00edt\u00e1st \u00e9s baleset-, betegs\u00e9g-, poggy\u00e1szbiztos\u00edt\u00e1st \u00e9s a bel\u00e9p\u0151d\u00edjakat<\/div>\n","protected":false},"excerpt":{"rendered":"<p>Id\u0151pontok: 2026. \u00e1prilis 29.- m\u00e1jus 3., 2026. j\u00falius 22-26., 2026. szeptember 9-13., Utaz\u00e1s:\u00a0k\u00e9nyelmes, l\u00e9gkond\u00edcion\u00e1lt aut\u00f3busszal\u00a0 \u00a0 \u00a0 \u00a0 \u00a0 \u00a0 \u00a0 \u00a0 \u00a0 \u00a0 \u00a0 Id\u0151tartam: 5 nap\/4 \u00e9jszaka \u00datvonal: Erd\u00e9ly, Sz\u00e9kelyf\u00f6ld, Partium, Nagyv\u00e1rad, B\u00e1nffyhunyad, Kolozsv\u00e1r, Torda, Szov\u00e1ta, Parajd, Farkaslaka, Sz\u00e9kelyudvarhely, Gyergy\u00f3szentmikl\u00f3s, Cs\u00edkszereda, Cs\u00edksomly\u00f3, Szent Anna-t\u00f3, Gyilkos-t\u00f3, Torock\u00f3, Gyergy\u00f3sz\u00e1rhegy, B\u00e9k\u00e1s-szoros, Mad\u00e9falva, Sz\u00e9kelyszentl\u00e9lek, Korond, Karcfalva, Karcfalva Elhelyez\u00e9s: faluturizmusban, 2 \u00e1gyas szob\u00e1kban f\u00fcrd\u0151szoba-haszn\u00e1lattal Ell\u00e1t\u00e1s: f\u00e9lpanzi\u00f3 (reggeli \u00e9s vacsora) \u00a0 Program Sok \u00e9ve t\u00f6retlen\u00fcl n\u00e9pszer\u0171 utunk f\u0151 c\u00e9lja Erd\u00e9ly legmegkap\u00f3bb r\u00e9sze, a Sz\u00e9kelyf\u00f6ld. A ter\u00fclet legn\u00e9pszer\u0171bb l\u00e1tnival\u00f3i mellett lehet\u0151s\u00e9g van egy, a Madarasi-Hargit\u00e1ra felviv\u0151 kir\u00e1ndul\u00e1sra \u00e9s esti medvelesen val\u00f3 r\u00e9szv\u00e9telre is. 1. nap: Nagyv\u00e1rad \u2013 B\u00e1nffyhunyad \u2013 Kalotaszentkir\u00e1ly Tal\u00e1lkoz\u00e1s a kora reggeli \u00f3r\u00e1kban Budapesten. Utaz\u00e1s, r\u00f6vid pihen\u0151kkel az \u00e1rt\u00e1ndi hat\u00e1r\u00e1tkel\u0151h\u00f6z. A hat\u00e1r\u00e1tkel\u00e9s ut\u00e1n \u00e9rkez\u00e9s Nagyv\u00e1radra, v\u00e1rosn\u00e9z\u00e9s: P\u00fcsp\u00f6ki sz\u00e9kesegyh\u00e1z, Kanonok sor, Szent L\u00e1szl\u00f3-szobor. B\u00e1nffyhunyadon l\u00e1togat\u00e1s a jellegzetes kalotaszegi reform\u00e1tus templomban, majd utaz\u00e1s tov\u00e1bb Kalotaszentkir\u00e1lyra, a sz\u00e1ll\u00e1sad\u00f3 faluba. Ismerked\u00e9s Kalotaszeg n\u00e9pm\u0171v\u00e9szet\u00e9vel. Az \u00edzletes vacsora elfogyaszt\u00e1sa ut\u00e1n a sz\u00e1ll\u00e1shelyek elfoglal\u00e1sa. 2. nap: Kolozsv\u00e1r \u2013 Torock\u00f3 \u2013 Marosv\u00e1s\u00e1rhely \u2013 Szov\u00e1ta \u2013 Korond \u2013 Sz\u00e9kelyszentl\u00e9lek Reggeli ut\u00e1n utaz\u00e1s Kolozsv\u00e1rra, ahol a v\u00e1ros f\u0151bb nevezetess\u00e9geivel ismerkedik meg a csoport: Szent Mih\u00e1ly-templom, M\u00e1ty\u00e1s kir\u00e1ly lovas szobra, M\u00e1ty\u00e1s kir\u00e1ly sz\u00fcl\u0151h\u00e1za, reform\u00e1tus templom, Szent Gy\u00f6rgy-szobor. Torock\u00f3n, az Europa Nostra d\u00edjas aranyossz\u00e9ki faluban s\u00e9ta a h\u00edres h\u00e1zsoron \u00e9s l\u00e1togat\u00e1s a m\u00fazeumban, ahol utasaink megismerhetik az egykori b\u00e1ny\u00e1szv\u00e1ros, Erd\u00e9ly legnyugatibb sz\u00e9kely telep\u00fcl\u00e9s\u00e9nek t\u00f6rt\u00e9net\u00e9t. Utaz\u00e1s tov\u00e1bb Marosv\u00e1s\u00e1rhelyre, v\u00e1rosn\u00e9z\u00e9s: Kult\u00farpalota, Toldalaghy-palota, Teleki-t\u00e9ka. Szov\u00e1t\u00e1n kereszt\u00fcl \u00e9rkez\u00e9s Korondra. V\u00e1s\u00e1rl\u00e1si lehet\u0151s\u00e9g a sz\u00e9kely k\u00e9zm\u0171vesek port\u00e9k\u00e1ib\u00f3l. Vacsora \u00e9s sz\u00e1ll\u00e1s Sz\u00e9kelyszentl\u00e9leken. (3 \u00e9j) 3. Nap:\u00a0Cs\u00edkszereda \u2013\u00a0Cs\u00edksomly\u00f3\u00a0\u2013 Gyilkos-t\u00f3 \u2013 B\u00e9k\u00e1s-szoros Utaz\u00e1s Cs\u00edksomly\u00f3ra, l\u00e1togat\u00e1s a kegytemplomban. Cs\u00edksz\u00e9ken utazva meg\u00e1ll\u00f3 a mad\u00e9falvi Siculicidium-eml\u00e9km\u0171n\u00e9l \u00e9s a karcfalvi XV. sz\u00e1zadi er\u0151d\u00edtett templomn\u00e1l. A Maros foly\u00f3 forr\u00e1s\u00e1n\u00e1l el\u00e9rj\u00fck a Gyergy\u00f3i-medenc\u00e9t, innen felmegy\u00fcnk a K\u00e1rp\u00e1tokba a Gyilkos-t\u00f3hoz. S\u00e9ta a t\u00f3n\u00e1l, lehet\u0151s\u00e9g k\u00fcrt\u00f6skal\u00e1csoz\u00e1sra. Majd tov\u00e1bb a B\u00e9k\u00e1s-szorosba. S\u00e9ta a l\u00e9legzetel\u00e1ll\u00edt\u00f3 szikl\u00e1k t\u00f6v\u00e9ben eg\u00e9szen a \u201cpokol torn\u00e1c\u00e1ig\u201d. Utaz\u00e1s Borzontra, a G\u00f6rg\u00e9nyi-havasok l\u00e1b\u00e1hoz, egy erdei fogad\u00f3ba, ahol egy hangulatos sz\u00e9kely vacsoraestben \u00e9s feledhetetlen erdei kocsik\u00e1z\u00e1sban lesz a csoportnak r\u00e9sze. (Az \u00e1prilisi \u00e9s j\u00faniusi id\u0151pontban a zen\u00e9s vacsora Sz\u00e9kelyszentl\u00e9leken lesz, a kocsik\u00e1z\u00e1s pedig fel a Gordon-hegyre, a Krisztus Kil\u00e1t\u00f3hoz.) 4. Nap:\u00a0Farkaslaka \u2013 Madarasi Hargita \u2013 Sz\u00e9kelyudvarhely \u2013 Medveles Farkaslak\u00e1n tisztelg\u00e9s Tam\u00e1si \u00c1ron eml\u00e9k\u00e9nek. Utaz\u00e1s Iv\u00f3ba, ahol \u00e1tsz\u00e1llnak a traktor vontatta szekerekre, terepj\u00e1r\u00f3ra, amelyeken egy vid\u00e1m kir\u00e1ndul\u00e1s veszi kezdet\u00e9t a Madarasi Hargit\u00e1ra, azaz a sz\u00e9kelyek szent hegy\u00e9re, amely 1801 m\u00e9teres tengerszint feletti magass\u00e1gon fekszik. A traktor a mened\u00e9kh\u00e1zig viszi utasainkat, innen m\u00e1r csak m\u00e1sf\u00e9l kilom\u00e9teres gyalogt\u00fara a kopjaf\u00e1kkal t\u0171zdelt cs\u00facs (de lehets\u00e9ges a mened\u00e9kh\u00e1zn\u00e1l is meg\u00e1llni, \u00e9s ital, \u00e9tel mellett gy\u00f6ny\u00f6rk\u00f6dni a t\u00e1jban). A Madarasi Hargita megh\u00f3d\u00edt\u00e1s\u00e1nak elengedhetetlen r\u00e9sze a Sz\u00f6k\u0151-v\u00edzes\u00e9s \u00e9s l\u00e1p felkeres\u00e9se. A kir\u00e1ndul\u00e1s ut\u00e1n utasaink vissza\u00e9rkeznek a sz\u00e1ll\u00e1sad\u00f3 faluba. \u00dat k\u00f6zben meg\u00e1ll\u00f3 Sz\u00e9kelyudvarhelyen, r\u00f6vid ismerked\u00e9s a v\u00e1rossal. Az izgalmakban teli nap megkoron\u00e1z\u00e1sak\u00e9nt egy esti programot aj\u00e1nlunk. Terepj\u00e1r\u00f3kkal vissz\u00fck el az \u00e9rdekl\u0151d\u0151ket az erd\u0151 m\u00e9ly\u00e9re, ahol ki\u00e9p\u00edtett medvelesb\u0151l figyelhet\u0151 meg a K\u00e1rp\u00e1tok cs\u00facsragad\u00f3z\u00f3ja, a barnamedve. M\u00e1sik fakultat\u00edv lehet\u0151s\u00e9g, hogy terepj\u00e1r\u00f3 j\u00e1rm\u0171vekkel felvisznek minket a Gordon-hegyre, a m\u00e9lt\u00e1n h\u00edres Krisztus kil\u00e1t\u00f3hoz, ahonn\u00e9t tiszta id\u0151ben a D\u00e9li-K\u00e1rp\u00e1tokig is ell\u00e1thatunk. 5. Nap:\u00a0Segesv\u00e1r \u2013 Torda \u2013 K\u00f6r\u00f6sf\u0151 A korai reggeli ut\u00e1n utaz\u00e1s Segesv\u00e1rra, v\u00e1rosn\u00e9z\u00e9s: \u00d3v\u00e1ros, \u00d3ratorony, Schuller-h\u00e1z. Tord\u00e1n izgalmas l\u00e1togat\u00e1s a sok \u00e9vsz\u00e1zada \u00fczemel\u0151, l\u00e1tv\u00e1nyos s\u00f3b\u00e1ny\u00e1ban. A Kir\u00e1lyh\u00e1g\u00f3n vagy K\u00f6r\u00f6sf\u0151n pihen\u0151, majd \u00e9rkez\u00e9s az \u00e1rt\u00e1ndi hat\u00e1r\u00e1tkel\u0151h\u00f6z. \u00c9rkez\u00e9s Budapestre az esti \u00f3r\u00e1kban. R\u00e9szv\u00e9teli d\u00edj: 172 600 Ft\/f\u0151 Egy\u00e1gyas fel\u00e1r: 28.000 Ft\/f\u0151 \u00fatlemond\u00e1si biztos\u00edt\u00e1s: a r\u00e9szv\u00e9teli d\u00edj 2,5 % K\u00f6telez\u0151\u00a0 baleset-, betegs\u00e9g-, poggy\u00e1szbiztos\u00edt\u00e1s: 3300 Ft\/f\u0151 Bel\u00e9p\u0151k: kb. 125 RON\/f\u0151 Fakultat\u00edv programok: &#8211; Medveles: 11 800 Ft\/f\u0151 A r\u00e9szv\u00e9teli d\u00edj tartalmazza: a 4 \u00e9jszakai sz\u00e1ll\u00e1st faluturizmusban, f\u00e9lpanzi\u00f3s ell\u00e1t\u00e1ssal, az aut\u00f3buszos utaz\u00e1st \u00e9s az idegenvezet\u00e9st A r\u00e9szv\u00e9teli d\u00edj nem tartalmazza: az \u00fatlemond\u00e1si biztos\u00edt\u00e1st \u00e9s baleset-, betegs\u00e9g-, poggy\u00e1szbiztos\u00edt\u00e1st \u00e9s a bel\u00e9p\u0151d\u00edjakat<\/p>\n","protected":false},"author":1,"featured_media":0,"parent":0,"menu_order":0,"comment_status":"closed","ping_status":"closed","template":"","meta":{"footnotes":""},"class_list":["post-605","page","type-page","status-publish","hentry"],"_links":{"self":[{"href":"https:\/\/www.goforgo.hu\/index.php\/wp-json\/wp\/v2\/pages\/605","targetHints":{"allow":["GET"]}}],"collection":[{"href":"https:\/\/www.goforgo.hu\/index.php\/wp-json\/wp\/v2\/pages"}],"about":[{"href":"https:\/\/www.goforgo.hu\/index.php\/wp-json\/wp\/v2\/types\/page"}],"author":[{"embeddable":true,"href":"https:\/\/www.goforgo.hu\/index.php\/wp-json\/wp\/v2\/users\/1"}],"replies":[{"embeddable":true,"href":"https:\/\/www.goforgo.hu\/index.php\/wp-json\/wp\/v2\/comments?post=605"}],"version-history":[{"count":24,"href":"https:\/\/www.goforgo.hu\/index.php\/wp-json\/wp\/v2\/pages\/605\/revisions"}],"predecessor-version":[{"id":7893,"href":"https:\/\/www.goforgo.hu\/index.php\/wp-json\/wp\/v2\/pages\/605\/revisions\/7893"}],"wp:attachment":[{"href":"https:\/\/www.goforgo.hu\/index.php\/wp-json\/wp\/v2\/media?parent=605"}],"curies":[{"name":"wp","href":"https:\/\/api.w.org\/{rel}","templated":true}]}}