{"id":6066,"date":"2023-03-02T16:59:03","date_gmt":"2023-03-02T16:59:03","guid":{"rendered":"https:\/\/www.goforgo.hu\/?page_id=6066"},"modified":"2026-01-30T12:59:54","modified_gmt":"2026-01-30T12:59:54","slug":"boszniai-piramisok-2","status":"publish","type":"page","link":"https:\/\/www.goforgo.hu\/index.php\/boszniai-piramisok-2\/","title":{"rendered":"Boszniai piramisok id\u0151pontok"},"content":{"rendered":"<div class=\"wp-block-image\">\n<figure class=\"aligncenter size-large is-resized\"><a href=\"https:\/\/www.goforgo.hu\/wp-content\/uploads\/2023\/09\/Pyramide-der-Sonne.jpg\"><img loading=\"lazy\" decoding=\"async\" width=\"1024\" height=\"691\" src=\"https:\/\/www.goforgo.hu\/wp-content\/uploads\/2023\/09\/Pyramide-der-Sonne-1024x691.jpg\" alt=\"\" class=\"wp-image-6337\" style=\"width:557px;height:375px\" srcset=\"https:\/\/www.goforgo.hu\/wp-content\/uploads\/2023\/09\/Pyramide-der-Sonne-1024x691.jpg 1024w, https:\/\/www.goforgo.hu\/wp-content\/uploads\/2023\/09\/Pyramide-der-Sonne-768x518.jpg 768w, https:\/\/www.goforgo.hu\/wp-content\/uploads\/2023\/09\/Pyramide-der-Sonne.jpg 1506w\" sizes=\"auto, (max-width: 1024px) 100vw, 1024px\" \/><\/a><\/figure><\/div>\n\n\n<p>Utaz\u00e1sainkat a jelentkez\u0151k l\u00e9tsz\u00e1m\u00e1hoz igaz\u00edtjuk, \u00edgy ha nem j\u00f6n \u00f6ssze a minimum l\u00e9tsz\u00e1ma a nagybuszra, akkor se mondjuk le, akkor kis kisbusszal indulunk.<\/p>\n\n\n\n<p class=\"has-medium-font-size\"><a href=\"https:\/\/www.goforgo.hu\/index.php\/boszniai-piramisok-extra\/\" data-type=\"page\" data-id=\"7677\">Kis buszos EXTRA programunk: <br>2026.04.07-11.<\/a><\/p>\n\n\n\n<p><\/p>\n\n\n\n<figure class=\"wp-block-image size-large\"><a href=\"https:\/\/www.goforgo.hu\/wp-content\/uploads\/2015\/10\/boszniai-banner.jpg\"><img loading=\"lazy\" decoding=\"async\" width=\"1024\" height=\"276\" src=\"https:\/\/www.goforgo.hu\/wp-content\/uploads\/2015\/10\/boszniai-banner-1024x276.jpg\" alt=\"\" class=\"wp-image-602\" srcset=\"https:\/\/www.goforgo.hu\/wp-content\/uploads\/2015\/10\/boszniai-banner-1024x276.jpg 1024w, https:\/\/www.goforgo.hu\/wp-content\/uploads\/2015\/10\/boszniai-banner-300x81.jpg 300w, https:\/\/www.goforgo.hu\/wp-content\/uploads\/2015\/10\/boszniai-banner.jpg 1200w\" sizes=\"auto, (max-width: 1024px) 100vw, 1024px\" \/><\/a><\/figure>\n","protected":false},"excerpt":{"rendered":"<p>Utaz\u00e1sainkat a jelentkez\u0151k l\u00e9tsz\u00e1m\u00e1hoz igaz\u00edtjuk, \u00edgy ha nem j\u00f6n \u00f6ssze a minimum l\u00e9tsz\u00e1ma a nagybuszra, akkor se mondjuk le, akkor kis kisbusszal indulunk. Kis buszos EXTRA programunk: 2026.04.07-11.<\/p>\n","protected":false},"author":1,"featured_media":0,"parent":0,"menu_order":0,"comment_status":"closed","ping_status":"closed","template":"","meta":{"footnotes":""},"class_list":["post-6066","page","type-page","status-publish","hentry"],"_links":{"self":[{"href":"https:\/\/www.goforgo.hu\/index.php\/wp-json\/wp\/v2\/pages\/6066","targetHints":{"allow":["GET"]}}],"collection":[{"href":"https:\/\/www.goforgo.hu\/index.php\/wp-json\/wp\/v2\/pages"}],"about":[{"href":"https:\/\/www.goforgo.hu\/index.php\/wp-json\/wp\/v2\/types\/page"}],"author":[{"embeddable":true,"href":"https:\/\/www.goforgo.hu\/index.php\/wp-json\/wp\/v2\/users\/1"}],"replies":[{"embeddable":true,"href":"https:\/\/www.goforgo.hu\/index.php\/wp-json\/wp\/v2\/comments?post=6066"}],"version-history":[{"count":18,"href":"https:\/\/www.goforgo.hu\/index.php\/wp-json\/wp\/v2\/pages\/6066\/revisions"}],"predecessor-version":[{"id":7683,"href":"https:\/\/www.goforgo.hu\/index.php\/wp-json\/wp\/v2\/pages\/6066\/revisions\/7683"}],"wp:attachment":[{"href":"https:\/\/www.goforgo.hu\/index.php\/wp-json\/wp\/v2\/media?parent=6066"}],"curies":[{"name":"wp","href":"https:\/\/api.w.org\/{rel}","templated":true}]}}