{"id":6073,"date":"2023-03-02T17:23:20","date_gmt":"2023-03-02T17:23:20","guid":{"rendered":"https:\/\/www.goforgo.hu\/?page_id=6073"},"modified":"2025-05-14T15:53:59","modified_gmt":"2025-05-14T15:53:59","slug":"boszniai-piramisok-2-2","status":"publish","type":"page","link":"https:\/\/www.goforgo.hu\/index.php\/boszniai-piramisok-2-2\/","title":{"rendered":"Boszniai Piramisok Szentgy\u00f6rgyi Dezs\u0151vel &#8211; 4 nap"},"content":{"rendered":"\n<p><\/p>\n\n\n\n<p class=\"has-text-align-center has-luminous-vivid-amber-color has-text-color has-large-font-size\"><strong>id\u0151pontok: <\/strong><\/p>\n\n\n\n<p class=\"has-text-align-center has-luminous-vivid-amber-color has-text-color has-large-font-size\"><strong>2025.04.19-22.<\/strong> \u00e9s <strong>2025.06.14-17.<\/strong><\/p>\n\n\n\n<p class=\"has-text-align-center has-luminous-vivid-orange-color has-text-color has-medium-font-size\"><a href=\"https:\/\/www.goforgo.hu\/index.php\/bosznia-juhasz-andreaval\/\" data-type=\"page\" data-id=\"6086\">az 5 napos extra programot itt tekintheti meg<\/a><\/p>\n\n\n<p><strong><a href=\"https:\/\/www.goforgo.hu\/index.php\/proba-oldal\/boszniai-banner\/\" rel=\"attachment wp-att-602\"><img loading=\"lazy\" decoding=\"async\" class=\"alignnone size-large wp-image-602\" src=\"https:\/\/www.goforgo.hu\/wp-content\/uploads\/2015\/10\/boszniai-banner-1024x276.jpg\" alt=\"\" width=\"1024\" height=\"276\" srcset=\"https:\/\/www.goforgo.hu\/wp-content\/uploads\/2015\/10\/boszniai-banner-1024x276.jpg 1024w, https:\/\/www.goforgo.hu\/wp-content\/uploads\/2015\/10\/boszniai-banner-300x81.jpg 300w, https:\/\/www.goforgo.hu\/wp-content\/uploads\/2015\/10\/boszniai-banner.jpg 1200w\" sizes=\"auto, (max-width: 1024px) 100vw, 1024px\" \/><\/a><\/strong><\/p>\n<p><strong>\u00datvonal\u00a0\u00a0\u00a0 :<\/strong> Budapest \u2013 Udvar \u2013 Esz\u00e9k \u2013 Zavidovici &#8211; Visoko \u2013 Mostar &#8211; Budapest\u00a0 kb. 1600 km<\/p>\n<p><strong>Utaz\u00e1s\u00a0\u00a0\u00a0\u00a0\u00a0 :<\/strong> \u00a017 f\u0151s aut\u00f3busszal<\/p>\n<p><strong>Ell\u00e1t\u00e1s:<\/strong> f\u00e9lpanzi\u00f3 (3xreggeli+ 3xvacsora)<\/p>\n<p><strong>Id\u0151tartam:\u00a0\u00a0<\/strong> 4 nap \/3 \u00e9jszaka<\/p>\n<p><strong>Idegenvezet\u00e9s:\u00a0\u00a0\u00a0<\/strong> helyi szak\u00e9rt\u0151k<\/p>\n<p><!-- \/wp:table --><\/p>\n<p><!-- wp:paragraph --><\/p>\n<p><!-- \/wp:paragraph --><\/p>\n<p><!-- wp:paragraph --><\/p>\n<p style=\"text-align: left;\"><strong>1.nap<\/strong> <br \/>Indul\u00e1s <strong>5 \u00f3rakor, az Ecseri \u00fati\u00a0 OMV benzink\u00fat parkol\u00f3j\u00e1b\u00f3l (\u00dcll\u0151i \u00fat 137.)<\/strong> (v\u00e1rosb\u00f3l <strong>kifel\u00e9 vezet\u0151<\/strong>, templom fel\u0151li oldalon) \u00a0vagy: <strong>5.30-kor<\/strong> az M1-M7 aut\u00f3p\u00e1lya kifel\u00e9 vezet\u0151 oldal, <strong>Buda\u00f6rsi pihen\u0151hely, MOL k\u00fat parkol\u00f3<\/strong>. (Tov\u00e1bbi felsz\u00e1ll\u00e1si lehet\u0151s\u00e9g 8.00 Moh\u00e1cs melletti Tesco \u00e1ruh\u00e1z parkol\u00f3j\u00e1ban.) <strong>Indul\u00e1s el\u0151tt min. 2 nappal k\u00e9rj\u00fck jelezni, hogy hol szeretne felsz\u00e1llni! <\/strong>A magyar -horv\u00e1t, majd a horv\u00e1t-bosny\u00e1k hat\u00e1r \u00e1tl\u00e9p\u00e9se ut\u00e1n, d\u00e9lut\u00e1n \u00e9rkez\u00fcnk a Zavidovici \u00e9s Zepce v\u00e1rosok k\u00f6zel\u00e9ben felfedezett titokzatos k\u0151goly\u00f3khoz, ahol kb. 1,5 \u00f3ra \u00e1ll rendelkez\u00e9sre azok megtekint\u00e9s\u00e9re. Este \u00e9rkez\u00e9s a Szarajev\u00f3 k\u00fclv\u00e1ros\u00e1ban tal\u00e1lhat\u00f3 Hotelbe. Vacsora a sz\u00e1llod\u00e1ban. (kb. 550\u00a0km)<a href=\"https:\/\/www.goforgo.hu\/index.php\/a-boszniai-piramisok-titkai-4-napos\/bosznia-1\/\" rel=\"attachment wp-att-5772\"><img loading=\"lazy\" decoding=\"async\" class=\" wp-image-5772 aligncenter\" src=\"https:\/\/www.goforgo.hu\/wp-content\/uploads\/2022\/03\/Bosznia-1.jpg\" alt=\"\" width=\"399\" height=\"299\" \/><\/a><\/p>\n<p><strong>2.nap:<\/strong> Ezt a napot a \u201epiramisok v\u00f6lgy\u00e9ben\u201d t\u00f6ltj\u00fck, a rejt\u00e9lyes \u00e9p\u00edtm\u00e9nyek megismer\u00e9s\u00e9vel, felfedez\u00e9s\u00e9vel (a Visoko melletti piramisok v\u00f6lgye sz\u00e1ll\u00e1shely\u00fcnkt\u0151l mind\u00f6ssze 20 km-re fekszik)<\/p>\n<p>A nap folyam\u00e1n a k\u00f6vetkez\u0151 l\u00e1tnival\u00f3k v\u00e1rj\u00e1k utasainkat:<\/p>\n<p>&#8211; Felt\u00e1rt alag\u00fat rendszer (kb. 2 \u00f3r\u00e1ban)<br \/>&#8211; Nap piramis cs\u00facsa <br \/>&#8211; Nap piramis, \u00e9szaki oldal, k\u00fcls\u0151 felt\u00e1r\u00e1sok<\/p>\n<p>&#8211; Hold piramis cs\u00facsa<br \/>&#8211; Forr\u00e1sv\u00edz felv\u00e9tel a Hold piramis t\u00f6v\u00e9ben<\/p>\n<p>&#8211; Tumulus<\/p>\n<p>FIGYELEM! <strong>Szem\u00e9lyenk\u00e9nt max. 2-3 liter forr\u00e1sv\u00edz v\u00e9tel\u00e9re van lehet\u0151s\u00e9g \u00e9s id\u0151.<\/strong> <strong>A vizet csak z\u00e1rhat\u00f3 \u00fcvegben, m\u0171anyag flakonban tudjuk a buszba tenni!<\/strong><\/p>\n<p>18 \u00f3rakor vacsora a sz\u00e1llod\u00e1ban, majd indul\u00e1s\u00a0Szarajev\u00f3ba. A f\u0151v\u00e1rosban mintegy 2,5 \u00f3r\u00e1s s\u00e9ta keret\u00e9ben ismerkedhetnek meg a fontosabb\u00a0l\u00e1tnival\u00f3kkal.<br \/>Visszaindul\u00e1s\u00a0a hotelhez 22 -kor! (\u00d6sszesen kb 80 km)<\/p>\n<p><a href=\"https:\/\/www.goforgo.hu\/index.php\/a-boszniai-piramisok-titkai-4-napos\/bosznia-2\/\" rel=\"attachment wp-att-5773\"><img loading=\"lazy\" decoding=\"async\" class=\"size-full wp-image-5773 aligncenter\" src=\"https:\/\/www.goforgo.hu\/wp-content\/uploads\/2022\/03\/Bosznia-2-e1736959153409.jpg\" alt=\"\" width=\"650\" height=\"420\" \/><\/a><\/p>\n<p><strong>3.nap :<\/strong> Reggeli\u00a07.15-t\u0151l, majd indul\u00e1s 8.15-kor<br \/>Ezen a napon l\u00e9nyegesen t\u00f6bbet &#8211; mintegy\u00a0360\u00a0km-t &#8211; fogunk aut\u00f3busszal utazni! A program szerinti l\u00e1tnival\u00f3k:<\/p>\n<p>&#8211;\u00a0Stolac\u00a0kisv\u00e1ros melletti fenns\u00edkon tal\u00e1lhat\u00f3 rejt\u00e9lyes Darson\u00a0romv\u00e1ros. (kb. 2 \u00f3r\u00e1ban) az utols\u00f3 n\u00e9h\u00e1ny km-t itt mikr\u00f3 buszokkal\u00a0ill.\u00a0szem\u00e9lyg\u00e9pkocsikkal\u00a0tessz\u00fck meg. (K\u00f6lts\u00e9ge a r\u00e9szv\u00e9teli d\u00edjban)<\/p>\n<p>&#8211; Stolac mellett, az \u0151si bogumil temet\u0151t l\u00e1togatjuk meg<\/p>\n<p>&#8211;\u00a0Pocitej-ben\u00a0egy \u00f3r\u00e1s pihen\u0151 &#8211;\u00a0eb\u00e9del\u00e9si\u00a0lehet\u0151s\u00e9g. (fest\u0151i, t\u00f6r\u00f6k id\u0151kb\u0151l sz\u00e1rmaz\u00f3 kis telep\u00fcl\u00e9s a Neretva partj\u00e1n),<\/p>\n<p>&#8211; Mostar, a h\u00edres t\u00f6r\u00f6kkori h\u00edd megtekint\u00e9se, k\u00e1v\u00e9, ill. fagyi sz\u00fcnet \u2013 kb 1 \u00f3r\u00e1ban! Indul\u00e1s 18 \u00f3rakor Szarajev\u00f3 fel\u00e9.<\/p>\n<p>Este kilenc k\u00f6r\u00fcl \u00e9rkez\u00e9s a hotelbe, majd vacsora.<\/p>\n<p><a href=\"https:\/\/www.goforgo.hu\/index.php\/proba-oldal\/piramis-bosznia-3\/\" rel=\"attachment wp-att-1830\"><img loading=\"lazy\" decoding=\"async\" class=\"alignnone size-full wp-image-1830\" src=\"https:\/\/www.goforgo.hu\/wp-content\/uploads\/2015\/10\/piramis-bosznia-3.jpg\" alt=\"\" width=\"830\" height=\"623\" srcset=\"https:\/\/www.goforgo.hu\/wp-content\/uploads\/2015\/10\/piramis-bosznia-3.jpg 830w, https:\/\/www.goforgo.hu\/wp-content\/uploads\/2015\/10\/piramis-bosznia-3-300x225.jpg 300w, https:\/\/www.goforgo.hu\/wp-content\/uploads\/2015\/10\/piramis-bosznia-3-768x576.jpg 768w\" sizes=\"auto, (max-width: 830px) 100vw, 830px\" \/><\/a><\/p>\n<p><!-- \/wp:paragraph --><\/p>\n<p><!-- wp:paragraph --><\/p>\n<ol start=\"4\">\n<li><strong> nap:<\/strong> 8:00-kor reggeli, majd bepakol\u00e1s a buszba. 9-kor indul\u00e1s hazafel\u00e9! Ezen a napon Boszni\u00e1ban m\u00e9g egy l\u00e1tnival\u00f3 v\u00e1rja tisztelt utasainkat: Bikaci falu melletti erd\u0151ben fellelt titokzatos obeliszk.<\/li>\n<\/ol>\n<p>Ezek ut\u00e1n a sz\u00fcks\u00e9ges meg\u00e1ll\u00f3k (hat\u00e1rok, pihen\u0151helyek) kiv\u00e9tel\u00e9vel folyamatos utaz\u00e1s Budapestre. \u00c9rkez\u00e9s a k\u00e9s\u0151 esti \u00f3r\u00e1kban!\u00a0 Lesz\u00e1ll\u00e1si lehet\u0151s\u00e9g az aut\u00f3buszr\u00f3l a felsz\u00e1ll\u00e1ssal megegyez\u0151 helyeken!<\/p>\n<p><!-- \/wp:paragraph --><\/p>\n<p><!-- wp:heading --><\/p>\n<h2 style=\"text-align: center;\">R\u00e9szv\u00e9teli d\u00edj: <em>\u00a065 000 Ft + 400 \u20ac<\/em><\/h2>\n<p><!-- \/wp:heading --><\/p>\n<p><!-- wp:paragraph --><\/p>\n<p style=\"text-align: center;\"><strong><em>minimum l\u00e9tsz\u00e1m: 12 f\u0151 (ez alatt a l\u00e9tsz\u00e1m alatt a kis buszos programot nemj tudjuk ind\u00edtani)<\/em><\/strong><\/p>\n<p><!-- \/wp:paragraph --><\/p>\n<p><!-- wp:paragraph --><\/p>\n<p><strong><em><u>A r\u00e9szv\u00e9teli d\u00edj tartalmazza<\/u><\/em><\/strong><strong><em>:<\/em><\/strong><em> a 3 \u00e9jszaka sz\u00e1ll\u00e1st, 3 reggeli + 3 vacsora, az \u00f6sszes bel\u00e9p\u0151t, helyi idegenvezet\u0151k \u00e9s az \u00e1sat\u00e1son kutat\u00f3 munkat\u00e1rsak d\u00edjaz\u00e1s\u00e1t, \u00e9s az aut\u00f3buszos utaz\u00e1s minden k\u00f6lts\u00e9g\u00e9t.<\/em><\/p>\n<p><!-- \/wp:paragraph --><\/p>\n<p><!-- wp:paragraph --><\/p>\n<p><em><strong>A r\u00e9szv\u00e9teli d\u00edj nem tartalmazza:<\/strong> <\/em>a BBP biztos\u00edt\u00e1st, (mely irod\u00e1nkban megk\u00f6thet\u0151), utal\u00e1s eset\u00e9n +5 \u20ac banki k\u00f6lts\u00e9get, a tov\u00e1bbi \u00e9tkez\u00e9sek k\u00f6lts\u00e9g\u00e9t \u00e9s a sarajev\u00f3i s\u00f6r\u00f6z\u00e9st<\/p>\n<p><!-- \/wp:paragraph --><\/p>\n<p><!-- wp:paragraph --><\/p>\n<p><a href=\"https:\/\/www.goforgo.hu\/index.php\/proba-oldal\/collage-bosznia\/\" rel=\"attachment wp-att-5443\"><img loading=\"lazy\" decoding=\"async\" class=\"alignnone size-large wp-image-5443\" src=\"https:\/\/www.goforgo.hu\/wp-content\/uploads\/2020\/02\/collage-Bosznia-1024x338.jpg\" alt=\"\" width=\"1024\" height=\"338\" \/><\/a><\/p>\n<p><em><u>L\u00e1tnival\u00f3ink:<\/u><\/em><\/p>\n<p><!-- \/wp:paragraph --><\/p>\n<p><!-- wp:paragraph --><\/p>\n<p><em>K\u0151goly\u00f3k: Bosznia<\/em>-Hercegovina Zavidovic v\u00e1rosa k\u00f6zel\u00e9ben t\u00f6bb <em>k\u0151goly\u00f3t is<\/em> tal\u00e1ltak, melyeket egy patak medr\u00e9ben leltek fel \u00e9s k\u00fcl\u00f6nleges, gy\u00f3gy\u00edt\u00f3 kisug\u00e1rz\u00e1suk van.<\/p>\n<p><!-- \/wp:paragraph --><\/p>\n<p><!-- wp:image --><\/p>\n<figure class=\"wp-block-image\"><img alt=\"\" \/><a href=\"https:\/\/www.goforgo.hu\/index.php\/boszniai-piramisok-2-2\/1-fenysugar_300\/\" rel=\"attachment wp-att-6074\"><img loading=\"lazy\" decoding=\"async\" class=\"wp-image-6074 aligncenter\" src=\"https:\/\/www.goforgo.hu\/wp-content\/uploads\/2023\/03\/1-fenysugar_300.jpg\" alt=\"\" width=\"300\" height=\"400\" \/><\/a><\/figure>\n<p><!-- \/wp:image --><\/p>\n<p><!-- wp:paragraph --><\/p>\n<p>Helyi idegenvezet\u0151nk \u2013 aki m\u00e1r v\u00e1r a piramisokn\u00e1l, Visokon\u00e1l \u2013 a kutat\u00e1sban, \u00e1sat\u00e1sokban is r\u00e9szt vesz, \u00edgy els\u0151 k\u00e9zb\u0151l \u00e9rtes\u00fclhet\u00fcnk a helyi viszonyokr\u00f3l, kutat\u00e1sokr\u00f3l, energia vonalakr\u00f3l. Programunk sor\u00e1n megtekintj\u00fck a k\u00fcls\u0151 felt\u00e1r\u00e1sokat, a piramisok \u201ek\u00fcls\u0151 bor\u00edt\u00e1s\u00e1t\u201d \u00e9s a piramisok \u00e1ltal rejtett \u00e9p\u00edt\u00e9szeti, szakr\u00e1lis \u00e9s (rov\u00e1s)\u00edr\u00e1sos eml\u00e9keket. Bemegy\u00fcnk a piramis belsej\u00e9be, a m\u00e1r felt\u00e1rt j\u00e1ratokba, majd megm\u00e1sszuk a Nap Piramist \u00e9s felmegy\u00fcnk a Hold Piramisra. Ell\u00e1togatunk a Tumulushoz, ami egykor k\u00fcl\u00f6nleges temetkez\u00e9si hely volt.<\/p>\n<p><!-- \/wp:paragraph --><\/p>\n<p><!-- wp:paragraph --><\/p>\n<p>Sarajevo: Bosznia-Hercegovina f\u0151v\u00e1rosa. A kelet \u00e9s nyugat var\u00e1zsa egyszerre hat a l\u00e1togat\u00f3ra. S\u00e9ta k\u00f6zben p\u00e1rsz\u00e1z m\u00e9teren bel\u00fcl v\u00e1ltakozik a k\u00e9t vil\u00e1g, \u00edgy \u00e9p\u00edt\u00e9szet\u00e9ben, l\u00e1tnival\u00f3iban is v\u00e1ltakozik a Monarchia \u00e9s az iszl\u00e1m hat\u00e1sa.<\/p>\n<p><!-- \/wp:paragraph --><\/p>\n<p><!-- wp:paragraph --><\/p>\n<p><a href=\"https:\/\/www.goforgo.hu\/index.php\/2246-2\/boszniamostarrosshelen-jpgop630\/\" rel=\"attachment wp-att-2311\"><img loading=\"lazy\" decoding=\"async\" class=\" wp-image-2311 alignleft\" src=\"https:\/\/www.goforgo.hu\/wp-content\/uploads\/2017\/01\/boszniamostarRossHelen.jpgop630.jpg\" alt=\"\" width=\"398\" height=\"265\" srcset=\"https:\/\/www.goforgo.hu\/wp-content\/uploads\/2017\/01\/boszniamostarRossHelen.jpgop630.jpg 630w, https:\/\/www.goforgo.hu\/wp-content\/uploads\/2017\/01\/boszniamostarRossHelen.jpgop630-300x200.jpg 300w\" sizes=\"auto, (max-width: 398px) 100vw, 398px\" \/><\/a>Mostar: Hercegovina legnagyobb telep\u00fcl\u00e9se, a boszniai horv\u00e1tok kultur\u00e1lis, politikai k\u00f6zpontja. Megtekintj\u00fck a helyre\u00e1ll\u00edtott \u201e\u00d6reg hidat\u201d, mely az UNESCO kultur\u00e1lis \u00f6r\u00f6ks\u00e9g\u00e9hez tartozik. R\u00f6vid szabadid\u0151 ut\u00e1n tov\u00e1bb utazunk.<\/p>\n<p><!-- \/wp:paragraph --><\/p>\n<p><!-- wp:paragraph --><\/p>\n<p><strong><u>Boszniai megalitok!<\/u><\/strong><em> Az emberis\u00e9g t\u00f6rt\u00e9nelm\u00e9nek legnagyobb r\u00e9g\u00e9szeti felfedez\u00e9se \u00e9s tal\u00e1nya. \u00c1ltalunk ismeretlen id\u0151kben, ismeretlenek \u00e1ltal,ismeretlen c\u00e9llal \u00f3ri\u00e1si, t\u00f6bb t\u00edz tonn\u00e1s k\u00f6vekb\u0151l\u00a0 \u00e9p\u00edtett piramisok, rejt\u00e9lyes negyven m\u00e9ter m\u00e9lyen kacskaring\u00f3z\u00f3 alagutak-melyek hatalmas hun-sz\u00e9kely rov\u00e1sos mesters\u00e9ges ker\u00e1mia t\u00f6mb\u00f6ket rejtenek, k\u00e9t m\u00e9ter feletti \u00e1tm\u00e9r\u0151j\u0171 k\u0151goly\u00f3k, magas csillag\u00e1szati ismereteket hordoz\u00f3 obeliszk. A ma ember\u00e9nek megoldhatatlan gondot okozna a felhaszn\u00e1lt anyagok egy r\u00e9sz\u00e9nek legy\u00e1rt\u00e1sa,sz\u00e1ll\u00edt\u00e1sa . Az itt kutakod\u00f3 egyetemi \u00e9s fizikai int\u00e9zetek tud\u00f3sai meglep\u0151dve fedezik fel az \u00e9p\u00edtm\u00e9nyek \u00e1ltal keltett k\u00fcl\u00f6nf\u00e9le -r\u00e9szint ismert ,r\u00e9szint eddig\u00a0 ismeretlen (eg\u00e9szs\u00e9gre vesz\u00e9lytelen, s\u0151t bizony\u00edtottan azt jav\u00edt\u00f3) sug\u00e1rz\u00e1sok jelenl\u00e9t\u00e9t , pr\u00f3b\u00e1lj\u00e1k megfejteni sz\u00e1munkra \u00fajszer\u0171 keletkez\u00e9si\u00a0 m\u00f3djukat. Nem csoda hogy a hivatalos tudom\u00e1ny -m\u00e1r csak egy r\u00e9sze &#8211; makacs, sokszor gyerekes- m\u00f3don k\u00e9ptelen felfogni \u00e9s elismerni az ott tapasztaltakat. <strong><u><a href=\"https:\/\/www.goforgo.hu\/index.php\/boszniai-piramisok-2-2\/20180728_113708-768x432\/\" rel=\"attachment wp-att-6075\"><img loading=\"lazy\" decoding=\"async\" class=\"wp-image-6075 alignright\" src=\"https:\/\/www.goforgo.hu\/wp-content\/uploads\/2023\/03\/20180728_113708-768x432-1.jpg\" alt=\"\" width=\"549\" height=\"309\" \/><\/a><\/u><\/strong><\/em><\/p>\n<p><!-- \/wp:paragraph --><\/p>\n<p><!-- wp:paragraph --><\/p>\n<p>Mivel a Megalitokat buszunk nem tudja megk\u00f6zel\u00edteni, \u00edgy helyi taxikat kell ig\u00e9nybe venn\u00fcnk, melynek k\u00f6lts\u00e9g\u00e9t az \u00e1r tartalmazza.<\/p>\n<p>Obeliszk: A szakemberek szerint komoly csillag\u00e1szati \u00fczenetet tartalmaz, mely kapcsolatban van a piramisokkal. Az obeliszk egy erd\u0151 m\u00e9ly\u00e9n rejt\u0151zk\u00f6dik, \u00edgy nagy buszunk nem tud felmenni, ez\u00e9rt kb. 30-40 perces k\u00e9nyelmes s\u00e9ta v\u00e1r r\u00e1nk.<\/p>\n<p><!-- \/wp:paragraph --><\/p>","protected":false},"excerpt":{"rendered":"<p>id\u0151pontok: 2025.04.19-22. \u00e9s 2025.06.14-17. az 5 napos extra programot itt tekintheti meg \u00datvonal\u00a0\u00a0\u00a0 : Budapest \u2013 Udvar \u2013 Esz\u00e9k \u2013 Zavidovici &#8211; Visoko \u2013 Mostar &#8211; Budapest\u00a0 kb. 1600 km Utaz\u00e1s\u00a0\u00a0\u00a0\u00a0\u00a0 : \u00a017 f\u0151s aut\u00f3busszal Ell\u00e1t\u00e1s: f\u00e9lpanzi\u00f3 (3xreggeli+ 3xvacsora) Id\u0151tartam:\u00a0\u00a0 4 nap \/3 \u00e9jszaka Idegenvezet\u00e9s:\u00a0\u00a0\u00a0 helyi szak\u00e9rt\u0151k 1.nap Indul\u00e1s 5 \u00f3rakor, az Ecseri \u00fati\u00a0 OMV benzink\u00fat parkol\u00f3j\u00e1b\u00f3l (\u00dcll\u0151i \u00fat 137.) (v\u00e1rosb\u00f3l kifel\u00e9 vezet\u0151, templom fel\u0151li oldalon) \u00a0vagy: 5.30-kor az M1-M7 aut\u00f3p\u00e1lya kifel\u00e9 vezet\u0151 oldal, Buda\u00f6rsi pihen\u0151hely, MOL k\u00fat parkol\u00f3. (Tov\u00e1bbi felsz\u00e1ll\u00e1si lehet\u0151s\u00e9g 8.00 Moh\u00e1cs melletti Tesco \u00e1ruh\u00e1z parkol\u00f3j\u00e1ban.) Indul\u00e1s el\u0151tt min. 2 nappal k\u00e9rj\u00fck jelezni, hogy hol szeretne felsz\u00e1llni! A magyar -horv\u00e1t, majd a horv\u00e1t-bosny\u00e1k hat\u00e1r \u00e1tl\u00e9p\u00e9se ut\u00e1n, d\u00e9lut\u00e1n \u00e9rkez\u00fcnk a Zavidovici \u00e9s Zepce v\u00e1rosok k\u00f6zel\u00e9ben felfedezett titokzatos k\u0151goly\u00f3khoz, ahol kb. 1,5 \u00f3ra \u00e1ll rendelkez\u00e9sre azok megtekint\u00e9s\u00e9re. Este \u00e9rkez\u00e9s a Szarajev\u00f3 k\u00fclv\u00e1ros\u00e1ban tal\u00e1lhat\u00f3 Hotelbe. Vacsora a sz\u00e1llod\u00e1ban. (kb. 550\u00a0km) 2.nap: Ezt a napot a \u201epiramisok v\u00f6lgy\u00e9ben\u201d t\u00f6ltj\u00fck, a rejt\u00e9lyes \u00e9p\u00edtm\u00e9nyek megismer\u00e9s\u00e9vel, felfedez\u00e9s\u00e9vel (a Visoko melletti piramisok v\u00f6lgye sz\u00e1ll\u00e1shely\u00fcnkt\u0151l mind\u00f6ssze 20 km-re fekszik) A nap folyam\u00e1n a k\u00f6vetkez\u0151 l\u00e1tnival\u00f3k v\u00e1rj\u00e1k utasainkat: &#8211; Felt\u00e1rt alag\u00fat rendszer (kb. 2 \u00f3r\u00e1ban)&#8211; Nap piramis cs\u00facsa &#8211; Nap piramis, \u00e9szaki oldal, k\u00fcls\u0151 felt\u00e1r\u00e1sok &#8211; Hold piramis cs\u00facsa&#8211; Forr\u00e1sv\u00edz felv\u00e9tel a Hold piramis t\u00f6v\u00e9ben &#8211; Tumulus FIGYELEM! Szem\u00e9lyenk\u00e9nt max. 2-3 liter forr\u00e1sv\u00edz v\u00e9tel\u00e9re van lehet\u0151s\u00e9g \u00e9s id\u0151. A vizet csak z\u00e1rhat\u00f3 \u00fcvegben, m\u0171anyag flakonban tudjuk a buszba tenni! 18 \u00f3rakor vacsora a sz\u00e1llod\u00e1ban, majd indul\u00e1s\u00a0Szarajev\u00f3ba. A f\u0151v\u00e1rosban mintegy 2,5 \u00f3r\u00e1s s\u00e9ta keret\u00e9ben ismerkedhetnek meg a fontosabb\u00a0l\u00e1tnival\u00f3kkal.Visszaindul\u00e1s\u00a0a hotelhez 22 -kor! (\u00d6sszesen kb 80 km) 3.nap : Reggeli\u00a07.15-t\u0151l, majd indul\u00e1s 8.15-korEzen a napon l\u00e9nyegesen t\u00f6bbet &#8211; mintegy\u00a0360\u00a0km-t &#8211; fogunk aut\u00f3busszal utazni! A program szerinti l\u00e1tnival\u00f3k: &#8211;\u00a0Stolac\u00a0kisv\u00e1ros melletti fenns\u00edkon tal\u00e1lhat\u00f3 rejt\u00e9lyes Darson\u00a0romv\u00e1ros. (kb. 2 \u00f3r\u00e1ban) az utols\u00f3 n\u00e9h\u00e1ny km-t itt mikr\u00f3 buszokkal\u00a0ill.\u00a0szem\u00e9lyg\u00e9pkocsikkal\u00a0tessz\u00fck meg. (K\u00f6lts\u00e9ge a r\u00e9szv\u00e9teli d\u00edjban) &#8211; Stolac mellett, az \u0151si bogumil temet\u0151t l\u00e1togatjuk meg &#8211;\u00a0Pocitej-ben\u00a0egy \u00f3r\u00e1s pihen\u0151 &#8211;\u00a0eb\u00e9del\u00e9si\u00a0lehet\u0151s\u00e9g. (fest\u0151i, t\u00f6r\u00f6k id\u0151kb\u0151l sz\u00e1rmaz\u00f3 kis telep\u00fcl\u00e9s a Neretva partj\u00e1n), &#8211; Mostar, a h\u00edres t\u00f6r\u00f6kkori h\u00edd megtekint\u00e9se, k\u00e1v\u00e9, ill. fagyi sz\u00fcnet \u2013 kb 1 \u00f3r\u00e1ban! Indul\u00e1s 18 \u00f3rakor Szarajev\u00f3 fel\u00e9. Este kilenc k\u00f6r\u00fcl \u00e9rkez\u00e9s a hotelbe, majd vacsora. nap: 8:00-kor reggeli, majd bepakol\u00e1s a buszba. 9-kor indul\u00e1s hazafel\u00e9! Ezen a napon Boszni\u00e1ban m\u00e9g egy l\u00e1tnival\u00f3 v\u00e1rja tisztelt utasainkat: Bikaci falu melletti erd\u0151ben fellelt titokzatos obeliszk. Ezek ut\u00e1n a sz\u00fcks\u00e9ges meg\u00e1ll\u00f3k (hat\u00e1rok, pihen\u0151helyek) kiv\u00e9tel\u00e9vel folyamatos utaz\u00e1s Budapestre. \u00c9rkez\u00e9s a k\u00e9s\u0151 esti \u00f3r\u00e1kban!\u00a0 Lesz\u00e1ll\u00e1si lehet\u0151s\u00e9g az aut\u00f3buszr\u00f3l a felsz\u00e1ll\u00e1ssal megegyez\u0151 helyeken! R\u00e9szv\u00e9teli d\u00edj: \u00a065 000 Ft + 400 \u20ac minimum l\u00e9tsz\u00e1m: 12 f\u0151 (ez alatt a l\u00e9tsz\u00e1m alatt a kis buszos programot nemj tudjuk ind\u00edtani) A r\u00e9szv\u00e9teli d\u00edj tartalmazza: a 3 \u00e9jszaka sz\u00e1ll\u00e1st, 3 reggeli + 3 vacsora, az \u00f6sszes bel\u00e9p\u0151t, helyi idegenvezet\u0151k \u00e9s az \u00e1sat\u00e1son kutat\u00f3 munkat\u00e1rsak d\u00edjaz\u00e1s\u00e1t, \u00e9s az aut\u00f3buszos utaz\u00e1s minden k\u00f6lts\u00e9g\u00e9t. A r\u00e9szv\u00e9teli d\u00edj nem tartalmazza: a BBP biztos\u00edt\u00e1st, (mely irod\u00e1nkban megk\u00f6thet\u0151), utal\u00e1s eset\u00e9n +5 \u20ac banki k\u00f6lts\u00e9get, a tov\u00e1bbi \u00e9tkez\u00e9sek k\u00f6lts\u00e9g\u00e9t \u00e9s a sarajev\u00f3i s\u00f6r\u00f6z\u00e9st L\u00e1tnival\u00f3ink: K\u0151goly\u00f3k: Bosznia-Hercegovina Zavidovic v\u00e1rosa k\u00f6zel\u00e9ben t\u00f6bb k\u0151goly\u00f3t is tal\u00e1ltak, melyeket egy patak medr\u00e9ben leltek fel \u00e9s k\u00fcl\u00f6nleges, gy\u00f3gy\u00edt\u00f3 kisug\u00e1rz\u00e1suk van. Helyi idegenvezet\u0151nk \u2013 aki m\u00e1r v\u00e1r a piramisokn\u00e1l, Visokon\u00e1l \u2013 a kutat\u00e1sban, \u00e1sat\u00e1sokban is r\u00e9szt vesz, \u00edgy els\u0151 k\u00e9zb\u0151l \u00e9rtes\u00fclhet\u00fcnk a helyi viszonyokr\u00f3l, kutat\u00e1sokr\u00f3l, energia vonalakr\u00f3l. Programunk sor\u00e1n megtekintj\u00fck a k\u00fcls\u0151 felt\u00e1r\u00e1sokat, a piramisok \u201ek\u00fcls\u0151 bor\u00edt\u00e1s\u00e1t\u201d \u00e9s a piramisok \u00e1ltal rejtett \u00e9p\u00edt\u00e9szeti, szakr\u00e1lis \u00e9s (rov\u00e1s)\u00edr\u00e1sos eml\u00e9keket. Bemegy\u00fcnk a piramis belsej\u00e9be, a m\u00e1r felt\u00e1rt j\u00e1ratokba, majd megm\u00e1sszuk a Nap Piramist \u00e9s felmegy\u00fcnk a Hold Piramisra. Ell\u00e1togatunk a Tumulushoz, ami egykor k\u00fcl\u00f6nleges temetkez\u00e9si hely volt. Sarajevo: Bosznia-Hercegovina f\u0151v\u00e1rosa. A kelet \u00e9s nyugat var\u00e1zsa egyszerre hat a l\u00e1togat\u00f3ra. S\u00e9ta k\u00f6zben p\u00e1rsz\u00e1z m\u00e9teren bel\u00fcl v\u00e1ltakozik a k\u00e9t vil\u00e1g, \u00edgy \u00e9p\u00edt\u00e9szet\u00e9ben, l\u00e1tnival\u00f3iban is v\u00e1ltakozik a Monarchia \u00e9s az iszl\u00e1m hat\u00e1sa. Mostar: Hercegovina legnagyobb telep\u00fcl\u00e9se, a boszniai horv\u00e1tok kultur\u00e1lis, politikai k\u00f6zpontja. Megtekintj\u00fck a helyre\u00e1ll\u00edtott \u201e\u00d6reg hidat\u201d, mely az UNESCO kultur\u00e1lis \u00f6r\u00f6ks\u00e9g\u00e9hez tartozik. R\u00f6vid szabadid\u0151 ut\u00e1n tov\u00e1bb utazunk. Boszniai megalitok! Az emberis\u00e9g t\u00f6rt\u00e9nelm\u00e9nek legnagyobb r\u00e9g\u00e9szeti felfedez\u00e9se \u00e9s tal\u00e1nya. \u00c1ltalunk ismeretlen id\u0151kben, ismeretlenek \u00e1ltal,ismeretlen c\u00e9llal \u00f3ri\u00e1si, t\u00f6bb t\u00edz tonn\u00e1s k\u00f6vekb\u0151l\u00a0 \u00e9p\u00edtett piramisok, rejt\u00e9lyes negyven m\u00e9ter m\u00e9lyen kacskaring\u00f3z\u00f3 alagutak-melyek hatalmas hun-sz\u00e9kely rov\u00e1sos mesters\u00e9ges ker\u00e1mia t\u00f6mb\u00f6ket rejtenek, k\u00e9t m\u00e9ter feletti \u00e1tm\u00e9r\u0151j\u0171 k\u0151goly\u00f3k, magas csillag\u00e1szati ismereteket hordoz\u00f3 obeliszk. A ma ember\u00e9nek megoldhatatlan gondot okozna a felhaszn\u00e1lt anyagok egy r\u00e9sz\u00e9nek legy\u00e1rt\u00e1sa,sz\u00e1ll\u00edt\u00e1sa . Az itt kutakod\u00f3 egyetemi \u00e9s fizikai int\u00e9zetek tud\u00f3sai meglep\u0151dve fedezik fel az \u00e9p\u00edtm\u00e9nyek \u00e1ltal keltett k\u00fcl\u00f6nf\u00e9le -r\u00e9szint ismert ,r\u00e9szint eddig\u00a0 ismeretlen (eg\u00e9szs\u00e9gre vesz\u00e9lytelen, s\u0151t bizony\u00edtottan azt jav\u00edt\u00f3) sug\u00e1rz\u00e1sok jelenl\u00e9t\u00e9t , pr\u00f3b\u00e1lj\u00e1k megfejteni sz\u00e1munkra \u00fajszer\u0171 keletkez\u00e9si\u00a0 m\u00f3djukat. Nem csoda hogy a hivatalos tudom\u00e1ny -m\u00e1r csak egy r\u00e9sze &#8211; makacs, sokszor gyerekes- m\u00f3don k\u00e9ptelen felfogni \u00e9s elismerni az ott tapasztaltakat. Mivel a Megalitokat buszunk nem tudja megk\u00f6zel\u00edteni, \u00edgy helyi taxikat kell ig\u00e9nybe venn\u00fcnk, melynek k\u00f6lts\u00e9g\u00e9t az \u00e1r tartalmazza. Obeliszk: A szakemberek szerint komoly csillag\u00e1szati \u00fczenetet tartalmaz, mely kapcsolatban van a piramisokkal. Az obeliszk egy erd\u0151 m\u00e9ly\u00e9n rejt\u0151zk\u00f6dik, \u00edgy nagy buszunk nem tud felmenni, ez\u00e9rt kb. 30-40 perces k\u00e9nyelmes s\u00e9ta v\u00e1r r\u00e1nk.<\/p>\n","protected":false},"author":1,"featured_media":0,"parent":0,"menu_order":0,"comment_status":"closed","ping_status":"closed","template":"","meta":{"footnotes":""},"class_list":["post-6073","page","type-page","status-publish","hentry"],"_links":{"self":[{"href":"https:\/\/www.goforgo.hu\/index.php\/wp-json\/wp\/v2\/pages\/6073","targetHints":{"allow":["GET"]}}],"collection":[{"href":"https:\/\/www.goforgo.hu\/index.php\/wp-json\/wp\/v2\/pages"}],"about":[{"href":"https:\/\/www.goforgo.hu\/index.php\/wp-json\/wp\/v2\/types\/page"}],"author":[{"embeddable":true,"href":"https:\/\/www.goforgo.hu\/index.php\/wp-json\/wp\/v2\/users\/1"}],"replies":[{"embeddable":true,"href":"https:\/\/www.goforgo.hu\/index.php\/wp-json\/wp\/v2\/comments?post=6073"}],"version-history":[{"count":18,"href":"https:\/\/www.goforgo.hu\/index.php\/wp-json\/wp\/v2\/pages\/6073\/revisions"}],"predecessor-version":[{"id":7324,"href":"https:\/\/www.goforgo.hu\/index.php\/wp-json\/wp\/v2\/pages\/6073\/revisions\/7324"}],"wp:attachment":[{"href":"https:\/\/www.goforgo.hu\/index.php\/wp-json\/wp\/v2\/media?parent=6073"}],"curies":[{"name":"wp","href":"https:\/\/api.w.org\/{rel}","templated":true}]}}