{"id":6117,"date":"2023-03-10T19:53:59","date_gmt":"2023-03-10T19:53:59","guid":{"rendered":"https:\/\/www.goforgo.hu\/?page_id=6117"},"modified":"2023-03-10T20:21:37","modified_gmt":"2023-03-10T20:21:37","slug":"romai-vakacio-2023","status":"publish","type":"page","link":"https:\/\/www.goforgo.hu\/index.php\/romai-vakacio-2023\/","title":{"rendered":"R\u00f3mai vak\u00e1ci\u00f3 2023"},"content":{"rendered":"<strong>Id\u0151pont\u00a0\u00a0\u00a0 :\u00a0<\/strong> 2023.06.14-20.\u00a0 \u00a0 \u00a0 \u00a0 \u00a0 \u00a0 \u00a0<strong>Poz. sz\u00e1m:<\/strong> 23\/RIT\/06 <strong>\u00a0<\/strong>\n\n<strong>\u00datvonal\u00a0 : <\/strong>Budapest \u2013 San Marino \u2013 R\u00f3ma \u00e9s vissza \u00fatvonalon (kb: 2\u00a0900 km)\n\n<strong>Utaz\u00e1s\u00a0\u00a0\u00a0 :<\/strong> az utasl\u00e9tsz\u00e1mnak megfelel\u0151 aut\u00f3busszal\u00a0 \u00a0 \u00a0 \u00a0 \u00a0 \u00a0 \u00a0 \u00a0 \u00a0 \u00a0 \u00a0<strong>Ell\u00e1t\u00e1s:<\/strong> \u00f6nell\u00e1t\u00e1s <strong>\u00a0<\/strong> <strong>\u00a0<\/strong>\n\n<strong>Sz\u00e1ll\u00e1s, elhelyez\u00e9s :<\/strong> 1 \u00e9jszaka sz\u00e1lloda + 4 \u00e9jszaka R\u00f3ma tengerpartj\u00e1n mobilhomeban <strong>\u00a0<\/strong>\n\n<strong>Id\u0151tartam:\u00a0\u00a0<\/strong> 7 nap \/ 5 \u00e9jszaka\u00a0 \u00a0 \u00a0 \u00a0 \u00a0 \u00a0 \u00a0 \u00a0 \u00a0 \u00a0 \u00a0 \u00a0 \u00a0 \u00a0 \u00a0 <strong>Idegenvezet\u00e9s:\u00a0\u00a0\u00a0<\/strong> R\u00f3m\u00e1ban, helyi <strong>\u00a0<\/strong>\n\n<!-- \/wp:table -->\n\n<!-- wp:image -->\n<figure class=\"wp-block-image\"><img alt=\"\" \/><a href=\"https:\/\/www.goforgo.hu\/index.php\/romai-vakacio-2023\/romai-vakacio\/\" rel=\"attachment wp-att-6118\"><img loading=\"lazy\" decoding=\"async\" class=\"wp-image-6118 alignright\" src=\"https:\/\/www.goforgo.hu\/wp-content\/uploads\/2023\/03\/romai-vakacio.jpg\" alt=\"\" width=\"301\" height=\"200\" \/><\/a> <a href=\"https:\/\/www.goforgo.hu\/index.php\/romai-vakacio-2023\/la_dolce_vita_the_sweet_life-967847347-large\/\" rel=\"attachment wp-att-6119\"><img loading=\"lazy\" decoding=\"async\" class=\"wp-image-6119 alignleft\" src=\"https:\/\/www.goforgo.hu\/wp-content\/uploads\/2023\/03\/La_Dolce_Vita_The_Sweet_Life-967847347-large.jpg\" alt=\"\" width=\"269\" height=\"247\" srcset=\"https:\/\/www.goforgo.hu\/wp-content\/uploads\/2023\/03\/La_Dolce_Vita_The_Sweet_Life-967847347-large.jpg 900w, https:\/\/www.goforgo.hu\/wp-content\/uploads\/2023\/03\/La_Dolce_Vita_The_Sweet_Life-967847347-large-768x706.jpg 768w\" sizes=\"auto, (max-width: 269px) 100vw, 269px\" \/><\/a><\/figure>\n<!-- \/wp:image -->\n\n<!-- wp:paragraph -->\n<p style=\"text-align: center;\">Sok minden vonzhatja az ide l\u00e1togat\u00f3 turist\u00e1t. R\u00f3ma: az \u00f3kori birodalom k\u00f6zpontja. R\u00f3ma: a renesz\u00e1nsz v\u00e1ros, ahol Michelangelo \u00e9s Raffaello alkotott, majd k\u00e9s\u0151bb a barokk kor k\u00e9t g\u00e9niusza: Bernini \u00e9s Borromini. R\u00f3ma, a m\u0171v\u00e9szetek \u2013 fest\u00e9szet, szobr\u00e1szat, \u00e9p\u00edt\u00e9szet, zene, film, stb. \u2013 v\u00e1rosa \u00e9s nem utols\u00f3 sorban a \u201er\u00f3mai \u00e9let\u00e9rz\u00e9s\u201d, amit tal\u00e1n az \u00c9des \u00e9let vagy az 1953-as R\u00f3mai vak\u00e1ci\u00f3 c\u00edm\u0171 filmekb\u0151l ismerhet\u00fcnk. Mindegy is mi\u00e9rt j\u00f6v\u00fcnk. Mindenk\u00e9ppen egy \u00e9letre sz\u00f3l\u00f3 \u00e9lm\u00e9nnyel gazdagodunk!<\/p>\n<!-- \/wp:paragraph -->\n\n<!-- wp:paragraph -->\n\n<strong><u>PROGRAM:<\/u><\/strong>\n\n<!-- \/wp:paragraph -->\n\n<!-- wp:paragraph -->\n\n<strong>1. nap: <\/strong><strong>j\u00fanius 14.<\/strong>\n\n<!-- \/wp:paragraph -->\n\n<!-- wp:paragraph -->\n\n5:45-t\u0151l gy\u00fclekez\u0151, majd 6-kor indul\u00e1s Budapestr\u0151l, az Ecseri \u00fati OMV benzink\u00fatt\u00f3l (\u00dcll\u0151i \u00fat 110) Eg\u00e9sz napos utaz\u00e1s az olaszorsz\u00e1gi Rimini-ig, r\u00f6vid pihen\u0151kkel. Els\u0151 \u00e9jszakai sz\u00e1ll\u00e1sunk a h\u00edres olasz \u00fcd\u00fcl\u0151hely k\u00f6zel\u00e9ben lesz. (950 km)\n\n<!-- \/wp:paragraph -->\n\n<!-- wp:paragraph -->\n\n<strong>2. nap: j\u00fanius 15.<\/strong>\n\n<a href=\"https:\/\/www.goforgo.hu\/index.php\/romai-vakacio-2023\/san-marino-getty-stock-450832\/\" rel=\"attachment wp-att-6120\"><img loading=\"lazy\" decoding=\"async\" class=\"wp-image-6120 aligncenter\" src=\"https:\/\/www.goforgo.hu\/wp-content\/uploads\/2023\/03\/san-marino-getty-stock-450832-1024x576.jpg\" alt=\"\" width=\"700\" height=\"394\" srcset=\"https:\/\/www.goforgo.hu\/wp-content\/uploads\/2023\/03\/san-marino-getty-stock-450832-1024x576.jpg 1024w, https:\/\/www.goforgo.hu\/wp-content\/uploads\/2023\/03\/san-marino-getty-stock-450832-768x432.jpg 768w, https:\/\/www.goforgo.hu\/wp-content\/uploads\/2023\/03\/san-marino-getty-stock-450832-1536x864.jpg 1536w, https:\/\/www.goforgo.hu\/wp-content\/uploads\/2023\/03\/san-marino-getty-stock-450832.jpg 1920w\" sizes=\"auto, (max-width: 700px) 100vw, 700px\" \/><\/a>\n\n<!-- \/wp:paragraph -->\n\n<!-- wp:paragraph -->\n\nReggeli ut\u00e1n a k\u00f6zeli San Marinoba utazunk, ahol mintegy 3 \u00f3r\u00e1s s\u00e9ta, szabadid\u0151 keret\u00e9ben ismerkedhet\u00fcnk meg a vil\u00e1g egyik legkisebb, \u00f6n\u00e1ll\u00f3 orsz\u00e1g\u00e1nak k\u00f6zponti \u00e9p\u00edt\u00e9szeti remekeivel. ill. f\u00fcgg\u0151vas\u00fattal felkapaszkodhatunk a v\u00e1ros\u00e1llam legmagasabb (750 m) pontj\u00e1ra, ahonnan p\u00e1ratlan kil\u00e1t\u00e1sban lesz r\u00e9sz\u00fcnk. N\u00e9h\u00e1ny aj\u00e1nlott l\u00e1tnival\u00f3: Szent Kereszt Bazilika, R\u00e9gi fegyvert\u00e1r, Viaszb\u00e1b\u00fa M\u00fazeum.\n\n<!-- \/wp:paragraph -->\n\n<!-- wp:paragraph -->\n\nD\u00e9lut\u00e1n R\u00f3ma tengerparti \u00fcd\u00fcl\u0151j\u00e9re, Osti\u00e1ba utazunk, ahol 4 \u00e9jszak\u00e1t t\u00f6lt\u00fcnk, kempingben, 4 f\u0151s mobilhome-ban. (2&#215;2 \u00e1gyas szob\u00e1k, konyha sarok, f\u00fcrd\u0151szoba) (kb. 400 km)\n\n<!-- \/wp:paragraph -->\n\n<!-- wp:paragraph -->\n\n<strong>3. nap: j\u00fanius 16.<\/strong>\n\n<!-- \/wp:paragraph -->\n\n<!-- wp:paragraph -->\n\nEzen a napon h\u00e1rom program k\u00f6z\u00fcl v\u00e1laszthatnak utasaink:\n\n<!-- \/wp:paragraph -->\n\n<!-- wp:list {\"ordered\":true,\"type\":\"1\"} -->\n<ol type=\"1\">\n \t<li style=\"list-style-type: none;\">\n<ol type=\"1\"><!-- wp:list-item --><\/ol>\n<\/li>\n<\/ol>\n<a href=\"https:\/\/www.goforgo.hu\/index.php\/romai-vakacio-2023\/ostia-tengerpart\/\" rel=\"attachment wp-att-6121\"><img loading=\"lazy\" decoding=\"async\" class=\"wp-image-6121 aligncenter\" src=\"https:\/\/www.goforgo.hu\/wp-content\/uploads\/2023\/03\/Ostia-tengerpart-1024x683.jpg\" alt=\"\" width=\"701\" height=\"467\" srcset=\"https:\/\/www.goforgo.hu\/wp-content\/uploads\/2023\/03\/Ostia-tengerpart-1024x683.jpg 1024w, https:\/\/www.goforgo.hu\/wp-content\/uploads\/2023\/03\/Ostia-tengerpart-768x512.jpg 768w, https:\/\/www.goforgo.hu\/wp-content\/uploads\/2023\/03\/Ostia-tengerpart-1536x1024.jpg 1536w, https:\/\/www.goforgo.hu\/wp-content\/uploads\/2023\/03\/Ostia-tengerpart.jpg 1600w\" sizes=\"auto, (max-width: 701px) 100vw, 701px\" \/><\/a>\n\nStrandol\u00e1s, szabadid\u0151 \u00e9s tengerpart\n\n<!-- \/wp:list-item -->\n\n<!-- wp:list-item -->\n\n<a href=\"https:\/\/www.goforgo.hu\/index.php\/romai-vakacio-2023\/frecce-1\/\" rel=\"attachment wp-att-6122\"><img loading=\"lazy\" decoding=\"async\" class=\" wp-image-6122 aligncenter\" src=\"https:\/\/www.goforgo.hu\/wp-content\/uploads\/2023\/03\/Frecce-1.jpg\" alt=\"\" width=\"698\" height=\"466\" \/><\/a>\n\nvagy R\u00e9szt vehetnek az Olasz l\u00e9gier\u0151 100 sz\u00fclet\u00e9snapj\u00e1ra megrendez\u00e9sre ker\u00fcl\u0151 \u00fcnnepi rep\u00fcl\u0151nap els\u0151 napj\u00e1n.\n\n<!-- \/wp:list-item -->\n\n<!-- wp:list-item -->\n\n<a href=\"https:\/\/www.goforgo.hu\/index.php\/romai-vakacio-2023\/bracciano\/\" rel=\"attachment wp-att-6123\"><img loading=\"lazy\" decoding=\"async\" class=\"wp-image-6123 aligncenter\" src=\"https:\/\/www.goforgo.hu\/wp-content\/uploads\/2023\/03\/bracciano.jpg\" alt=\"\" width=\"698\" height=\"465\" srcset=\"https:\/\/www.goforgo.hu\/wp-content\/uploads\/2023\/03\/bracciano.jpg 866w, https:\/\/www.goforgo.hu\/wp-content\/uploads\/2023\/03\/bracciano-768x512.jpg 768w\" sizes=\"auto, (max-width: 698px) 100vw, 698px\" \/><\/a>\n\nvagy Kir\u00e1ndul\u00e1s a kempingt\u0151l 80 km-re fekv\u0151 fest\u0151i Bracciano t\u00f3hoz\n\n<!-- \/wp:list-item -->\n\n<!-- \/wp:list -->\n\n<!-- wp:paragraph -->\n\na.) l\u00e1togat\u00e1s Olaszorsz\u00e1g legnagyobb \u00e9s legjelent\u0151sebb rep\u00fcl\u0151g\u00e9p m\u00fazeum\u00e1ba: MUSEO STORICO AERONAUTICA MILITARE. Bel\u00e9p\u00e9s: d\u00edjtalan!\n\n<!-- \/wp:paragraph -->\n\n<!-- wp:paragraph -->\n\nb.) a Bracciano v\u00e1ros\u00e1ban tal\u00e1lhat\u00f3 Orsini-Odescacchi kast\u00e9ly \u00e9s az eredeti \u00e1llapotban megmaradt k\u00f6z\u00e9pkori kisv\u00e1ros megtekint\u00e9se. Bel\u00e9p\u0151 a kast\u00e9lyba: 10 \u20ac\n\nA kir\u00e1ndul\u00e1s k\u00f6lts\u00e9ge: 5 \u20ac\n\n<a href=\"https:\/\/www.goforgo.hu\/index.php\/romai-vakacio-2023\/100-yrs-italian-air-force-2023\/\" rel=\"attachment wp-att-6136\"><img loading=\"lazy\" decoding=\"async\" class=\"alignnone size-full wp-image-6136\" src=\"https:\/\/www.goforgo.hu\/wp-content\/uploads\/2023\/03\/100-yrs-italian-air-force-2023.jpg\" alt=\"\" width=\"950\" height=\"183\" srcset=\"https:\/\/www.goforgo.hu\/wp-content\/uploads\/2023\/03\/100-yrs-italian-air-force-2023.jpg 950w, https:\/\/www.goforgo.hu\/wp-content\/uploads\/2023\/03\/100-yrs-italian-air-force-2023-768x148.jpg 768w\" sizes=\"auto, (max-width: 950px) 100vw, 950px\" \/><\/a>\n\n<!-- \/wp:paragraph -->\n\n<!-- wp:paragraph -->\n\n<strong>4. nap \u00e9s 5. nap: j\u00fanius 17-18.<\/strong>\n\n<!-- \/wp:paragraph -->\n\n<!-- wp:paragraph -->\n\n<!-- \/wp:paragraph -->\n\n<!-- wp:paragraph -->\n\nMindk\u00e9t napon r\u00f3mai v\u00e1rosn\u00e9z\u00e9sen vehetnek r\u00e9szt Tisztelt Utasaink idegenvezet\u0151nk seg\u00edts\u00e9g\u00e9vel.\n\n<!-- \/wp:paragraph -->\n\n<!-- wp:paragraph -->\n\n<a href=\"https:\/\/www.goforgo.hu\/index.php\/romai-vakacio-2023\/colosseum\/\" rel=\"attachment wp-att-6124\"><img loading=\"lazy\" decoding=\"async\" class=\"wp-image-6124 aligncenter\" src=\"https:\/\/www.goforgo.hu\/wp-content\/uploads\/2023\/03\/colosseum-1024x683.jpg\" alt=\"\" width=\"701\" height=\"467\" srcset=\"https:\/\/www.goforgo.hu\/wp-content\/uploads\/2023\/03\/colosseum-1024x683.jpg 1024w, https:\/\/www.goforgo.hu\/wp-content\/uploads\/2023\/03\/colosseum-768x512.jpg 768w, https:\/\/www.goforgo.hu\/wp-content\/uploads\/2023\/03\/colosseum.jpg 1536w\" sizes=\"auto, (max-width: 701px) 100vw, 701px\" \/><\/a>\n\nEls\u0151 r\u00f3mai napunkon: 3 \u00f3r\u00e1s idegenvezet\u00e9s az ANTIK R\u00d3MA-ban. Piazza Venezia-Capitoliumi t\u00e9r &#8211; Forum Romanum \u00a0&#8211; Cs\u00e1sz\u00e1ri f\u00f3rumok -Constantinus diadalkapu- Colosseum k\u00edv\u00fclr\u0151l. (nincs bel\u00e9p\u0151)\n\n<a href=\"https:\/\/www.goforgo.hu\/index.php\/romai-vakacio-2023\/spanyol-lepcso\/\" rel=\"attachment wp-att-6140\"><img loading=\"lazy\" decoding=\"async\" class=\"size-full wp-image-6140 aligncenter\" src=\"https:\/\/www.goforgo.hu\/wp-content\/uploads\/2023\/03\/spanyol-lepcso.jpg\" alt=\"\" width=\"420\" height=\"420\" srcset=\"https:\/\/www.goforgo.hu\/wp-content\/uploads\/2023\/03\/spanyol-lepcso.jpg 420w, https:\/\/www.goforgo.hu\/wp-content\/uploads\/2023\/03\/spanyol-lepcso-300x300.jpg 300w, https:\/\/www.goforgo.hu\/wp-content\/uploads\/2023\/03\/spanyol-lepcso-150x150.jpg 150w\" sizes=\"auto, (max-width: 420px) 100vw, 420px\" \/><\/a>\n\nM\u00e1sodik r\u00f3mai napunkon: BAROKK ROMA: Spanyol-l\u00e9pcs\u0151, Caff\u00e8 Greco (Italia els\u0151 k\u00e1v\u00e9h\u00e1za) Trevi-k\u00fat, Galleria Alberto Sordi ( z\u00e1rt bev\u00e1s\u00e1rl\u00f3udvar, melyet 2000-ben nyitottak meg), Colonna t\u00e9r- Marcus Aurelius diadaloszlopa- Parlament -Minisztertan\u00e1cs \u00e9p\u00fclete Hadrianus cs\u00e1sz\u00e1r temploma-Pantheon-Navona-ter&#8230;.\n\n<a href=\"https:\/\/www.goforgo.hu\/index.php\/romai-vakacio-2023\/az-antik-roma-varazsa_3\/\" rel=\"attachment wp-att-6125\"><img loading=\"lazy\" decoding=\"async\" class=\"wp-image-6125 aligncenter\" src=\"https:\/\/www.goforgo.hu\/wp-content\/uploads\/2023\/03\/az-antik-roma-varazsa_3.jpg\" alt=\"\" width=\"701\" height=\"394\" srcset=\"https:\/\/www.goforgo.hu\/wp-content\/uploads\/2023\/03\/az-antik-roma-varazsa_3.jpg 1024w, https:\/\/www.goforgo.hu\/wp-content\/uploads\/2023\/03\/az-antik-roma-varazsa_3-768x431.jpg 768w\" sizes=\"auto, (max-width: 701px) 100vw, 701px\" \/><\/a>\n\n<!-- \/wp:paragraph -->\n\n<!-- wp:paragraph -->\n\nMindk\u00e9t nap d\u00e9lut\u00e1n szabadid\u0151 keret\u00e9ben felfedezhetj\u00fck a minket m\u00e9g \u00e9rdekl\u0151 tov\u00e1bbi l\u00e1tnival\u00f3kat: Pl.:Szent P\u00e9ter Bazilika \u00e9s t\u00e9r, Passetto (\u00e1tj\u00e1r\u00f3 a Vatik\u00e1n \u00e9s az Angyalv\u00e1r k\u00f6z\u00f6tt) \u00e9s az Angyalv\u00e1r\n\n<!-- \/wp:paragraph -->\n\n<!-- wp:paragraph -->\n\nUtaz\u00e1s R\u00f3m\u00e1ba mindk\u00e9t napon a k\u00f6vetkez\u0151k szerint: reggel 7:30-kor indul\u00e1s aut\u00f3busszal a k\u00f6zeli helyi\u00e9rdek\u0171 vas\u00fat \u00e1llom\u00e1sra. Utaz\u00e1s R\u00f3ma Termini p\u00e1lyaudvarra vonattal, majd metr\u00f3val R\u00f3ma belv\u00e1ros\u00e1ba, ahol tal\u00e1lkozunk a helyi idegenvezet\u0151nkkel. A v\u00e1rosn\u00e9z\u00e9s \u00e9s a szabad program ut\u00e1n 18:00-kor gy\u00fclekez\u00e9s a Termini p\u00e1lyaudvaron, majd visszautaz\u00e1s a campingbe vonaton \u00e9s buszon!\n\n<!-- \/wp:paragraph -->\n\n<!-- wp:paragraph -->\n\n<strong>FONTOS! a sz\u00fcks\u00e9ges vas\u00fati jegyek \u00e9s metr\u00f3jegyek \u00e1r\u00e1t a r\u00e9szv\u00e9teli d\u00edj nem tartalmazza!<\/strong>\n\n<!-- \/wp:paragraph -->\n\n<!-- wp:paragraph -->\n\n<!-- \/wp:paragraph -->\n\n<!-- wp:image -->\n<figure class=\"wp-block-image\">\n<a href=\"https:\/\/www.goforgo.hu\/index.php\/romai-vakacio-2023\/orvieto\/\" rel=\"attachment wp-att-6126\"><img loading=\"lazy\" decoding=\"async\" class=\" wp-image-6126 aligncenter\" src=\"https:\/\/www.goforgo.hu\/wp-content\/uploads\/2023\/03\/Orvieto.jpg\" alt=\"\" width=\"701\" height=\"467\" \/><\/a><\/figure>\n<!-- \/wp:image -->\n\n<!-- wp:paragraph -->\n\n<strong>6. nap: j\u00fanius 19. <\/strong>Reggel a sz\u00e1ll\u00e1sok elhagy\u00e1sa ut\u00e1n hazafel\u00e9 indulunk. \u00datk\u00f6zben mintegy 2 \u00f3r\u00e1s s\u00e9ta \u00e9s szabadid\u0151 Orvieto-ban. Folyamatos utaz\u00e1s, r\u00f6vid pihen\u0151kkel, \u00e9jszaka a buszon. (R\u00f3ma-Ostia \u2013 Budapest kb. 1350 km)\n\n<a href=\"https:\/\/www.goforgo.hu\/index.php\/romai-vakacio-2023\/collage-romai-vakacio-2\/\" rel=\"attachment wp-att-6144\"><img loading=\"lazy\" decoding=\"async\" class=\"alignnone size-large wp-image-6144\" src=\"https:\/\/www.goforgo.hu\/wp-content\/uploads\/2023\/03\/collage-Romai-vakacio-1-1024x390.jpg\" alt=\"\" width=\"1024\" height=\"390\" srcset=\"https:\/\/www.goforgo.hu\/wp-content\/uploads\/2023\/03\/collage-Romai-vakacio-1-1024x390.jpg 1024w, https:\/\/www.goforgo.hu\/wp-content\/uploads\/2023\/03\/collage-Romai-vakacio-1-768x292.jpg 768w, https:\/\/www.goforgo.hu\/wp-content\/uploads\/2023\/03\/collage-Romai-vakacio-1-1536x584.jpg 1536w, https:\/\/www.goforgo.hu\/wp-content\/uploads\/2023\/03\/collage-Romai-vakacio-1-2048x779.jpg 2048w\" sizes=\"auto, (max-width: 1024px) 100vw, 1024px\" \/><\/a>\n\n<!-- \/wp:paragraph -->\n\n<!-- wp:paragraph -->\n\n<strong>7. nap: j\u00fanius 20.<\/strong> \u00c9rkez\u00e9s Budapestre a reggeli \u00f3r\u00e1kban, lesz\u00e1ll\u00e1si lehet\u0151s\u00e9g az aut\u00f3buszr\u00f3l, a felsz\u00e1ll\u00e1ssal megegyez\u0151 helyeken.\n\n<!-- \/wp:paragraph -->\n\n<!-- wp:heading -->\n<h1 style=\"text-align: center;\">R\u00e9szv\u00e9teli d\u00edj:\u00a0 174 000 Ft\/f\u0151<\/h1>\n<!-- \/wp:heading -->\n\n<!-- wp:paragraph -->\n\n<strong>Egy\u00e1gyas fel\u00e1r: <\/strong><strong>90 000 Ft \u00a0\u00a0\u00a0\u00a0\u00a0\u00a0\u00a0\u00a0\u00a0\u00a0\u00a0\u00a0\u00a0\u00a0\u00a0\u00a0\u00a0\u00a0\u00a0\u00a0\u00a0\u00a0\u00a0\u00a0\u00a0\u00a0\u00a0\u00a0\u00a0\u00a0\u00a0\u00a0\u00a0\u00a0\u00a0\u00a0\u00a0\u00a0 <\/strong>Aj\u00e1nlott k\u00f6lt\u0151p\u00e9nz bel\u00e9p\u0151kre: kb.70-80 \u20ac\n\n<!-- \/wp:paragraph -->\n\n<!-- wp:paragraph -->\n\n<strong><em><u>A r\u00e9szv\u00e9teli d\u00edj tartalmazza<\/u><\/em><\/strong><strong><em>:<\/em><\/strong><em> a sz\u00e1ll\u00e1sk\u00f6lts\u00e9get, az aut\u00f3buszos utaz\u00e1s k\u00f6lts\u00e9geit.<\/em>\n\n<!-- \/wp:paragraph -->\n\n<!-- wp:paragraph -->\n\n<strong><em><u>A r\u00e9szv\u00e9teli d\u00edj nem tartalmazza<\/u><\/em><\/strong><strong><em>:<\/em><\/strong><em> az \u00e9tkez\u00e9st, a bel\u00e9p\u0151jegyeket \u00e9s a helyi idegenvezet\u0151 d\u00edj\u00e1t melyek a helysz\u00ednen fizetend\u0151k \u00e9s a BBP- biztos\u00edt\u00e1st<\/em>\n\n<!-- \/wp:paragraph -->\n\n<!-- wp:paragraph -->\n\n<strong>\u00c1rainkat 400 Ft = 1 \u20ac \u00e1rfolyamig tudjuk garant\u00e1lni!<\/strong>\n\n<!-- \/wp:paragraph -->\n\n<!-- wp:paragraph -->\n\n<strong>\u00c9LM\u00c9NYEKBEN GAZDAG UTAZ\u00c1ST, <\/strong><strong>KELLEMES KIKAPCSOL\u00d3D\u00c1ST K\u00cdV\u00c1NUNK!<\/strong>\n\n<a href=\"https:\/\/www.goforgo.hu\/index.php\/romai-vakacio-2023\/collage-oma-5-kepes\/\" rel=\"attachment wp-att-6143\"><img loading=\"lazy\" decoding=\"async\" class=\"alignnone size-large wp-image-6143\" src=\"https:\/\/www.goforgo.hu\/wp-content\/uploads\/2023\/03\/collage-oma-5-kepes-1024x768.jpg\" alt=\"\" width=\"1024\" height=\"768\" srcset=\"https:\/\/www.goforgo.hu\/wp-content\/uploads\/2023\/03\/collage-oma-5-kepes-1024x768.jpg 1024w, https:\/\/www.goforgo.hu\/wp-content\/uploads\/2023\/03\/collage-oma-5-kepes-768x576.jpg 768w, https:\/\/www.goforgo.hu\/wp-content\/uploads\/2023\/03\/collage-oma-5-kepes-1536x1152.jpg 1536w, https:\/\/www.goforgo.hu\/wp-content\/uploads\/2023\/03\/collage-oma-5-kepes-2048x1536.jpg 2048w\" sizes=\"auto, (max-width: 1024px) 100vw, 1024px\" \/><\/a>\n\n<!-- \/wp:paragraph -->","protected":false},"excerpt":{"rendered":"<p>Id\u0151pont\u00a0\u00a0\u00a0 :\u00a0 2023.06.14-20.\u00a0 \u00a0 \u00a0 \u00a0 \u00a0 \u00a0 \u00a0Poz. sz\u00e1m: 23\/RIT\/06 \u00a0 \u00datvonal\u00a0 : Budapest \u2013 San Marino \u2013 R\u00f3ma \u00e9s vissza \u00fatvonalon (kb: 2\u00a0900 km) Utaz\u00e1s\u00a0\u00a0\u00a0 : az utasl\u00e9tsz\u00e1mnak megfelel\u0151 aut\u00f3busszal\u00a0 \u00a0 \u00a0 \u00a0 \u00a0 \u00a0 \u00a0 \u00a0 \u00a0 \u00a0 \u00a0Ell\u00e1t\u00e1s: \u00f6nell\u00e1t\u00e1s \u00a0 \u00a0 Sz\u00e1ll\u00e1s, elhelyez\u00e9s : 1 \u00e9jszaka sz\u00e1lloda + 4 \u00e9jszaka R\u00f3ma tengerpartj\u00e1n mobilhomeban \u00a0 Id\u0151tartam:\u00a0\u00a0 7 nap \/ 5 \u00e9jszaka\u00a0 \u00a0 \u00a0 \u00a0 \u00a0 \u00a0 \u00a0 \u00a0 \u00a0 \u00a0 \u00a0 \u00a0 \u00a0 \u00a0 \u00a0 Idegenvezet\u00e9s:\u00a0\u00a0\u00a0 R\u00f3m\u00e1ban, helyi \u00a0 Sok minden vonzhatja az ide l\u00e1togat\u00f3 turist\u00e1t. R\u00f3ma: az \u00f3kori birodalom k\u00f6zpontja. R\u00f3ma: a renesz\u00e1nsz v\u00e1ros, ahol Michelangelo \u00e9s Raffaello alkotott, majd k\u00e9s\u0151bb a barokk kor k\u00e9t g\u00e9niusza: Bernini \u00e9s Borromini. R\u00f3ma, a m\u0171v\u00e9szetek \u2013 fest\u00e9szet, szobr\u00e1szat, \u00e9p\u00edt\u00e9szet, zene, film, stb. \u2013 v\u00e1rosa \u00e9s nem utols\u00f3 sorban a \u201er\u00f3mai \u00e9let\u00e9rz\u00e9s\u201d, amit tal\u00e1n az \u00c9des \u00e9let vagy az 1953-as R\u00f3mai vak\u00e1ci\u00f3 c\u00edm\u0171 filmekb\u0151l ismerhet\u00fcnk. Mindegy is mi\u00e9rt j\u00f6v\u00fcnk. Mindenk\u00e9ppen egy \u00e9letre sz\u00f3l\u00f3 \u00e9lm\u00e9nnyel gazdagodunk! PROGRAM: 1. nap: j\u00fanius 14. 5:45-t\u0151l gy\u00fclekez\u0151, majd 6-kor indul\u00e1s Budapestr\u0151l, az Ecseri \u00fati OMV benzink\u00fatt\u00f3l (\u00dcll\u0151i \u00fat 110) Eg\u00e9sz napos utaz\u00e1s az olaszorsz\u00e1gi Rimini-ig, r\u00f6vid pihen\u0151kkel. Els\u0151 \u00e9jszakai sz\u00e1ll\u00e1sunk a h\u00edres olasz \u00fcd\u00fcl\u0151hely k\u00f6zel\u00e9ben lesz. (950 km) 2. nap: j\u00fanius 15. Reggeli ut\u00e1n a k\u00f6zeli San Marinoba utazunk, ahol mintegy 3 \u00f3r\u00e1s s\u00e9ta, szabadid\u0151 keret\u00e9ben ismerkedhet\u00fcnk meg a vil\u00e1g egyik legkisebb, \u00f6n\u00e1ll\u00f3 orsz\u00e1g\u00e1nak k\u00f6zponti \u00e9p\u00edt\u00e9szeti remekeivel. ill. f\u00fcgg\u0151vas\u00fattal felkapaszkodhatunk a v\u00e1ros\u00e1llam legmagasabb (750 m) pontj\u00e1ra, ahonnan p\u00e1ratlan kil\u00e1t\u00e1sban lesz r\u00e9sz\u00fcnk. N\u00e9h\u00e1ny aj\u00e1nlott l\u00e1tnival\u00f3: Szent Kereszt Bazilika, R\u00e9gi fegyvert\u00e1r, Viaszb\u00e1b\u00fa M\u00fazeum. D\u00e9lut\u00e1n R\u00f3ma tengerparti \u00fcd\u00fcl\u0151j\u00e9re, Osti\u00e1ba utazunk, ahol 4 \u00e9jszak\u00e1t t\u00f6lt\u00fcnk, kempingben, 4 f\u0151s mobilhome-ban. (2&#215;2 \u00e1gyas szob\u00e1k, konyha sarok, f\u00fcrd\u0151szoba) (kb. 400 km) 3. nap: j\u00fanius 16. Ezen a napon h\u00e1rom program k\u00f6z\u00fcl v\u00e1laszthatnak utasaink: Strandol\u00e1s, szabadid\u0151 \u00e9s tengerpart vagy R\u00e9szt vehetnek az Olasz l\u00e9gier\u0151 100 sz\u00fclet\u00e9snapj\u00e1ra megrendez\u00e9sre ker\u00fcl\u0151 \u00fcnnepi rep\u00fcl\u0151nap els\u0151 napj\u00e1n. vagy Kir\u00e1ndul\u00e1s a kempingt\u0151l 80 km-re fekv\u0151 fest\u0151i Bracciano t\u00f3hoz a.) l\u00e1togat\u00e1s Olaszorsz\u00e1g legnagyobb \u00e9s legjelent\u0151sebb rep\u00fcl\u0151g\u00e9p m\u00fazeum\u00e1ba: MUSEO STORICO AERONAUTICA MILITARE. Bel\u00e9p\u00e9s: d\u00edjtalan! b.) a Bracciano v\u00e1ros\u00e1ban tal\u00e1lhat\u00f3 Orsini-Odescacchi kast\u00e9ly \u00e9s az eredeti \u00e1llapotban megmaradt k\u00f6z\u00e9pkori kisv\u00e1ros megtekint\u00e9se. Bel\u00e9p\u0151 a kast\u00e9lyba: 10 \u20ac A kir\u00e1ndul\u00e1s k\u00f6lts\u00e9ge: 5 \u20ac 4. nap \u00e9s 5. nap: j\u00fanius 17-18. Mindk\u00e9t napon r\u00f3mai v\u00e1rosn\u00e9z\u00e9sen vehetnek r\u00e9szt Tisztelt Utasaink idegenvezet\u0151nk seg\u00edts\u00e9g\u00e9vel. Els\u0151 r\u00f3mai napunkon: 3 \u00f3r\u00e1s idegenvezet\u00e9s az ANTIK R\u00d3MA-ban. Piazza Venezia-Capitoliumi t\u00e9r &#8211; Forum Romanum \u00a0&#8211; Cs\u00e1sz\u00e1ri f\u00f3rumok -Constantinus diadalkapu- Colosseum k\u00edv\u00fclr\u0151l. (nincs bel\u00e9p\u0151) M\u00e1sodik r\u00f3mai napunkon: BAROKK ROMA: Spanyol-l\u00e9pcs\u0151, Caff\u00e8 Greco (Italia els\u0151 k\u00e1v\u00e9h\u00e1za) Trevi-k\u00fat, Galleria Alberto Sordi ( z\u00e1rt bev\u00e1s\u00e1rl\u00f3udvar, melyet 2000-ben nyitottak meg), Colonna t\u00e9r- Marcus Aurelius diadaloszlopa- Parlament -Minisztertan\u00e1cs \u00e9p\u00fclete Hadrianus cs\u00e1sz\u00e1r temploma-Pantheon-Navona-ter&#8230;. Mindk\u00e9t nap d\u00e9lut\u00e1n szabadid\u0151 keret\u00e9ben felfedezhetj\u00fck a minket m\u00e9g \u00e9rdekl\u0151 tov\u00e1bbi l\u00e1tnival\u00f3kat: Pl.:Szent P\u00e9ter Bazilika \u00e9s t\u00e9r, Passetto (\u00e1tj\u00e1r\u00f3 a Vatik\u00e1n \u00e9s az Angyalv\u00e1r k\u00f6z\u00f6tt) \u00e9s az Angyalv\u00e1r Utaz\u00e1s R\u00f3m\u00e1ba mindk\u00e9t napon a k\u00f6vetkez\u0151k szerint: reggel 7:30-kor indul\u00e1s aut\u00f3busszal a k\u00f6zeli helyi\u00e9rdek\u0171 vas\u00fat \u00e1llom\u00e1sra. Utaz\u00e1s R\u00f3ma Termini p\u00e1lyaudvarra vonattal, majd metr\u00f3val R\u00f3ma belv\u00e1ros\u00e1ba, ahol tal\u00e1lkozunk a helyi idegenvezet\u0151nkkel. A v\u00e1rosn\u00e9z\u00e9s \u00e9s a szabad program ut\u00e1n 18:00-kor gy\u00fclekez\u00e9s a Termini p\u00e1lyaudvaron, majd visszautaz\u00e1s a campingbe vonaton \u00e9s buszon! FONTOS! a sz\u00fcks\u00e9ges vas\u00fati jegyek \u00e9s metr\u00f3jegyek \u00e1r\u00e1t a r\u00e9szv\u00e9teli d\u00edj nem tartalmazza! 6. nap: j\u00fanius 19. Reggel a sz\u00e1ll\u00e1sok elhagy\u00e1sa ut\u00e1n hazafel\u00e9 indulunk. \u00datk\u00f6zben mintegy 2 \u00f3r\u00e1s s\u00e9ta \u00e9s szabadid\u0151 Orvieto-ban. Folyamatos utaz\u00e1s, r\u00f6vid pihen\u0151kkel, \u00e9jszaka a buszon. (R\u00f3ma-Ostia \u2013 Budapest kb. 1350 km) 7. nap: j\u00fanius 20. \u00c9rkez\u00e9s Budapestre a reggeli \u00f3r\u00e1kban, lesz\u00e1ll\u00e1si lehet\u0151s\u00e9g az aut\u00f3buszr\u00f3l, a felsz\u00e1ll\u00e1ssal megegyez\u0151 helyeken. R\u00e9szv\u00e9teli d\u00edj:\u00a0 174 000 Ft\/f\u0151 Egy\u00e1gyas fel\u00e1r: 90 000 Ft \u00a0\u00a0\u00a0\u00a0\u00a0\u00a0\u00a0\u00a0\u00a0\u00a0\u00a0\u00a0\u00a0\u00a0\u00a0\u00a0\u00a0\u00a0\u00a0\u00a0\u00a0\u00a0\u00a0\u00a0\u00a0\u00a0\u00a0\u00a0\u00a0\u00a0\u00a0\u00a0\u00a0\u00a0\u00a0\u00a0\u00a0\u00a0 Aj\u00e1nlott k\u00f6lt\u0151p\u00e9nz bel\u00e9p\u0151kre: kb.70-80 \u20ac A r\u00e9szv\u00e9teli d\u00edj tartalmazza: a sz\u00e1ll\u00e1sk\u00f6lts\u00e9get, az aut\u00f3buszos utaz\u00e1s k\u00f6lts\u00e9geit. A r\u00e9szv\u00e9teli d\u00edj nem tartalmazza: az \u00e9tkez\u00e9st, a bel\u00e9p\u0151jegyeket \u00e9s a helyi idegenvezet\u0151 d\u00edj\u00e1t melyek a helysz\u00ednen fizetend\u0151k \u00e9s a BBP- biztos\u00edt\u00e1st \u00c1rainkat 400 Ft = 1 \u20ac \u00e1rfolyamig tudjuk garant\u00e1lni! \u00c9LM\u00c9NYEKBEN GAZDAG UTAZ\u00c1ST, KELLEMES KIKAPCSOL\u00d3D\u00c1ST K\u00cdV\u00c1NUNK!<\/p>\n","protected":false},"author":1,"featured_media":0,"parent":0,"menu_order":0,"comment_status":"closed","ping_status":"closed","template":"","meta":{"footnotes":""},"class_list":["post-6117","page","type-page","status-publish","hentry"],"_links":{"self":[{"href":"https:\/\/www.goforgo.hu\/index.php\/wp-json\/wp\/v2\/pages\/6117","targetHints":{"allow":["GET"]}}],"collection":[{"href":"https:\/\/www.goforgo.hu\/index.php\/wp-json\/wp\/v2\/pages"}],"about":[{"href":"https:\/\/www.goforgo.hu\/index.php\/wp-json\/wp\/v2\/types\/page"}],"author":[{"embeddable":true,"href":"https:\/\/www.goforgo.hu\/index.php\/wp-json\/wp\/v2\/users\/1"}],"replies":[{"embeddable":true,"href":"https:\/\/www.goforgo.hu\/index.php\/wp-json\/wp\/v2\/comments?post=6117"}],"version-history":[{"count":9,"href":"https:\/\/www.goforgo.hu\/index.php\/wp-json\/wp\/v2\/pages\/6117\/revisions"}],"predecessor-version":[{"id":6145,"href":"https:\/\/www.goforgo.hu\/index.php\/wp-json\/wp\/v2\/pages\/6117\/revisions\/6145"}],"wp:attachment":[{"href":"https:\/\/www.goforgo.hu\/index.php\/wp-json\/wp\/v2\/media?parent=6117"}],"curies":[{"name":"wp","href":"https:\/\/api.w.org\/{rel}","templated":true}]}}