{"id":686,"date":"2016-01-10T09:53:38","date_gmt":"2016-01-10T09:53:38","guid":{"rendered":"http:\/\/www.goforgo.hu\/?page_id=686"},"modified":"2017-01-20T21:01:14","modified_gmt":"2017-01-20T21:01:14","slug":"gorogorszag-2016","status":"publish","type":"page","link":"https:\/\/www.goforgo.hu\/index.php\/gorogorszag-2016\/","title":{"rendered":"G\u00f6r\u00f6gorsz\u00e1g 2017"},"content":{"rendered":"<h2><em><strong>Sz\u00e1ll\u00e1sok:<\/strong><\/em><\/h2>\n<h2><a href=\"https:\/\/www.goforgo.hu\/index.php\/sarti-2016\/\">Sarti<\/a><\/h2>\n<h2>Stavros<\/h2>\n<h2>Olympic Beach<\/h2>\n<h2>Nei Pori<\/h2>\n<p>&nbsp;<\/p>\n<p><a href=\"https:\/\/www.goforgo.hu\/index.php\/autobuszos-utazas-sarti-stavros-asprovalta\/\">\u00a0<\/a><a href=\"https:\/\/www.goforgo.hu\/wp-content\/uploads\/2016\/01\/13340555710.jpg\"><img loading=\"lazy\" decoding=\"async\" class=\"alignnone size-full wp-image-778\" src=\"https:\/\/www.goforgo.hu\/wp-content\/uploads\/2016\/01\/13340555710.jpg\" alt=\"13340555710\" width=\"620\" height=\"260\" \/><\/a><\/p>\n<h2><a href=\"https:\/\/www.goforgo.hu\/index.php\/autobuszos-utazas-sarti-stavros-asprovalta\/\">Aut\u00f3buszos utaz\u00e1s Sarti, Stavros \u00e9s Asprovalta<\/a><\/h2>\n<h2>Aut\u00f3buszos utaz\u00e1s Olympic Beach \u00e9s Nei Pori<\/h2>\n<p>&nbsp;<\/p>\n<p>&nbsp;<\/p>\n","protected":false},"excerpt":{"rendered":"<p>Sz\u00e1ll\u00e1sok: Sarti Stavros Olympic Beach Nei Pori &nbsp; \u00a0 Aut\u00f3buszos utaz\u00e1s Sarti, Stavros \u00e9s Asprovalta Aut\u00f3buszos utaz\u00e1s Olympic Beach \u00e9s Nei Pori &nbsp; &nbsp;<\/p>\n","protected":false},"author":1,"featured_media":0,"parent":0,"menu_order":0,"comment_status":"closed","ping_status":"closed","template":"","meta":{"footnotes":""},"class_list":["post-686","page","type-page","status-publish","hentry"],"_links":{"self":[{"href":"https:\/\/www.goforgo.hu\/index.php\/wp-json\/wp\/v2\/pages\/686","targetHints":{"allow":["GET"]}}],"collection":[{"href":"https:\/\/www.goforgo.hu\/index.php\/wp-json\/wp\/v2\/pages"}],"about":[{"href":"https:\/\/www.goforgo.hu\/index.php\/wp-json\/wp\/v2\/types\/page"}],"author":[{"embeddable":true,"href":"https:\/\/www.goforgo.hu\/index.php\/wp-json\/wp\/v2\/users\/1"}],"replies":[{"embeddable":true,"href":"https:\/\/www.goforgo.hu\/index.php\/wp-json\/wp\/v2\/comments?post=686"}],"version-history":[{"count":16,"href":"https:\/\/www.goforgo.hu\/index.php\/wp-json\/wp\/v2\/pages\/686\/revisions"}],"predecessor-version":[{"id":2952,"href":"https:\/\/www.goforgo.hu\/index.php\/wp-json\/wp\/v2\/pages\/686\/revisions\/2952"}],"wp:attachment":[{"href":"https:\/\/www.goforgo.hu\/index.php\/wp-json\/wp\/v2\/media?parent=686"}],"curies":[{"name":"wp","href":"https:\/\/api.w.org\/{rel}","templated":true}]}}