{"id":7552,"date":"2025-10-24T15:27:28","date_gmt":"2025-10-24T15:27:28","guid":{"rendered":"https:\/\/www.goforgo.hu\/?page_id=7552"},"modified":"2025-10-24T21:12:50","modified_gmt":"2025-10-24T21:12:50","slug":"budvar-es-csiksomlyo-szecsei-miklossal","status":"publish","type":"page","link":"https:\/\/www.goforgo.hu\/index.php\/budvar-es-csiksomlyo-szecsei-miklossal\/","title":{"rendered":"Budv\u00e1r \u00e9s Cs\u00edksomly\u00f3 Szecsei Mikl\u00f3ssal"},"content":{"rendered":"\n<p>Budv\u00e1r, Cs\u00edksomly\u00f3, Gyergy\u00f3szentmikl\u00f3s, Madarasi Hargita<\/p>\n\n\n\n<figure class=\"wp-block-image size-large\"><a href=\"https:\/\/www.goforgo.hu\/wp-content\/uploads\/2025\/10\/collage-Buda-Hargita-Csiksomlyo-scaled.jpg\"><img loading=\"lazy\" decoding=\"async\" width=\"1024\" height=\"389\" src=\"https:\/\/www.goforgo.hu\/wp-content\/uploads\/2025\/10\/collage-Buda-Hargita-Csiksomlyo-1024x389.jpg\" alt=\"\" class=\"wp-image-7554\" srcset=\"https:\/\/www.goforgo.hu\/wp-content\/uploads\/2025\/10\/collage-Buda-Hargita-Csiksomlyo-1024x389.jpg 1024w, https:\/\/www.goforgo.hu\/wp-content\/uploads\/2025\/10\/collage-Buda-Hargita-Csiksomlyo-768x292.jpg 768w, https:\/\/www.goforgo.hu\/wp-content\/uploads\/2025\/10\/collage-Buda-Hargita-Csiksomlyo-1536x584.jpg 1536w, https:\/\/www.goforgo.hu\/wp-content\/uploads\/2025\/10\/collage-Buda-Hargita-Csiksomlyo-2048x779.jpg 2048w, https:\/\/www.goforgo.hu\/wp-content\/uploads\/2025\/10\/collage-Buda-Hargita-Csiksomlyo-1140x433.jpg 1140w\" sizes=\"auto, (max-width: 1024px) 100vw, 1024px\" \/><\/a><\/figure>\n\n\n\n<p><strong><em>K\u00c9PEINKET PROGRAMJAINKR\u00d3L A <\/em><\/strong><a href=\"http:\/\/www.forgotravel.hu\/\"><strong><em>WWW.GOFORGO.HU<\/em><\/strong><\/a><strong><em>\u2013 N TEKINTHETI MEG!<\/em><\/strong><\/p>\n\n\n\n<figure class=\"wp-block-table\"><table class=\"has-fixed-layout\"><tbody><tr><td><strong>Id\u0151pont:<\/strong><\/td><td colspan=\"2\">2025.11.17-21.<\/td><td>pozic\u00ed\u00f3 sz\u00e1m:<\/td><td colspan=\"3\">25\/EBC\/03<\/td><td>&nbsp;<\/td><\/tr><tr><td colspan=\"8\">\u00fatvonal: Budapest \u2013 Sz\u00e9kelyudvarhely \u2013 Cs\u00edksomly\u00f3 \u2013 Cs\u00edkszereda \u2013 Gyergy\u00f3szentmikl\u00f3s \u2013 Hargita &#8211; Marosv\u00e1s\u00e1rhely &nbsp;&nbsp;\u2013 &nbsp;Budapest (kb. 1900 km)<\/td><\/tr><tr><td><strong>Utaz\u00e1s:<\/strong><\/td><td colspan=\"4\">az utasl\u00e9tsz\u00e1mnak megfelel\u0151 aut\u00f3busszal<\/td><td><strong>Ell\u00e1t\u00e1s:<\/strong><\/td><td colspan=\"2\">f\u00e9lpanzi\u00f3 (4 x reggeli+ 4 x vacsora)<\/td><\/tr><tr><td><strong>Id\u0151tartam<\/strong><\/td><td>5 nap \/4 \u00e9jszaka<\/td><td colspan=\"2\"><strong>Idegenvezet\u00e9s:&nbsp;&nbsp;&nbsp;<\/strong><\/td><td colspan=\"4\">v\u00e9gig a program alatt \u00e9s helyi<\/td><\/tr><\/tbody><\/table><\/figure>\n\n\n\n<p><strong><u>PROGRAM:<\/u><\/strong><\/p>\n\n\n\n<p><strong>1. nap: 2025.11.17.<\/strong><\/p>\n\n\n\n<p><strong>&nbsp;&nbsp; <\/strong><strong>Indul\u00e1s:&nbsp; 6:00-kor Budapest, \u00dcll\u0151i \u00fat 137<\/strong> (Ecseri \u00fati OMV benzink\u00fat, kifel\u00e9 vezet\u0151 oldal\u00e1n)<\/p>\n\n\n\n<p>Utaz\u00e1s, r\u00f6vid pihen\u0151kkel Sz\u00e9kelyszentl\u00e9lekig. A nap sor\u00e1n hosszabb pihen\u0151t a B\u00e1ns\u00e1g f\u0151v\u00e1ros\u00e1ban Temesv\u00e1ron tartunk. Sz\u00e1ll\u00e1sunkra az esti \u00f3r\u00e1kban \u00e9rkez\u00fcnk. Sz\u00e9kelyszentl\u00e9leket magyar csal\u00e1di panzi\u00f3ban t\u00f6lt\u00fcnk el 4 \u00e9jszak\u00e1t, ell\u00e1t\u00e1sunk reggeli \u00e9s vacsora. (680 km)<\/p>\n\n\n\n<figure class=\"wp-block-image size-full\"><a href=\"https:\/\/www.goforgo.hu\/wp-content\/uploads\/2025\/10\/Becsali.jpg\"><img loading=\"lazy\" decoding=\"async\" width=\"960\" height=\"720\" src=\"https:\/\/www.goforgo.hu\/wp-content\/uploads\/2025\/10\/Becsali.jpg\" alt=\"\" class=\"wp-image-7553\" srcset=\"https:\/\/www.goforgo.hu\/wp-content\/uploads\/2025\/10\/Becsali.jpg 960w, https:\/\/www.goforgo.hu\/wp-content\/uploads\/2025\/10\/Becsali-768x576.jpg 768w\" sizes=\"auto, (max-width: 960px) 100vw, 960px\" \/><\/a><\/figure>\n\n\n\n<p><strong>2. nap:2025.11.18<\/strong>. Reggeli ut\u00e1n indulunk, a k\u00f6zeli Sz\u00e9kelyudvarhely mellett \u00e1ll\u00f3 625 m magas szikl\u00e1n \u00e9p\u00fclt Budv\u00e1rra. A v\u00e1rost\u00f3l alig negyed\u00f3ra j\u00e1r\u00e1sra a&nbsp;K\u00fck\u00fcll\u0151&nbsp;jobbpartj\u00e1n a Budhegy tetej\u00e9n \u00e1llnak&nbsp;Budv\u00e1r&nbsp;romjai. A legenda szerint&nbsp;Buda&nbsp;vez\u00e9r \u00e9p\u00edttette, \u00e9s itt volt a&nbsp;hunokt\u00f3l&nbsp;elszakadt&nbsp;sz\u00e9kelyek&nbsp;vez\u00e9r\u00e9nek a sz\u00e9khelye. A sz\u00e9kelyek itt k\u00f6t\u00f6ttek sz\u00f6vets\u00e9get&nbsp;\u00c1rp\u00e1ddal, aki t\u00f6rv\u00e9nyt adott nekik.&nbsp;<\/p>\n\n\n\n<figure class=\"wp-block-image size-large\"><a href=\"https:\/\/www.goforgo.hu\/wp-content\/uploads\/2025\/10\/budvar1600.jpg\"><img loading=\"lazy\" decoding=\"async\" width=\"1024\" height=\"576\" src=\"https:\/\/www.goforgo.hu\/wp-content\/uploads\/2025\/10\/budvar1600-1024x576.jpg\" alt=\"\" class=\"wp-image-7556\" srcset=\"https:\/\/www.goforgo.hu\/wp-content\/uploads\/2025\/10\/budvar1600-1024x576.jpg 1024w, https:\/\/www.goforgo.hu\/wp-content\/uploads\/2025\/10\/budvar1600-768x432.jpg 768w, https:\/\/www.goforgo.hu\/wp-content\/uploads\/2025\/10\/budvar1600-1536x864.jpg 1536w, https:\/\/www.goforgo.hu\/wp-content\/uploads\/2025\/10\/budvar1600-1140x641.jpg 1140w, https:\/\/www.goforgo.hu\/wp-content\/uploads\/2025\/10\/budvar1600.jpg 1600w\" sizes=\"auto, (max-width: 1024px) 100vw, 1024px\" \/><\/a><\/figure>\n\n\n\n<p>A dolgunk elv\u00e9gezte ut\u00e1n Cs\u00edksomly\u00f3 fel\u00e9 vessz\u00fck az ir\u00e1nyt. Most nem nincs ideje a B\u00facs\u00fanak, de nem is az a l\u00e9nyeg, hanem hogy felmenj\u00fcnk a Szent Szavator k\u00e1poln\u00e1hoz, ahol \u00e9lvezhetj\u00fck \u00e9s magunkba, aur\u00e1nkba sz\u00edvhatjuk a hely szellemis\u00e9g\u00e9t. Este visszat\u00e9r\u00fcnk sz\u00e1ll\u00e1sunkra. (160 km)<\/p>\n\n\n\n<figure class=\"wp-block-image size-large\"><a href=\"https:\/\/www.goforgo.hu\/wp-content\/uploads\/2025\/10\/Szent_Antal_kapolna-scaled.jpg\"><img loading=\"lazy\" decoding=\"async\" width=\"1024\" height=\"768\" src=\"https:\/\/www.goforgo.hu\/wp-content\/uploads\/2025\/10\/Szent_Antal_kapolna-1024x768.jpg\" alt=\"\" class=\"wp-image-7559\" srcset=\"https:\/\/www.goforgo.hu\/wp-content\/uploads\/2025\/10\/Szent_Antal_kapolna-1024x768.jpg 1024w, https:\/\/www.goforgo.hu\/wp-content\/uploads\/2025\/10\/Szent_Antal_kapolna-768x576.jpg 768w, https:\/\/www.goforgo.hu\/wp-content\/uploads\/2025\/10\/Szent_Antal_kapolna-1536x1152.jpg 1536w, https:\/\/www.goforgo.hu\/wp-content\/uploads\/2025\/10\/Szent_Antal_kapolna-2048x1536.jpg 2048w, https:\/\/www.goforgo.hu\/wp-content\/uploads\/2025\/10\/Szent_Antal_kapolna-1140x855.jpg 1140w\" sizes=\"auto, (max-width: 1024px) 100vw, 1024px\" \/><\/a><\/figure>\n\n\n\n<p><strong>3. nap: 2025.11.19.<\/strong>\u00a0 Ma hosszabb t\u00far\u00e1ra v\u00e1llalkozunk, messzebb megy\u00fcnk, eg\u00e9szen Gyergy\u00f3szentmikl\u00f3sig. A v\u00e1ros hat\u00e1r\u00e1ban \u00e1ll a kicsinyke, de ann\u00e1l jelent\u0151sebb helyen \u00e9p\u00fclt Szent Anna k\u00e1polna. Ide megy\u00fcnk fel, majd a v\u00e1ros Arbor\u00e9tum\u00e1ban csatangolva megn\u00e9zz\u00fck a \u201efa\u00f3ri\u00e1st\u201d, az \u00c9szak-Amerik\u00e1b\u00f3l sz\u00e1rmaz\u00f3 mamut feny\u0151t.<\/p>\n\n\n<div class=\"wp-block-image\">\n<figure class=\"aligncenter size-full\"><a href=\"https:\/\/www.goforgo.hu\/wp-content\/uploads\/2025\/10\/szent-anna-kapolna.jpg\"><img loading=\"lazy\" decoding=\"async\" width=\"708\" height=\"472\" src=\"https:\/\/www.goforgo.hu\/wp-content\/uploads\/2025\/10\/szent-anna-kapolna.jpg\" alt=\"\" class=\"wp-image-7560\"\/><\/a><\/figure><\/div>\n\n\n<p>A v\u00e1rosk\u00e1t elhagyva Sz\u00e1rhegyre \u00e9rkez\u00fcnk, az egykori L\u00e1z\u00e1r csal\u00e1di b\u00edrtokra. Kast\u00e9lya l\u00e1togathat\u00f3. Este visszat\u00e9r\u00fcnk sz\u00e1ll\u00e1shely\u00fcnkre. (240 km)<\/p>\n\n\n\n<figure class=\"wp-block-image size-full\"><a href=\"https:\/\/www.goforgo.hu\/wp-content\/uploads\/2025\/10\/gyergyoszarhegy-lazar-kastely.jpg\"><img loading=\"lazy\" decoding=\"async\" width=\"1200\" height=\"630\" src=\"https:\/\/www.goforgo.hu\/wp-content\/uploads\/2025\/10\/gyergyoszarhegy-lazar-kastely.jpg\" alt=\"\" class=\"wp-image-7563\" srcset=\"https:\/\/www.goforgo.hu\/wp-content\/uploads\/2025\/10\/gyergyoszarhegy-lazar-kastely.jpg 1200w, https:\/\/www.goforgo.hu\/wp-content\/uploads\/2025\/10\/gyergyoszarhegy-lazar-kastely-1024x538.jpg 1024w, https:\/\/www.goforgo.hu\/wp-content\/uploads\/2025\/10\/gyergyoszarhegy-lazar-kastely-768x403.jpg 768w, https:\/\/www.goforgo.hu\/wp-content\/uploads\/2025\/10\/gyergyoszarhegy-lazar-kastely-1140x599.jpg 1140w\" sizes=\"auto, (max-width: 1200px) 100vw, 1200px\" \/><\/a><\/figure>\n\n\n\n<p><strong>4. nap: 2025.11.20.<\/strong> A mai napon a sz\u00e9kelyek szent hegye a c\u00e9lunk, azaz a Madarasi Hargita. Buszunk csak a hegy l\u00e1b\u00e1ig tud minket elvinni, ahol \u00e1tsz\u00e1llunk terepj\u00e1r\u00f3kra \u00e9s azok fogj\u00e1k a mened\u00e9kh\u00e1zig elsz\u00e1ll\u00edtani a csoportot. M\u00e9g \u00edgy is marad b\u0151ven t\u00e1vols\u00e1g ahhoz, hogy el\u00e9rj\u00fck a hegytet\u0151t, ahol kopjaf\u00e1k erdeje \u00e1ll. Id\u0151 f\u00fcggv\u00e9ny\u00e9ben (megl\u00e1tjuk, hogy \u00e9rkezik le a csapat a Hargit\u00e1r\u00f3l) terveinkben szerepel egy v\u00edzes\u00e9s megl\u00e1togat\u00e1sa nem messze innen, a Csorg\u00f3k\u0151. Este visszat\u00e9r\u00fcnk sz\u00e1ll\u00e1shely\u00fcnkre. (120 km)<\/p>\n\n\n\n<figure class=\"wp-block-image size-large\"><a href=\"https:\/\/www.goforgo.hu\/wp-content\/uploads\/2025\/10\/hargita-1.jpg\"><img loading=\"lazy\" decoding=\"async\" width=\"1024\" height=\"576\" src=\"https:\/\/www.goforgo.hu\/wp-content\/uploads\/2025\/10\/hargita-1-1024x576.jpg\" alt=\"\" class=\"wp-image-7564\" srcset=\"https:\/\/www.goforgo.hu\/wp-content\/uploads\/2025\/10\/hargita-1-1024x576.jpg 1024w, https:\/\/www.goforgo.hu\/wp-content\/uploads\/2025\/10\/hargita-1-768x432.jpg 768w, https:\/\/www.goforgo.hu\/wp-content\/uploads\/2025\/10\/hargita-1.jpg 1080w\" sizes=\"auto, (max-width: 1024px) 100vw, 1024px\" \/><\/a><\/figure>\n\n\n\n<p><strong>5. nap: 2025.11.21. <\/strong>Elj\u00f6tt a b\u00facs\u00fa ideje, indulunk hazafel\u00e9. \u00datk\u00f6zben hosszabb pihen\u0151t tartunk gondolataink \u00e9s \u00e9rz\u00e9seink rendez\u00e9s\u00e9re <strong>Marosv\u00e1s\u00e1rhelyen.<\/strong> S\u00e9t\u00e1nk sor\u00e1n megl\u00e1togatjuk: Kult\u00farpalot\u00e1t, a Teleki T\u00e9k\u00e1t, stb. Ezut\u00e1n folyamatos utaz\u00e1s, r\u00f6vid pihen\u0151kkel \u00e9r\u00fcnk Budapestre. (kb. 750 km) \u00c9rkez\u00e9s a k\u00e9s\u0151 esti \u00f3r\u00e1kban (10-11), lesz\u00e1ll\u00e1si lehet\u0151s\u00e9g a felsz\u00e1ll\u00e1ssal megegyez\u0151 helyen.<\/p>\n\n\n<div class=\"wp-block-image\">\n<figure class=\"aligncenter size-full\"><a href=\"https:\/\/www.goforgo.hu\/wp-content\/uploads\/2025\/10\/MC29_TELEKITEKA_1.jpg\"><img loading=\"lazy\" decoding=\"async\" width=\"441\" height=\"221\" src=\"https:\/\/www.goforgo.hu\/wp-content\/uploads\/2025\/10\/MC29_TELEKITEKA_1.jpg\" alt=\"\" class=\"wp-image-7565\"\/><\/a><\/figure><\/div>\n\n\n<h1 class=\"wp-block-heading has-text-align-center\">R\u00e9szv\u00e9teli d\u00edj: <em>&nbsp;145&nbsp;000 Ft + 50 \u20ac + 200 Lei<\/em><\/h1>\n\n\n\n<h3 class=\"wp-block-heading has-text-align-center\"><em>minimum l\u00e9tsz\u00e1m: 40 f\u0151<\/em><\/h3>\n\n\n\n<p><strong><em><u>A r\u00e9szv\u00e9teli d\u00edj tartalmazza<\/u><\/em><\/strong><strong><em>:<\/em><\/strong><em> a 4 \u00e9jszaka sz\u00e1ll\u00e1st Sz\u00e9kelyszentl\u00e9leken a Becsali Panzi\u00f3ban, 4 reggeli + 4 vacsora, az aut\u00f3buszos utaz\u00e1s minden k\u00f6lts\u00e9g\u00e9t, az idegenvezet\u00e9st az aut\u00f3buszon \u00e9s a helyi vezet\u00e9s d\u00edjaz\u00e1s\u00e1t, valamint a terepj\u00e1r\u00f3k b\u00e9rletid\u00edj\u00e1t.<\/em><\/p>\n\n\n\n<p><strong><em><u>A r\u00e9szv\u00e9teli d\u00edj nem tartalmazza<\/u><\/em><\/strong><strong><em>:<\/em><\/strong><em><\/em><\/p>\n\n\n\n<p><em>az esetleges bel\u00e9p\u0151jegyeket \u00e9s a BBP biztos\u00edt\u00e1st, (mely irod\u00e1nkban megk\u00f6thet\u0151) 3500 Ft<\/em><\/p>\n\n\n\n<p><strong>\u00c9LM\u00c9NYEKBEN&nbsp; GAZDAG&nbsp; UTAZ\u00c1ST,<em>&nbsp; <\/em>J\u00d3&nbsp; SZ\u00d3RAKOZ\u00c1ST K\u00cdV\u00c1NUNK!<\/strong><\/p>\n","protected":false},"excerpt":{"rendered":"<p>Budv\u00e1r, Cs\u00edksomly\u00f3, Gyergy\u00f3szentmikl\u00f3s, Madarasi Hargita K\u00c9PEINKET PROGRAMJAINKR\u00d3L A WWW.GOFORGO.HU\u2013 N TEKINTHETI MEG! Id\u0151pont: 2025.11.17-21. pozic\u00ed\u00f3 sz\u00e1m: 25\/EBC\/03 &nbsp; \u00fatvonal: Budapest \u2013 Sz\u00e9kelyudvarhely \u2013 Cs\u00edksomly\u00f3 \u2013 Cs\u00edkszereda \u2013 Gyergy\u00f3szentmikl\u00f3s \u2013 Hargita &#8211; Marosv\u00e1s\u00e1rhely &nbsp;&nbsp;\u2013 &nbsp;Budapest (kb. 1900 km) Utaz\u00e1s: az utasl\u00e9tsz\u00e1mnak megfelel\u0151 aut\u00f3busszal Ell\u00e1t\u00e1s: f\u00e9lpanzi\u00f3 (4 x reggeli+ 4 x vacsora) Id\u0151tartam 5 nap \/4 \u00e9jszaka Idegenvezet\u00e9s:&nbsp;&nbsp;&nbsp; v\u00e9gig a program alatt \u00e9s helyi PROGRAM: 1. nap: 2025.11.17. &nbsp;&nbsp; Indul\u00e1s:&nbsp; 6:00-kor Budapest, \u00dcll\u0151i \u00fat 137 (Ecseri \u00fati OMV benzink\u00fat, kifel\u00e9 vezet\u0151 oldal\u00e1n) Utaz\u00e1s, r\u00f6vid pihen\u0151kkel Sz\u00e9kelyszentl\u00e9lekig. A nap sor\u00e1n hosszabb pihen\u0151t a B\u00e1ns\u00e1g f\u0151v\u00e1ros\u00e1ban Temesv\u00e1ron tartunk. Sz\u00e1ll\u00e1sunkra az esti \u00f3r\u00e1kban \u00e9rkez\u00fcnk. Sz\u00e9kelyszentl\u00e9leket magyar csal\u00e1di panzi\u00f3ban t\u00f6lt\u00fcnk el 4 \u00e9jszak\u00e1t, ell\u00e1t\u00e1sunk reggeli \u00e9s vacsora. (680 km) 2. nap:2025.11.18. Reggeli ut\u00e1n indulunk, a k\u00f6zeli Sz\u00e9kelyudvarhely mellett \u00e1ll\u00f3 625 m magas szikl\u00e1n \u00e9p\u00fclt Budv\u00e1rra. A v\u00e1rost\u00f3l alig negyed\u00f3ra j\u00e1r\u00e1sra a&nbsp;K\u00fck\u00fcll\u0151&nbsp;jobbpartj\u00e1n a Budhegy tetej\u00e9n \u00e1llnak&nbsp;Budv\u00e1r&nbsp;romjai. A legenda szerint&nbsp;Buda&nbsp;vez\u00e9r \u00e9p\u00edttette, \u00e9s itt volt a&nbsp;hunokt\u00f3l&nbsp;elszakadt&nbsp;sz\u00e9kelyek&nbsp;vez\u00e9r\u00e9nek a sz\u00e9khelye. A sz\u00e9kelyek itt k\u00f6t\u00f6ttek sz\u00f6vets\u00e9get&nbsp;\u00c1rp\u00e1ddal, aki t\u00f6rv\u00e9nyt adott nekik.&nbsp; A dolgunk elv\u00e9gezte ut\u00e1n Cs\u00edksomly\u00f3 fel\u00e9 vessz\u00fck az ir\u00e1nyt. Most nem nincs ideje a B\u00facs\u00fanak, de nem is az a l\u00e9nyeg, hanem hogy felmenj\u00fcnk a Szent Szavator k\u00e1poln\u00e1hoz, ahol \u00e9lvezhetj\u00fck \u00e9s magunkba, aur\u00e1nkba sz\u00edvhatjuk a hely szellemis\u00e9g\u00e9t. Este visszat\u00e9r\u00fcnk sz\u00e1ll\u00e1sunkra. (160 km) 3. nap: 2025.11.19.\u00a0 Ma hosszabb t\u00far\u00e1ra v\u00e1llalkozunk, messzebb megy\u00fcnk, eg\u00e9szen Gyergy\u00f3szentmikl\u00f3sig. A v\u00e1ros hat\u00e1r\u00e1ban \u00e1ll a kicsinyke, de ann\u00e1l jelent\u0151sebb helyen \u00e9p\u00fclt Szent Anna k\u00e1polna. Ide megy\u00fcnk fel, majd a v\u00e1ros Arbor\u00e9tum\u00e1ban csatangolva megn\u00e9zz\u00fck a \u201efa\u00f3ri\u00e1st\u201d, az \u00c9szak-Amerik\u00e1b\u00f3l sz\u00e1rmaz\u00f3 mamut feny\u0151t. A v\u00e1rosk\u00e1t elhagyva Sz\u00e1rhegyre \u00e9rkez\u00fcnk, az egykori L\u00e1z\u00e1r csal\u00e1di b\u00edrtokra. Kast\u00e9lya l\u00e1togathat\u00f3. Este visszat\u00e9r\u00fcnk sz\u00e1ll\u00e1shely\u00fcnkre. (240 km) 4. nap: 2025.11.20. A mai napon a sz\u00e9kelyek szent hegye a c\u00e9lunk, azaz a Madarasi Hargita. Buszunk csak a hegy l\u00e1b\u00e1ig tud minket elvinni, ahol \u00e1tsz\u00e1llunk terepj\u00e1r\u00f3kra \u00e9s azok fogj\u00e1k a mened\u00e9kh\u00e1zig elsz\u00e1ll\u00edtani a csoportot. M\u00e9g \u00edgy is marad b\u0151ven t\u00e1vols\u00e1g ahhoz, hogy el\u00e9rj\u00fck a hegytet\u0151t, ahol kopjaf\u00e1k erdeje \u00e1ll. Id\u0151 f\u00fcggv\u00e9ny\u00e9ben (megl\u00e1tjuk, hogy \u00e9rkezik le a csapat a Hargit\u00e1r\u00f3l) terveinkben szerepel egy v\u00edzes\u00e9s megl\u00e1togat\u00e1sa nem messze innen, a Csorg\u00f3k\u0151. Este visszat\u00e9r\u00fcnk sz\u00e1ll\u00e1shely\u00fcnkre. (120 km) 5. nap: 2025.11.21. Elj\u00f6tt a b\u00facs\u00fa ideje, indulunk hazafel\u00e9. \u00datk\u00f6zben hosszabb pihen\u0151t tartunk gondolataink \u00e9s \u00e9rz\u00e9seink rendez\u00e9s\u00e9re Marosv\u00e1s\u00e1rhelyen. S\u00e9t\u00e1nk sor\u00e1n megl\u00e1togatjuk: Kult\u00farpalot\u00e1t, a Teleki T\u00e9k\u00e1t, stb. Ezut\u00e1n folyamatos utaz\u00e1s, r\u00f6vid pihen\u0151kkel \u00e9r\u00fcnk Budapestre. (kb. 750 km) \u00c9rkez\u00e9s a k\u00e9s\u0151 esti \u00f3r\u00e1kban (10-11), lesz\u00e1ll\u00e1si lehet\u0151s\u00e9g a felsz\u00e1ll\u00e1ssal megegyez\u0151 helyen. R\u00e9szv\u00e9teli d\u00edj: &nbsp;145&nbsp;000 Ft + 50 \u20ac + 200 Lei minimum l\u00e9tsz\u00e1m: 40 f\u0151 A r\u00e9szv\u00e9teli d\u00edj tartalmazza: a 4 \u00e9jszaka sz\u00e1ll\u00e1st Sz\u00e9kelyszentl\u00e9leken a Becsali Panzi\u00f3ban, 4 reggeli + 4 vacsora, az aut\u00f3buszos utaz\u00e1s minden k\u00f6lts\u00e9g\u00e9t, az idegenvezet\u00e9st az aut\u00f3buszon \u00e9s a helyi vezet\u00e9s d\u00edjaz\u00e1s\u00e1t, valamint a terepj\u00e1r\u00f3k b\u00e9rletid\u00edj\u00e1t. A r\u00e9szv\u00e9teli d\u00edj nem tartalmazza: az esetleges bel\u00e9p\u0151jegyeket \u00e9s a BBP biztos\u00edt\u00e1st, (mely irod\u00e1nkban megk\u00f6thet\u0151) 3500 Ft \u00c9LM\u00c9NYEKBEN&nbsp; GAZDAG&nbsp; UTAZ\u00c1ST,&nbsp; J\u00d3&nbsp; SZ\u00d3RAKOZ\u00c1ST K\u00cdV\u00c1NUNK!<\/p>\n","protected":false},"author":1,"featured_media":0,"parent":0,"menu_order":0,"comment_status":"closed","ping_status":"closed","template":"","meta":{"footnotes":""},"class_list":["post-7552","page","type-page","status-publish","hentry"],"_links":{"self":[{"href":"https:\/\/www.goforgo.hu\/index.php\/wp-json\/wp\/v2\/pages\/7552","targetHints":{"allow":["GET"]}}],"collection":[{"href":"https:\/\/www.goforgo.hu\/index.php\/wp-json\/wp\/v2\/pages"}],"about":[{"href":"https:\/\/www.goforgo.hu\/index.php\/wp-json\/wp\/v2\/types\/page"}],"author":[{"embeddable":true,"href":"https:\/\/www.goforgo.hu\/index.php\/wp-json\/wp\/v2\/users\/1"}],"replies":[{"embeddable":true,"href":"https:\/\/www.goforgo.hu\/index.php\/wp-json\/wp\/v2\/comments?post=7552"}],"version-history":[{"count":3,"href":"https:\/\/www.goforgo.hu\/index.php\/wp-json\/wp\/v2\/pages\/7552\/revisions"}],"predecessor-version":[{"id":7573,"href":"https:\/\/www.goforgo.hu\/index.php\/wp-json\/wp\/v2\/pages\/7552\/revisions\/7573"}],"wp:attachment":[{"href":"https:\/\/www.goforgo.hu\/index.php\/wp-json\/wp\/v2\/media?parent=7552"}],"curies":[{"name":"wp","href":"https:\/\/api.w.org\/{rel}","templated":true}]}}