{"id":7677,"date":"2026-01-30T12:55:28","date_gmt":"2026-01-30T12:55:28","guid":{"rendered":"https:\/\/www.goforgo.hu\/?page_id=7677"},"modified":"2026-04-03T10:05:16","modified_gmt":"2026-04-03T10:05:16","slug":"boszniai-piramisok-extra","status":"publish","type":"page","link":"https:\/\/www.goforgo.hu\/index.php\/boszniai-piramisok-extra\/","title":{"rendered":"Boszniai piramisok -extra"},"content":{"rendered":"\n<p class=\"has-text-align-center has-luminous-vivid-amber-color has-text-color has-link-color has-large-font-size wp-elements-53708af6ea1344b1b21baaf7f614c9c0\"><strong>id\u0151pontok:<\/strong><\/p>\n\n\n\n<p class=\"has-text-align-center has-luminous-vivid-amber-color has-text-color has-link-color has-large-font-size wp-elements-073da2973bb965d33946cb8083bdd968\"><strong>2026.04.07-11.<\/strong><\/p>\n\n\n\n<p class=\"has-text-align-center\"><\/p>\n\n\n\n<p>&nbsp;<\/p>\n\n\n\n<p><strong>\u00datvonal&nbsp;&nbsp;&nbsp; :<\/strong>&nbsp;Budapest \u2013 Udvar \u2013 Esz\u00e9k \u2013 Zavidovici \u2013 Visoko \u2013 Mostar \u2013 Budapest&nbsp; kb. 1600 km<\/p>\n\n\n\n<p><strong>Utaz\u00e1s&nbsp;&nbsp;&nbsp;&nbsp;&nbsp; :<\/strong>&nbsp;&nbsp;17 f\u0151s aut\u00f3busszal<\/p>\n\n\n\n<p><strong>Ell\u00e1t\u00e1s:<\/strong>&nbsp;f\u00e9lpanzi\u00f3 (4 x reggeli+ 4 x vacsora)<\/p>\n\n\n\n<p><strong>Id\u0151tartam:&nbsp;&nbsp;<\/strong>&nbsp;5 nap \/4 \u00e9jszaka<\/p>\n\n\n\n<p><strong>Idegenvezet\u00e9s:&nbsp;&nbsp;&nbsp;<\/strong>&nbsp;helyi szak\u00e9rt\u0151k<\/p>\n\n\n\n<p><strong>1.nap<\/strong><br>Indul\u00e1s <strong>6 \u00f3rakor, az Ecseri \u00fati\u00a0 OMV benzink\u00fat parkol\u00f3j\u00e1b\u00f3l (\u00dcll\u0151i \u00fat 110.)<\/strong> (v\u00e1rosba <strong>befel\u00e9 vezet\u0151<\/strong>, templom fel\u0151li oldalon) \u00a0<\/p>\n\n\n\n<p><strong>Indul\u00e1s el\u0151tt min. 2 nappal k\u00e9rj\u00fck jelezni, hogy van-e ig\u00e9ny az \u00fatvonal mellett m\u00e1sik felsz\u00e1ll\u00e1si helyre!! <\/strong><\/p>\n\n\n\n<p>A magyar -horv\u00e1t, majd a horv\u00e1t-bosny\u00e1k hat\u00e1r \u00e1tl\u00e9p\u00e9se ut\u00e1n, d\u00e9lut\u00e1n \u00e9rkez\u00fcnk a Zavidovici \u00e9s Zepce v\u00e1rosok k\u00f6zel\u00e9ben felfedezett titokzatos k\u0151goly\u00f3khoz, ahol kb. 1,5 \u00f3ra \u00e1ll rendelkez\u00e9sre azok megtekint\u00e9s\u00e9re. Este \u00e9rkez\u00e9s a Szarajev\u00f3 k\u00fclv\u00e1ros\u00e1ban tal\u00e1lhat\u00f3 Hotelbe. Vacsora a sz\u00e1llod\u00e1ban. (kb. 550\u00a0km)<\/p>\n\n\n\n<p><br><strong>2.nap:<\/strong> Ezt a napot a \u201epiramisok v\u00f6lgy\u00e9ben\u201d t\u00f6ltj\u00fck, a rejt\u00e9lyes \u00e9p\u00edtm\u00e9nyek megismer\u00e9s\u00e9vel, felfedez\u00e9s\u00e9vel (a Visoko melletti piramisok v\u00f6lgye sz\u00e1ll\u00e1shely\u00fcnkt\u0151l mind\u00f6ssze 20 km-re fekszik)<\/p>\n\n\n\n<figure class=\"wp-block-image size-full\"><a href=\"https:\/\/www.goforgo.hu\/wp-content\/uploads\/2015\/10\/piramis-bosznia-3.jpg\"><img loading=\"lazy\" decoding=\"async\" width=\"830\" height=\"623\" src=\"https:\/\/www.goforgo.hu\/wp-content\/uploads\/2015\/10\/piramis-bosznia-3.jpg\" alt=\"\" class=\"wp-image-1830\" srcset=\"https:\/\/www.goforgo.hu\/wp-content\/uploads\/2015\/10\/piramis-bosznia-3.jpg 830w, https:\/\/www.goforgo.hu\/wp-content\/uploads\/2015\/10\/piramis-bosznia-3-300x225.jpg 300w, https:\/\/www.goforgo.hu\/wp-content\/uploads\/2015\/10\/piramis-bosznia-3-768x576.jpg 768w\" sizes=\"auto, (max-width: 830px) 100vw, 830px\" \/><\/a><\/figure>\n\n\n\n<p>A nap folyam\u00e1n a k\u00f6vetkez\u0151 l\u00e1tnival\u00f3k v\u00e1rj\u00e1k utasainkat:<\/p>\n\n\n\n<p>&#8211; Felt\u00e1rt alag\u00fat rendszer (kb. 2 \u00f3r\u00e1ban)<br>&#8211; Nap piramis cs\u00facsa<br>&#8211; Nap piramis, \u00e9szaki oldal, k\u00fcls\u0151 felt\u00e1r\u00e1sok<\/p>\n\n\n\n<p><strong>3.nap :<\/strong> Reggeli&nbsp;7.15-t\u0151l, majd indul\u00e1s 8.15-kor<br>Ezen a napon l\u00e9nyegesen t\u00f6bbet &#8211; mintegy&nbsp;360&nbsp;km-t &#8211; fogunk aut\u00f3busszal utazni! A program szerinti l\u00e1tnival\u00f3k:<\/p>\n\n\n<div class=\"wp-block-image\">\n<figure class=\"aligncenter size-full\"><a href=\"https:\/\/www.goforgo.hu\/wp-content\/uploads\/2017\/01\/boszniamostarRossHelen.jpgop630.jpg\"><img loading=\"lazy\" decoding=\"async\" width=\"630\" height=\"420\" src=\"https:\/\/www.goforgo.hu\/wp-content\/uploads\/2017\/01\/boszniamostarRossHelen.jpgop630.jpg\" alt=\"\" class=\"wp-image-2311\" srcset=\"https:\/\/www.goforgo.hu\/wp-content\/uploads\/2017\/01\/boszniamostarRossHelen.jpgop630.jpg 630w, https:\/\/www.goforgo.hu\/wp-content\/uploads\/2017\/01\/boszniamostarRossHelen.jpgop630-300x200.jpg 300w\" sizes=\"auto, (max-width: 630px) 100vw, 630px\" \/><\/a><\/figure><\/div>\n\n\n<p>&#8211;&nbsp;Stolac&nbsp;kisv\u00e1ros melletti fenns\u00edkon tal\u00e1lhat\u00f3 rejt\u00e9lyes Darson&nbsp;romv\u00e1ros. (kb. 1 \u00f3r\u00e1ban) az utols\u00f3 n\u00e9h\u00e1ny km-t itt mikr\u00f3 buszokkal&nbsp;ill.&nbsp;szem\u00e9lyg\u00e9pkocsikkal&nbsp;tessz\u00fck meg. (K\u00f6lts\u00e9ge a r\u00e9szv\u00e9teli d\u00edjban)<\/p>\n\n\n\n<p>&#8211; Stolac mellett, az \u0151si bogumil temet\u0151t l\u00e1togatjuk meg<\/p>\n\n\n\n<p>&#8211;&nbsp;Pocitej-ben&nbsp;egy \u00f3r\u00e1s pihen\u0151 &#8211;&nbsp;eb\u00e9del\u00e9si&nbsp;lehet\u0151s\u00e9g. (fest\u0151i, t\u00f6r\u00f6k id\u0151kb\u0151l sz\u00e1rmaz\u00f3 kis telep\u00fcl\u00e9s a Neretva partj\u00e1n),<\/p>\n\n\n\n<p>&#8211; Mostar, a h\u00edres t\u00f6r\u00f6kkori h\u00edd megtekint\u00e9se, k\u00e1v\u00e9, ill. fagyi sz\u00fcnet \u2013 kb 1 \u00f3r\u00e1ban! Indul\u00e1s 18 \u00f3rakor Szarajev\u00f3 fel\u00e9.<\/p>\n\n\n\n<p>Este kilenc k\u00f6r\u00fcl \u00e9rkez\u00e9s a hotelbe, majd vacsora.<\/p>\n\n\n\n<p><strong>4. nap: <\/strong>&nbsp;Ezt a napot ism\u00e9t a Visokoi Piramisok ter\u00fclet\u00e9n t\u00f6ltj\u00fck. A k\u00f6vetkez\u0151 helysz\u00edneket l\u00e1togatjuk meg:<\/p>\n\n\n\n<p>Medit\u00e1ci\u00f3 a k\u00fcl\u00f6nleges energi\u00e1kkal \u00e1tj\u00e1rt alag\u00fat rendszerben.<\/p>\n\n\n\n<p>&#8211; Hold piramis cs\u00facsa<br>&#8211; Forr\u00e1sv\u00edz felv\u00e9tel a Hold piramis t\u00f6v\u00e9ben<\/p>\n\n\n\n<p>&#8211; Tumulus<\/p>\n\n\n\n<p>FIGYELEM! <strong>Szem\u00e9lyenk\u00e9nt max. 2-3 liter forr\u00e1sv\u00edz v\u00e9tel\u00e9re van lehet\u0151s\u00e9g \u00e9s id\u0151.<\/strong> <strong>A vizet csak z\u00e1rhat\u00f3 \u00fcvegben, m\u0171anyag flakonban tudjuk a buszba tenni!<\/strong><\/p>\n\n\n\n<figure class=\"wp-block-image size-large\"><a href=\"https:\/\/www.goforgo.hu\/wp-content\/uploads\/2022\/03\/Bosznia-3.jpg\"><img loading=\"lazy\" decoding=\"async\" width=\"1024\" height=\"768\" src=\"https:\/\/www.goforgo.hu\/wp-content\/uploads\/2022\/03\/Bosznia-3-1024x768.jpg\" alt=\"\" class=\"wp-image-5774\" srcset=\"https:\/\/www.goforgo.hu\/wp-content\/uploads\/2022\/03\/Bosznia-3-1024x768.jpg 1024w, https:\/\/www.goforgo.hu\/wp-content\/uploads\/2022\/03\/Bosznia-3-300x225.jpg 300w, https:\/\/www.goforgo.hu\/wp-content\/uploads\/2022\/03\/Bosznia-3-768x576.jpg 768w, https:\/\/www.goforgo.hu\/wp-content\/uploads\/2022\/03\/Bosznia-3-1536x1152.jpg 1536w, https:\/\/www.goforgo.hu\/wp-content\/uploads\/2022\/03\/Bosznia-3.jpg 1600w\" sizes=\"auto, (max-width: 1024px) 100vw, 1024px\" \/><\/a><\/figure>\n\n\n\n<p>17 \u00f3rakor vacsora a sz\u00e1llod\u00e1ban, majd indul\u00e1s&nbsp;Szarajev\u00f3ba. A f\u0151v\u00e1rosban mintegy 2,5 \u00f3r\u00e1s s\u00e9ta keret\u00e9ben ismerkedhetnek meg a fontosabb&nbsp;l\u00e1tnival\u00f3kkal.<br>Visszaindul\u00e1s&nbsp;a hotelhez 21 -kor! (\u00d6sszesen kb 80 km)<br><strong>5. nap: <\/strong>&nbsp;8:00-kor reggeli, majd bepakol\u00e1s a buszba. 9-kor indul\u00e1s hazafel\u00e9! Ezen a napon Boszni\u00e1ban m\u00e9g egy l\u00e1tnival\u00f3 v\u00e1rja tisztelt utasainkat: Bikaci falu melletti erd\u0151ben fellelt titokzatos obeliszk.<\/p>\n\n\n\n<p>Ezek ut\u00e1n a sz\u00fcks\u00e9ges meg\u00e1ll\u00f3k (hat\u00e1rok, pihen\u0151helyek) kiv\u00e9tel\u00e9vel folyamatos utaz\u00e1s Budapestre. \u00c9rkez\u00e9s a k\u00e9s\u0151 esti \u00f3r\u00e1kban!&nbsp; Lesz\u00e1ll\u00e1si lehet\u0151s\u00e9g az aut\u00f3buszr\u00f3l a felsz\u00e1ll\u00e1ssal megegyez\u0151 helyeken!&nbsp;<\/p>\n\n\n\n<h1 class=\"wp-block-heading has-text-align-center\">R\u00e9szv\u00e9teli d\u00edj:&nbsp;<em>&nbsp;69 000 Ft + 555 \u20ac<\/em><\/h1>\n\n\n\n<p><strong><em>minimum l\u00e9tsz\u00e1m: 12 f\u0151 (ez alatt a l\u00e9tsz\u00e1m alatt a kis buszos programot nemj tudjuk ind\u00edtani)<\/em><\/strong><\/p>\n\n\n\n<p><strong><em><u>A r\u00e9szv\u00e9teli d\u00edj tartalmazza<\/u><\/em><\/strong><strong><em>:<\/em><\/strong><em> a <\/em><em>4<\/em><em> \u00e9jszaka sz\u00e1ll\u00e1st, <\/em><em>4<\/em><em> reggeli + <\/em><em>4<\/em><em> vacsora, az \u00f6sszes bel\u00e9p\u0151t, helyi idegenvezet\u0151k \u00e9s az \u00e1sat\u00e1son kutat\u00f3 munkat\u00e1rsak d\u00edjaz\u00e1s\u00e1t, \u00e9s az aut\u00f3buszos utaz\u00e1s minden k\u00f6lts\u00e9g\u00e9t.<\/em><\/p>\n\n\n\n<p><strong><em><u>A r\u00e9szv\u00e9teli d\u00edj nem tartalmazza<\/u><\/em><\/strong><strong><em>:<\/em><\/strong><em> a BBP biztos\u00edt\u00e1st, (mely irod\u00e1nkban megk\u00f6thet\u0151), utal\u00e1s eset\u00e9n 5 \u20ac banki k\u00f6lts\u00e9get, a tov\u00e1bbi \u00e9tkez\u00e9sek k\u00f6lts\u00e9g\u00e9t <strong>\u00e9s a sarajev\u00f3i s\u00f6r\u00f6z\u00e9st<\/strong><\/em><\/p>\n\n\n\n<p><strong>\u00c9LM\u00c9NYEKBEN&nbsp; GAZDAG&nbsp; UTAZ\u00c1ST,<em>&nbsp; <\/em>J\u00d3&nbsp; SZ\u00d3RAKOZ\u00c1ST K\u00cdV\u00c1NUNK!<\/strong><\/p>\n\n\n\n<p><strong>Jelentkez\u00e9s on-line:  <a href=\"https:\/\/www.goforgo.hu\/index.php\/online-jelentkezes\/\" data-type=\"page\" data-id=\"37\">on-line<\/a> <\/strong>vagy <a href=\"mailto:info@goforgo.hu\"><strong>info@goforgo.hu<\/strong><\/a><\/p>\n\n\n\n<p><\/p>\n\n\n<div class=\"wp-block-image\">\n<figure class=\"aligncenter size-full\"><a href=\"https:\/\/www.goforgo.hu\/wp-content\/uploads\/2023\/03\/1-fenysugar_300.jpg\"><img loading=\"lazy\" decoding=\"async\" width=\"300\" height=\"400\" src=\"https:\/\/www.goforgo.hu\/wp-content\/uploads\/2023\/03\/1-fenysugar_300.jpg\" alt=\"\" class=\"wp-image-6074\"\/><\/a><\/figure><\/div>","protected":false},"excerpt":{"rendered":"<p>id\u0151pontok: 2026.04.07-11. &nbsp; \u00datvonal&nbsp;&nbsp;&nbsp; :&nbsp;Budapest \u2013 Udvar \u2013 Esz\u00e9k \u2013 Zavidovici \u2013 Visoko \u2013 Mostar \u2013 Budapest&nbsp; kb. 1600 km Utaz\u00e1s&nbsp;&nbsp;&nbsp;&nbsp;&nbsp; :&nbsp;&nbsp;17 f\u0151s aut\u00f3busszal Ell\u00e1t\u00e1s:&nbsp;f\u00e9lpanzi\u00f3 (4 x reggeli+ 4 x vacsora) Id\u0151tartam:&nbsp;&nbsp;&nbsp;5 nap \/4 \u00e9jszaka Idegenvezet\u00e9s:&nbsp;&nbsp;&nbsp;&nbsp;helyi szak\u00e9rt\u0151k 1.napIndul\u00e1s 6 \u00f3rakor, az Ecseri \u00fati\u00a0 OMV benzink\u00fat parkol\u00f3j\u00e1b\u00f3l (\u00dcll\u0151i \u00fat 110.) (v\u00e1rosba befel\u00e9 vezet\u0151, templom fel\u0151li oldalon) \u00a0 Indul\u00e1s el\u0151tt min. 2 nappal k\u00e9rj\u00fck jelezni, hogy van-e ig\u00e9ny az \u00fatvonal mellett m\u00e1sik felsz\u00e1ll\u00e1si helyre!! A magyar -horv\u00e1t, majd a horv\u00e1t-bosny\u00e1k hat\u00e1r \u00e1tl\u00e9p\u00e9se ut\u00e1n, d\u00e9lut\u00e1n \u00e9rkez\u00fcnk a Zavidovici \u00e9s Zepce v\u00e1rosok k\u00f6zel\u00e9ben felfedezett titokzatos k\u0151goly\u00f3khoz, ahol kb. 1,5 \u00f3ra \u00e1ll rendelkez\u00e9sre azok megtekint\u00e9s\u00e9re. Este \u00e9rkez\u00e9s a Szarajev\u00f3 k\u00fclv\u00e1ros\u00e1ban tal\u00e1lhat\u00f3 Hotelbe. Vacsora a sz\u00e1llod\u00e1ban. (kb. 550\u00a0km) 2.nap: Ezt a napot a \u201epiramisok v\u00f6lgy\u00e9ben\u201d t\u00f6ltj\u00fck, a rejt\u00e9lyes \u00e9p\u00edtm\u00e9nyek megismer\u00e9s\u00e9vel, felfedez\u00e9s\u00e9vel (a Visoko melletti piramisok v\u00f6lgye sz\u00e1ll\u00e1shely\u00fcnkt\u0151l mind\u00f6ssze 20 km-re fekszik) A nap folyam\u00e1n a k\u00f6vetkez\u0151 l\u00e1tnival\u00f3k v\u00e1rj\u00e1k utasainkat: &#8211; Felt\u00e1rt alag\u00fat rendszer (kb. 2 \u00f3r\u00e1ban)&#8211; Nap piramis cs\u00facsa&#8211; Nap piramis, \u00e9szaki oldal, k\u00fcls\u0151 felt\u00e1r\u00e1sok 3.nap : Reggeli&nbsp;7.15-t\u0151l, majd indul\u00e1s 8.15-korEzen a napon l\u00e9nyegesen t\u00f6bbet &#8211; mintegy&nbsp;360&nbsp;km-t &#8211; fogunk aut\u00f3busszal utazni! A program szerinti l\u00e1tnival\u00f3k: &#8211;&nbsp;Stolac&nbsp;kisv\u00e1ros melletti fenns\u00edkon tal\u00e1lhat\u00f3 rejt\u00e9lyes Darson&nbsp;romv\u00e1ros. (kb. 1 \u00f3r\u00e1ban) az utols\u00f3 n\u00e9h\u00e1ny km-t itt mikr\u00f3 buszokkal&nbsp;ill.&nbsp;szem\u00e9lyg\u00e9pkocsikkal&nbsp;tessz\u00fck meg. (K\u00f6lts\u00e9ge a r\u00e9szv\u00e9teli d\u00edjban) &#8211; Stolac mellett, az \u0151si bogumil temet\u0151t l\u00e1togatjuk meg &#8211;&nbsp;Pocitej-ben&nbsp;egy \u00f3r\u00e1s pihen\u0151 &#8211;&nbsp;eb\u00e9del\u00e9si&nbsp;lehet\u0151s\u00e9g. (fest\u0151i, t\u00f6r\u00f6k id\u0151kb\u0151l sz\u00e1rmaz\u00f3 kis telep\u00fcl\u00e9s a Neretva partj\u00e1n), &#8211; Mostar, a h\u00edres t\u00f6r\u00f6kkori h\u00edd megtekint\u00e9se, k\u00e1v\u00e9, ill. fagyi sz\u00fcnet \u2013 kb 1 \u00f3r\u00e1ban! Indul\u00e1s 18 \u00f3rakor Szarajev\u00f3 fel\u00e9. Este kilenc k\u00f6r\u00fcl \u00e9rkez\u00e9s a hotelbe, majd vacsora. 4. nap: &nbsp;Ezt a napot ism\u00e9t a Visokoi Piramisok ter\u00fclet\u00e9n t\u00f6ltj\u00fck. A k\u00f6vetkez\u0151 helysz\u00edneket l\u00e1togatjuk meg: Medit\u00e1ci\u00f3 a k\u00fcl\u00f6nleges energi\u00e1kkal \u00e1tj\u00e1rt alag\u00fat rendszerben. &#8211; Hold piramis cs\u00facsa&#8211; Forr\u00e1sv\u00edz felv\u00e9tel a Hold piramis t\u00f6v\u00e9ben &#8211; Tumulus FIGYELEM! Szem\u00e9lyenk\u00e9nt max. 2-3 liter forr\u00e1sv\u00edz v\u00e9tel\u00e9re van lehet\u0151s\u00e9g \u00e9s id\u0151. A vizet csak z\u00e1rhat\u00f3 \u00fcvegben, m\u0171anyag flakonban tudjuk a buszba tenni! 17 \u00f3rakor vacsora a sz\u00e1llod\u00e1ban, majd indul\u00e1s&nbsp;Szarajev\u00f3ba. A f\u0151v\u00e1rosban mintegy 2,5 \u00f3r\u00e1s s\u00e9ta keret\u00e9ben ismerkedhetnek meg a fontosabb&nbsp;l\u00e1tnival\u00f3kkal.Visszaindul\u00e1s&nbsp;a hotelhez 21 -kor! (\u00d6sszesen kb 80 km)5. nap: &nbsp;8:00-kor reggeli, majd bepakol\u00e1s a buszba. 9-kor indul\u00e1s hazafel\u00e9! Ezen a napon Boszni\u00e1ban m\u00e9g egy l\u00e1tnival\u00f3 v\u00e1rja tisztelt utasainkat: Bikaci falu melletti erd\u0151ben fellelt titokzatos obeliszk. Ezek ut\u00e1n a sz\u00fcks\u00e9ges meg\u00e1ll\u00f3k (hat\u00e1rok, pihen\u0151helyek) kiv\u00e9tel\u00e9vel folyamatos utaz\u00e1s Budapestre. \u00c9rkez\u00e9s a k\u00e9s\u0151 esti \u00f3r\u00e1kban!&nbsp; Lesz\u00e1ll\u00e1si lehet\u0151s\u00e9g az aut\u00f3buszr\u00f3l a felsz\u00e1ll\u00e1ssal megegyez\u0151 helyeken!&nbsp; R\u00e9szv\u00e9teli d\u00edj:&nbsp;&nbsp;69 000 Ft + 555 \u20ac minimum l\u00e9tsz\u00e1m: 12 f\u0151 (ez alatt a l\u00e9tsz\u00e1m alatt a kis buszos programot nemj tudjuk ind\u00edtani) A r\u00e9szv\u00e9teli d\u00edj tartalmazza: a 4 \u00e9jszaka sz\u00e1ll\u00e1st, 4 reggeli + 4 vacsora, az \u00f6sszes bel\u00e9p\u0151t, helyi idegenvezet\u0151k \u00e9s az \u00e1sat\u00e1son kutat\u00f3 munkat\u00e1rsak d\u00edjaz\u00e1s\u00e1t, \u00e9s az aut\u00f3buszos utaz\u00e1s minden k\u00f6lts\u00e9g\u00e9t. A r\u00e9szv\u00e9teli d\u00edj nem tartalmazza: a BBP biztos\u00edt\u00e1st, (mely irod\u00e1nkban megk\u00f6thet\u0151), utal\u00e1s eset\u00e9n 5 \u20ac banki k\u00f6lts\u00e9get, a tov\u00e1bbi \u00e9tkez\u00e9sek k\u00f6lts\u00e9g\u00e9t \u00e9s a sarajev\u00f3i s\u00f6r\u00f6z\u00e9st \u00c9LM\u00c9NYEKBEN&nbsp; GAZDAG&nbsp; UTAZ\u00c1ST,&nbsp; J\u00d3&nbsp; SZ\u00d3RAKOZ\u00c1ST K\u00cdV\u00c1NUNK! Jelentkez\u00e9s on-line: on-line vagy info@goforgo.hu<\/p>\n","protected":false},"author":1,"featured_media":0,"parent":0,"menu_order":0,"comment_status":"closed","ping_status":"closed","template":"","meta":{"footnotes":""},"class_list":["post-7677","page","type-page","status-publish","hentry"],"_links":{"self":[{"href":"https:\/\/www.goforgo.hu\/index.php\/wp-json\/wp\/v2\/pages\/7677","targetHints":{"allow":["GET"]}}],"collection":[{"href":"https:\/\/www.goforgo.hu\/index.php\/wp-json\/wp\/v2\/pages"}],"about":[{"href":"https:\/\/www.goforgo.hu\/index.php\/wp-json\/wp\/v2\/types\/page"}],"author":[{"embeddable":true,"href":"https:\/\/www.goforgo.hu\/index.php\/wp-json\/wp\/v2\/users\/1"}],"replies":[{"embeddable":true,"href":"https:\/\/www.goforgo.hu\/index.php\/wp-json\/wp\/v2\/comments?post=7677"}],"version-history":[{"count":7,"href":"https:\/\/www.goforgo.hu\/index.php\/wp-json\/wp\/v2\/pages\/7677\/revisions"}],"predecessor-version":[{"id":7926,"href":"https:\/\/www.goforgo.hu\/index.php\/wp-json\/wp\/v2\/pages\/7677\/revisions\/7926"}],"wp:attachment":[{"href":"https:\/\/www.goforgo.hu\/index.php\/wp-json\/wp\/v2\/media?parent=7677"}],"curies":[{"name":"wp","href":"https:\/\/api.w.org\/{rel}","templated":true}]}}