{"id":950,"date":"2016-01-22T07:36:56","date_gmt":"2016-01-22T07:36:56","guid":{"rendered":"http:\/\/www.goforgo.hu\/?page_id=950"},"modified":"2017-04-04T19:55:02","modified_gmt":"2017-04-04T19:55:02","slug":"ausztria","status":"publish","type":"page","link":"https:\/\/www.goforgo.hu\/index.php\/ausztria\/","title":{"rendered":"Ausztria"},"content":{"rendered":"<p><img loading=\"lazy\" decoding=\"async\" src=\"https:\/\/upload.wikimedia.org\/wikipedia\/commons\/thumb\/4\/41\/Flag_of_Austria.svg\/120px-Flag_of_Austria.svg.png\" srcset=\"\/\/upload.wikimedia.org\/wikipedia\/commons\/thumb\/4\/41\/Flag_of_Austria.svg\/180px-Flag_of_Austria.svg.png 1.5x, \/\/upload.wikimedia.org\/wikipedia\/commons\/thumb\/4\/41\/Flag_of_Austria.svg\/240px-Flag_of_Austria.svg.png 2x\" alt=\"Flag of\" width=\"120\" height=\"80\" data-file-width=\"900\" data-file-height=\"600\" \/><\/p>\n<h2><a href=\"https:\/\/www.goforgo.hu\/index.php\/becs-haladoknak\/\">B\u00e9cs \u2013 halad\u00f3knak<\/a><\/h2>\n<h2><a href=\"https:\/\/www.goforgo.hu\/index.php\/salzburg-es-kornyeke\/\">Salzburg \u00e9s k\u00f6rny\u00e9ke<\/a><\/h2>\n<h2 class=\"sw_s1_offer_item name\"><a href=\"https:\/\/www.goforgo.hu\/index.php\/regensburgba-hajoval-tuzijatek-a-dunan\/\" data-slimstat-clicked=\"false\" data-slimstat-type=\"2\" data-slimstat-tracking=\"false\" data-slimstat-callback=\"false\">Regensburgba haj\u00f3val, t\u0171zij\u00e1t\u00e9k a Niebelungengauban<\/a><\/h2>\n<h2 class=\"sw_s1_offer_title\"><a href=\"https:\/\/www.goforgo.hu\/index.php\/regensburgbol-hajoval-tuzijatek-a-wachauban\/\" data-slimstat-clicked=\"false\" data-slimstat-type=\"2\" data-slimstat-tracking=\"false\" data-slimstat-callback=\"false\">Haj\u00f3val Regensburgb\u00f3l Pozsonyba, Budapestre, napfordul\u00f3s t\u0171zij\u00e1t\u00e9k a Dun\u00e1n<\/a><\/h2>\n<h2 class=\"sw_s1_offer_item name\"><a href=\"https:\/\/www.goforgo.hu\/index.php\/budapest-passau-hajoval\/\" data-slimstat-clicked=\"false\" data-slimstat-type=\"2\" data-slimstat-tracking=\"false\" data-slimstat-callback=\"false\">Budapest \u2013 Passau haj\u00f3val<\/a><\/h2>\n<h2 class=\"sw_s1_offer_item name\"><a href=\"https:\/\/www.goforgo.hu\/index.php\/passau-budapest-hajoval\/\" data-slimstat-clicked=\"false\" data-slimstat-type=\"2\" data-slimstat-tracking=\"false\" data-slimstat-callback=\"false\">Passau-Budapest haj\u00f3val<\/a><\/h2>\n<h2><a href=\"https:\/\/www.goforgo.hu\/index.php\/ausztria-magyar-emlekhelyei\/\">Ausztria Magyar eml\u00e9khelyei<\/a><\/h2>\n<h2>A salzkammerguti tavakt\u00f3l a K\u00f6nigsee-ig<\/h2>\n<h2>K\u00f6z\u00e9pkori v\u00e1s\u00e1r \u00e9s Advent Aggsteinben<\/h2>\n<h2>Mikul\u00e1s napi csokiv\u00e1s\u00e1r \u00e9s a B\u00e9csi Adventi v\u00e1s\u00e1r<\/h2>\n<h2>Advent Schlosshofban \u00e9s B\u00e9csben<\/h2>\n<p><img loading=\"lazy\" decoding=\"async\" class=\"alignnone size-large wp-image-1215\" src=\"https:\/\/www.goforgo.hu\/wp-content\/uploads\/2016\/02\/museum_of_art_history___wien_1_by_pingallery-d477hk7-1024x650.jpg\" alt=\"museum_of_art_history___wien_1_by_pingallery-d477hk7\" width=\"1024\" height=\"650\" \/><\/p>\n","protected":false},"excerpt":{"rendered":"<p>B\u00e9cs \u2013 halad\u00f3knak Salzburg \u00e9s k\u00f6rny\u00e9ke Regensburgba haj\u00f3val, t\u0171zij\u00e1t\u00e9k a Niebelungengauban Haj\u00f3val Regensburgb\u00f3l Pozsonyba, Budapestre, napfordul\u00f3s t\u0171zij\u00e1t\u00e9k a Dun\u00e1n Budapest \u2013 Passau haj\u00f3val Passau-Budapest haj\u00f3val Ausztria Magyar eml\u00e9khelyei A salzkammerguti tavakt\u00f3l a K\u00f6nigsee-ig K\u00f6z\u00e9pkori v\u00e1s\u00e1r \u00e9s Advent Aggsteinben Mikul\u00e1s napi csokiv\u00e1s\u00e1r \u00e9s a B\u00e9csi Adventi v\u00e1s\u00e1r Advent Schlosshofban \u00e9s B\u00e9csben<\/p>\n","protected":false},"author":1,"featured_media":0,"parent":0,"menu_order":0,"comment_status":"closed","ping_status":"closed","template":"","meta":{"footnotes":""},"class_list":["post-950","page","type-page","status-publish","hentry"],"_links":{"self":[{"href":"https:\/\/www.goforgo.hu\/index.php\/wp-json\/wp\/v2\/pages\/950","targetHints":{"allow":["GET"]}}],"collection":[{"href":"https:\/\/www.goforgo.hu\/index.php\/wp-json\/wp\/v2\/pages"}],"about":[{"href":"https:\/\/www.goforgo.hu\/index.php\/wp-json\/wp\/v2\/types\/page"}],"author":[{"embeddable":true,"href":"https:\/\/www.goforgo.hu\/index.php\/wp-json\/wp\/v2\/users\/1"}],"replies":[{"embeddable":true,"href":"https:\/\/www.goforgo.hu\/index.php\/wp-json\/wp\/v2\/comments?post=950"}],"version-history":[{"count":13,"href":"https:\/\/www.goforgo.hu\/index.php\/wp-json\/wp\/v2\/pages\/950\/revisions"}],"predecessor-version":[{"id":3284,"href":"https:\/\/www.goforgo.hu\/index.php\/wp-json\/wp\/v2\/pages\/950\/revisions\/3284"}],"wp:attachment":[{"href":"https:\/\/www.goforgo.hu\/index.php\/wp-json\/wp\/v2\/media?parent=950"}],"curies":[{"name":"wp","href":"https:\/\/api.w.org\/{rel}","templated":true}]}}