{"id":990,"date":"2016-01-22T19:07:16","date_gmt":"2016-01-22T19:07:16","guid":{"rendered":"http:\/\/www.goforgo.hu\/?page_id=990"},"modified":"2020-01-26T17:51:01","modified_gmt":"2020-01-26T17:51:01","slug":"becs-haladoknak","status":"publish","type":"page","link":"https:\/\/www.goforgo.hu\/index.php\/becs-haladoknak\/","title":{"rendered":"B\u00e9cs &#8211; halad\u00f3knak"},"content":{"rendered":"<p class=\"western\" align=\"left\"><strong>Id\u0151pont: 2020.03.14. <\/strong>\u00a0\u00a0\u00a0\u00a0\u00a0\u00a0\u00a0\u00a0\u00a0\u00a0\u00a0\u00a0\u00a0\u00a0\u00a0 \u00a0 \u00a0 \u00a0 \u00a0<b>Poz\u00edci\u00f3sz\u00e1m:<\/b><b> 20<\/b>\/AWI\/01<\/p>\n<p class=\"western\"><b>Utaz\u00e1s:<\/b> az utasl\u00e9tsz\u00e1mnak megfelel\u0151 aut\u00f3busszal<\/p>\n<p class=\"western\" align=\"left\"><b>\u00datvonal: <\/b>Budapest \u2013 B\u00e9cs \u2013 Budapest (kb. 650 km)<\/p>\n<p class=\"western\"><b>Ell\u00e1t\u00e1s:<\/b> \u00f6nell\u00e1t\u00f3<\/p>\n<p class=\"western\"><a href=\"https:\/\/www.goforgo.hu\/index.php\/becs-a-csaszar-varos\/arsenal-heeresgeschichtliches_museum-1\/\" rel=\"attachment wp-att-2627\"><img loading=\"lazy\" decoding=\"async\" class=\"alignnone size-large wp-image-2627\" src=\"https:\/\/www.goforgo.hu\/wp-content\/uploads\/2016\/01\/Arsenal-Heeresgeschichtliches_Museum-1-1024x768.jpg\" alt=\"Arsenal-Heeresgeschichtliches_Museum-1\" width=\"1024\" height=\"768\" srcset=\"https:\/\/www.goforgo.hu\/wp-content\/uploads\/2016\/01\/Arsenal-Heeresgeschichtliches_Museum-1-1024x768.jpg 1024w, https:\/\/www.goforgo.hu\/wp-content\/uploads\/2016\/01\/Arsenal-Heeresgeschichtliches_Museum-1-300x225.jpg 300w, https:\/\/www.goforgo.hu\/wp-content\/uploads\/2016\/01\/Arsenal-Heeresgeschichtliches_Museum-1-768x576.jpg 768w\" sizes=\"auto, (max-width: 1024px) 100vw, 1024px\" \/><\/a><\/p>\n<p class=\"western\" align=\"center\"><span style=\"font-size: large;\"><u><b>PROGRAM:<\/b><\/u><\/span><\/p>\n<p class=\"western\"><b>Indul\u00e1s<\/b><i><u><b>:<\/b><\/u><\/i><\/p>\n<p class=\"western\"><b>6:00 \u2013 kor Pestszentl\u0151rinc, LIDL parkol\u00f3 (\u00dcll\u0151i \u00fat 379-381.)<\/b><\/p>\n<p class=\"western\"><b> 6:30-kor Budapest, Ecseri \u00fat, OMV benzink\u00fat, befel\u00e9 vezet\u0151 oldal<br \/>\n<\/b><\/p>\n<p align=\"justify\">Utaz\u00e1s r\u00f6vid pihen\u0151vel, \u00e9rkez\u00e9s<b> B\u00e9csbe,<\/b> a belv\u00e1ros\u00e1ba. Itt az ARSENAL-n\u00e1l sz\u00e1llunk ki, ahol megkezdj\u00fck ismerked\u00e9s\u00fcnket a cs\u00e1sz\u00e1ri v\u00e1rossal. Az Arsenal-t Ferenc J\u00f3zsef \u00e9p\u00edtette katonai akad\u00e9mia \u00e9s laktanya c\u00e9lj\u00e1b\u00f3l, ahol sok magyar is tanult \u00e9s szolg\u00e1lt. A mai Hadt\u00f6rt\u00e9neti M\u00fazeumban, sok-sok magyar eml\u00e9kkel is tal\u00e1lkozhatunk, t\u00f6bbek k\u00f6z\u00f6tt magyar husz\u00e1r egyenruh\u00e1kkal,\u00a0 a magyar kir\u00e1lyi test\u0151rs\u00e9g eml\u00e9keivel \u00e9s Horthy Mikl\u00f3s eredeti al\u00e1\u00edr\u00e1s\u00e1val ell\u00e1tott jelent\u00e9s\u00e9vel a csat\u00e1r\u00f3l, melyet a Novara parancsnokak\u00e9nt k\u00fcld\u00f6tt.<\/p>\n<p align=\"justify\"><a href=\"https:\/\/www.goforgo.hu\/index.php\/becs-a-csaszar-varos\/arsenal_heeresgeschichtliches_museum_feldherrenhalle\/\" rel=\"attachment wp-att-2628\"><img loading=\"lazy\" decoding=\"async\" class=\"alignnone size-full wp-image-2628\" src=\"https:\/\/www.goforgo.hu\/wp-content\/uploads\/2016\/01\/Arsenal_Heeresgeschichtliches_Museum_Feldherrenhalle.jpg\" alt=\"Arsenal_Heeresgeschichtliches_Museum_Feldherrenhalle\" width=\"1000\" height=\"668\" srcset=\"https:\/\/www.goforgo.hu\/wp-content\/uploads\/2016\/01\/Arsenal_Heeresgeschichtliches_Museum_Feldherrenhalle.jpg 1000w, https:\/\/www.goforgo.hu\/wp-content\/uploads\/2016\/01\/Arsenal_Heeresgeschichtliches_Museum_Feldherrenhalle-300x200.jpg 300w, https:\/\/www.goforgo.hu\/wp-content\/uploads\/2016\/01\/Arsenal_Heeresgeschichtliches_Museum_Feldherrenhalle-768x513.jpg 768w\" sizes=\"auto, (max-width: 1000px) 100vw, 1000px\" \/><\/a><\/p>\n<p align=\"justify\">Ezen a szombaton nagyszab\u00e1s\u00fa makett ki\u00e1ll\u00edt\u00e1st \u00e9s v\u00e1s\u00e1rt rendeznek a m\u00fazeum falai k\u00f6z\u00f6tt. A m\u00fazeum megtekint\u00e9se ut\u00e1n v\u00e9gig s\u00e9t\u00e1lunk a Belveder palota d\u00edszkertj\u00e9n, majd bemegy\u00fcnk a belv\u00e1rosba. Itt s\u00e9t\u00e1nk els\u0151 \u00e1llom\u00e1sa a Hofburg, az egykori cs\u00e1sz\u00e1ri palota-egy\u00fcttes, s benne a magyar palot\u00e1k.<\/p>\n<p><a href=\"https:\/\/www.goforgo.hu\/index.php\/becs-a-csaszar-varos\/\" rel=\"attachment wp-att-2629\"><img loading=\"lazy\" decoding=\"async\" class=\"size-large wp-image-2629\" src=\"https:\/\/www.goforgo.hu\/wp-content\/uploads\/2016\/01\/MKTestorpalota-1024x768.jpg\" alt=\"OLYMPUS DIGITAL CAMERA\" width=\"1024\" height=\"768\" srcset=\"https:\/\/www.goforgo.hu\/wp-content\/uploads\/2016\/01\/MKTestorpalota-1024x768.jpg 1024w, https:\/\/www.goforgo.hu\/wp-content\/uploads\/2016\/01\/MKTestorpalota-300x225.jpg 300w, https:\/\/www.goforgo.hu\/wp-content\/uploads\/2016\/01\/MKTestorpalota-768x576.jpg 768w\" sizes=\"auto, (max-width: 1024px) 100vw, 1024px\" \/><\/a><\/p>\n<p align=\"justify\">Tov\u00e1bb haladva megtekintj\u00fck a Magyar Kir\u00e1lyi Test\u0151rpalot\u00e1t, a Minorita-rendi templomot az egykori Magyar Kancell\u00e1ri\u00e1t (ma a nagyk\u00f6vets\u00e9g\u00fcnk), B\u00e9cs legr\u00e9gebbi templom\u00e1t, a Ruprechtskirch\u00e9t, a r\u00e9gi v\u00e1rosh\u00e1z\u00e1t \u00e9s az Anker \u00f3r\u00e1t. Szabadid\u0151 ut\u00e1n visszaindulunk Budapestre v\u00e1rhat\u00f3an az esti \u00f3r\u00e1kban \u00e9rkez\u00fcnk vissza. Lesz\u00e1ll\u00e1si lehet\u0151s\u00e9g a felsz\u00e1ll\u00e1ssal megegyez\u0151 helyeken.<\/p>\n<p align=\"justify\"><a href=\"https:\/\/www.goforgo.hu\/index.php\/becs-a-csaszar-varos\/ruprechtskirche\/\" rel=\"attachment wp-att-2630\"><img loading=\"lazy\" decoding=\"async\" class=\"size-full wp-image-2630 aligncenter\" src=\"https:\/\/www.goforgo.hu\/wp-content\/uploads\/2016\/01\/ruprechtskirche.jpg\" alt=\"ruprechtskirche\" width=\"640\" height=\"419\" srcset=\"https:\/\/www.goforgo.hu\/wp-content\/uploads\/2016\/01\/ruprechtskirche.jpg 640w, https:\/\/www.goforgo.hu\/wp-content\/uploads\/2016\/01\/ruprechtskirche-300x196.jpg 300w\" sizes=\"auto, (max-width: 640px) 100vw, 640px\" \/><\/a><\/p>\n<h2 class=\"western\" style=\"text-align: center;\"><span style=\"font-size: x-large;\">R\u00e9szv\u00e9teli d\u00edj: 7<\/span><span style=\"font-size: x-large;\">.<\/span><span style=\"font-size: x-large;\">5<\/span><span style=\"font-size: x-large;\">00 Ft\/f\u0151<\/span><\/h2>\n<p class=\"western\" align=\"left\"><span style=\"font-size: small;\"><u><b>A r\u00e9szv\u00e9teli d\u00edj tartalmazza: <\/b><\/u><\/span><span style=\"font-size: small;\"><i>aut\u00f3buszos utaz\u00e1s k\u00f6lts\u00e9geit.<\/i><\/span><\/p>\n<p class=\"western\" align=\"left\"><span style=\"font-size: small;\"><u><b>A r\u00e9szv\u00e9teli d\u00edj nem tartalmazza<\/b><\/u><\/span><span style=\"font-size: small;\"><u>:<\/u><\/span><span style=\"font-size: small;\"><i> a bel\u00e9p\u0151jegyeket, melyek a helysz\u00ednen fizetend\u0151k, a BBP \u2013 biztos\u00edt\u00e1st, mely irod\u00e1inkban megk\u00f6thet\u0151k.<\/i><\/span><\/p>\n<p class=\"western\" align=\"left\"><u><b>Kedvezm\u00e9nyek<\/b><\/u><span style=\"font-size: small;\"><u><b>:<\/b><\/u><\/span><i><b> <\/b><\/i><span style=\"font-size: small;\"><i>t\u00f6rzsutasoknak, di\u00e1koknak 18 \u00e9ves korig,65 \u00e9v feletti nyugd\u00edjasoknak 300 Ft<\/i><\/span><\/p>\n<p align=\"center\"><span style=\"font-size: medium;\"><span style=\"font-size: small;\"><b>\u00c9LM\u00c9NYEKBEN GAZDAG UTAZ\u00c1ST,<\/b><\/span><i><b> <\/b><\/i><span style=\"font-size: small;\"><b>J\u00d3 SZ\u00d3RAKOZ\u00c1ST K\u00cdV\u00c1NUNK!<\/b><\/span><\/span><\/p>\n","protected":false},"excerpt":{"rendered":"<p>Id\u0151pont: 2020.03.14. \u00a0\u00a0\u00a0\u00a0\u00a0\u00a0\u00a0\u00a0\u00a0\u00a0\u00a0\u00a0\u00a0\u00a0\u00a0 \u00a0 \u00a0 \u00a0 \u00a0Poz\u00edci\u00f3sz\u00e1m: 20\/AWI\/01 Utaz\u00e1s: az utasl\u00e9tsz\u00e1mnak megfelel\u0151 aut\u00f3busszal \u00datvonal: Budapest \u2013 B\u00e9cs \u2013 Budapest (kb. 650 km) Ell\u00e1t\u00e1s: \u00f6nell\u00e1t\u00f3 PROGRAM: Indul\u00e1s: 6:00 \u2013 kor Pestszentl\u0151rinc, LIDL parkol\u00f3 (\u00dcll\u0151i \u00fat 379-381.) 6:30-kor Budapest, Ecseri \u00fat, OMV benzink\u00fat, befel\u00e9 vezet\u0151 oldal Utaz\u00e1s r\u00f6vid pihen\u0151vel, \u00e9rkez\u00e9s B\u00e9csbe, a belv\u00e1ros\u00e1ba. Itt az ARSENAL-n\u00e1l sz\u00e1llunk ki, ahol megkezdj\u00fck ismerked\u00e9s\u00fcnket a cs\u00e1sz\u00e1ri v\u00e1rossal. Az Arsenal-t Ferenc J\u00f3zsef \u00e9p\u00edtette katonai akad\u00e9mia \u00e9s laktanya c\u00e9lj\u00e1b\u00f3l, ahol sok magyar is tanult \u00e9s szolg\u00e1lt. A mai Hadt\u00f6rt\u00e9neti M\u00fazeumban, sok-sok magyar eml\u00e9kkel is tal\u00e1lkozhatunk, t\u00f6bbek k\u00f6z\u00f6tt magyar husz\u00e1r egyenruh\u00e1kkal,\u00a0 a magyar kir\u00e1lyi test\u0151rs\u00e9g eml\u00e9keivel \u00e9s Horthy Mikl\u00f3s eredeti al\u00e1\u00edr\u00e1s\u00e1val ell\u00e1tott jelent\u00e9s\u00e9vel a csat\u00e1r\u00f3l, melyet a Novara parancsnokak\u00e9nt k\u00fcld\u00f6tt. Ezen a szombaton nagyszab\u00e1s\u00fa makett ki\u00e1ll\u00edt\u00e1st \u00e9s v\u00e1s\u00e1rt rendeznek a m\u00fazeum falai k\u00f6z\u00f6tt. A m\u00fazeum megtekint\u00e9se ut\u00e1n v\u00e9gig s\u00e9t\u00e1lunk a Belveder palota d\u00edszkertj\u00e9n, majd bemegy\u00fcnk a belv\u00e1rosba. Itt s\u00e9t\u00e1nk els\u0151 \u00e1llom\u00e1sa a Hofburg, az egykori cs\u00e1sz\u00e1ri palota-egy\u00fcttes, s benne a magyar palot\u00e1k. Tov\u00e1bb haladva megtekintj\u00fck a Magyar Kir\u00e1lyi Test\u0151rpalot\u00e1t, a Minorita-rendi templomot az egykori Magyar Kancell\u00e1ri\u00e1t (ma a nagyk\u00f6vets\u00e9g\u00fcnk), B\u00e9cs legr\u00e9gebbi templom\u00e1t, a Ruprechtskirch\u00e9t, a r\u00e9gi v\u00e1rosh\u00e1z\u00e1t \u00e9s az Anker \u00f3r\u00e1t. Szabadid\u0151 ut\u00e1n visszaindulunk Budapestre v\u00e1rhat\u00f3an az esti \u00f3r\u00e1kban \u00e9rkez\u00fcnk vissza. Lesz\u00e1ll\u00e1si lehet\u0151s\u00e9g a felsz\u00e1ll\u00e1ssal megegyez\u0151 helyeken. R\u00e9szv\u00e9teli d\u00edj: 7.500 Ft\/f\u0151 A r\u00e9szv\u00e9teli d\u00edj tartalmazza: aut\u00f3buszos utaz\u00e1s k\u00f6lts\u00e9geit. A r\u00e9szv\u00e9teli d\u00edj nem tartalmazza: a bel\u00e9p\u0151jegyeket, melyek a helysz\u00ednen fizetend\u0151k, a BBP \u2013 biztos\u00edt\u00e1st, mely irod\u00e1inkban megk\u00f6thet\u0151k. Kedvezm\u00e9nyek: t\u00f6rzsutasoknak, di\u00e1koknak 18 \u00e9ves korig,65 \u00e9v feletti nyugd\u00edjasoknak 300 Ft \u00c9LM\u00c9NYEKBEN GAZDAG UTAZ\u00c1ST, J\u00d3 SZ\u00d3RAKOZ\u00c1ST K\u00cdV\u00c1NUNK!<\/p>\n","protected":false},"author":1,"featured_media":0,"parent":0,"menu_order":0,"comment_status":"closed","ping_status":"closed","template":"","meta":{"footnotes":""},"class_list":["post-990","page","type-page","status-publish","hentry"],"_links":{"self":[{"href":"https:\/\/www.goforgo.hu\/index.php\/wp-json\/wp\/v2\/pages\/990","targetHints":{"allow":["GET"]}}],"collection":[{"href":"https:\/\/www.goforgo.hu\/index.php\/wp-json\/wp\/v2\/pages"}],"about":[{"href":"https:\/\/www.goforgo.hu\/index.php\/wp-json\/wp\/v2\/types\/page"}],"author":[{"embeddable":true,"href":"https:\/\/www.goforgo.hu\/index.php\/wp-json\/wp\/v2\/users\/1"}],"replies":[{"embeddable":true,"href":"https:\/\/www.goforgo.hu\/index.php\/wp-json\/wp\/v2\/comments?post=990"}],"version-history":[{"count":9,"href":"https:\/\/www.goforgo.hu\/index.php\/wp-json\/wp\/v2\/pages\/990\/revisions"}],"predecessor-version":[{"id":5340,"href":"https:\/\/www.goforgo.hu\/index.php\/wp-json\/wp\/v2\/pages\/990\/revisions\/5340"}],"wp:attachment":[{"href":"https:\/\/www.goforgo.hu\/index.php\/wp-json\/wp\/v2\/media?parent=990"}],"curies":[{"name":"wp","href":"https:\/\/api.w.org\/{rel}","templated":true}]}}